{"id":1133,"date":"2023-08-22T21:49:24","date_gmt":"2023-08-22T19:49:24","guid":{"rendered":"https:\/\/beta.esterhazywein.at\/?page_id=1133"},"modified":"2026-03-09T11:33:07","modified_gmt":"2026-03-09T10:33:07","slug":"impressionen","status":"publish","type":"page","link":"https:\/\/esterhazywein.at\/en\/impressionen\/","title":{"rendered":"Rieden &#8211; Impressionen"},"content":{"rendered":"<p>[et_pb_section fb_built=&#8220;1&#8243; _builder_version=&#8220;4.24.2&#8243; _module_preset=&#8220;default&#8220; custom_padding=&#8220;||0px||false|false&#8220; global_colors_info=&#8220;{}&#8220;][et_pb_row _builder_version=&#8220;4.27.4&#8243; _module_preset=&#8220;default&#8220; hover_enabled=&#8220;0&#8243; global_colors_info=&#8220;{}&#8220; custom_padding=&#8220;||0px||false|false&#8220; sticky_enabled=&#8220;0&#8243;][et_pb_column type=&#8220;4_4&#8243; _builder_version=&#8220;4.21.0&#8243; _module_preset=&#8220;default&#8220; global_colors_info=&#8220;{}&#8220;][et_pb_text _builder_version=&#8220;4.24.2&#8243; _module_preset=&#8220;default&#8220; header_2_font=&#8220;Corporate A bold||||||||&#8220; header_2_text_align=&#8220;center&#8220; header_2_font_size=&#8220;35px&#8220; custom_margin=&#8220;||-3px|||&#8220; global_colors_info=&#8220;{}&#8220;]<\/p>\n<h2>Pure Leithaberg<\/h2>\n<p>[\/et_pb_text][et_pb_divider divider_weight=&#8220;2px&#8220; _builder_version=&#8220;4.21.0&#8243; _module_preset=&#8220;default&#8220; width=&#8220;11%&#8220; module_alignment=&#8220;center&#8220; global_colors_info=&#8220;{}&#8220;][\/et_pb_divider][\/et_pb_column][\/et_pb_row][et_pb_row _builder_version=&#8220;4.21.0&#8243; _module_preset=&#8220;default&#8220; global_colors_info=&#8220;{}&#8220;][et_pb_column type=&#8220;4_4&#8243; _builder_version=&#8220;4.21.0&#8243; _module_preset=&#8220;default&#8220; global_colors_info=&#8220;{}&#8220;][et_pb_text _builder_version=&#8220;4.24.2&#8243; _module_preset=&#8220;default&#8220; text_font=&#8220;Futura LP Pro book||||||||&#8220; text_text_color=&#8220;#000000&#8243; text_font_size=&#8220;16px&#8220; text_line_height=&#8220;1.8em&#8220; text_orientation=&#8220;center&#8220; global_colors_info=&#8220;{}&#8220;]<\/p>\n<p><span>Um unsere Weinstilistik verwirklichen zu k\u00f6nnen, ist die Qualit\u00e4t der Trauben ein entscheidender Faktor. Aus diesem Grund werden die Weing\u00e4rten seit 2019 biologisch bewirtschaftet und seit 2023 sind sie zu hundert Prozent biologisch zeritifziert. <\/span><em>\"Our aim is to cultivate every single vine so individually and gently that it lives to be at least 100 years old.\" is winemaker Robert Krammer's credo.<\/em><span> ist Ticiana Nagy&#8217;s Credo. Dank sanftem Rebschnitt werden die Reben zus\u00e4tzlich gest\u00e4rkt und in Zusammenarbeit mit dem Bio-Landgut Esterhazy wird wertvoller Bio-Kompost in die Weing\u00e4rten ausgebracht, das Weingut steuert hierf\u00fcr beispielsweise die Trester bei. Die Weing\u00e4rten befinden sich in sechs unterschiedlichen Weinbaugemeinden \u2013 Grossh\u00f6flein, Sankt Georgen, Rust, Sankt Margarethen, Eisenstadt und Oslip. Daraus ergibt sich eine gro\u00dfe Vielfalt an B\u00f6den und Mikroklimas. Es ist uns ein gro\u00dfes Anliegen, diese Unterschiede herauszuarbeiten und den Charakter jeder Gemeinde in den Weinen erlebbar zu machen!<\/span><\/p>\n<p>[\/et_pb_text][\/et_pb_column][\/et_pb_row][et_pb_row _builder_version=&#8220;4.24.2&#8243; _module_preset=&#8220;default&#8220; global_colors_info=&#8220;{}&#8220;][et_pb_column type=&#8220;4_4&#8243; _builder_version=&#8220;4.24.2&#8243; _module_preset=&#8220;default&#8220; global_colors_info=&#8220;{}&#8220;][et_pb_button button_url=&#8220;https:\/\/esterhazywein.at\/rieden\/&#8220; button_text=&#8220;Zu unseren Rieden-Profilen&#8220; button_alignment=&#8220;center&#8220; _builder_version=&#8220;4.24.2&#8243; _module_preset=&#8220;default&#8220; custom_button=&#8220;on&#8220; button_text_size=&#8220;15px&#8220; button_text_color=&#8220;#000000&#8243; button_bg_color=&#8220;rgba(0,0,0,0)&#8220; button_border_color=&#8220;#280400&#8243; button_border_radius=&#8220;0px&#8220; button_font=&#8220;Futura LP Pro book||||||||&#8220; button_use_icon=&#8220;off&#8220; transform_translate=&#8220;-3px|-10px&#8220; custom_padding=&#8220;20px|50px|20px|50px|true|true&#8220; global_colors_info=&#8220;{}&#8220; button_text_color__hover=&#8220;#e8e2d7&#8243; button_text_color__hover_enabled=&#8220;on|desktop&#8220; button_bg_color__hover=&#8220;#280400&#8243; button_bg_color__hover_enabled=&#8220;on|hover&#8220;][\/et_pb_button][\/et_pb_column][\/et_pb_row][\/et_pb_section][et_pb_section fb_built=&#8220;1&#8243; disabled_on=&#8220;off|off|off&#8220; _builder_version=&#8220;4.27.4&#8243; _module_preset=&#8220;default&#8220; hover_enabled=&#8220;0&#8243; global_colors_info=&#8220;{}&#8220; custom_padding=&#8220;||100px||false|false&#8220; sticky_enabled=&#8220;0&#8243;][et_pb_row column_structure=&#8220;1_3,1_3,1_3&#8243; _builder_version=&#8220;4.24.2&#8243; _module_preset=&#8220;default&#8220; global_colors_info=&#8220;{}&#8220;][et_pb_column type=&#8220;1_3&#8243; _builder_version=&#8220;4.24.2&#8243; _module_preset=&#8220;default&#8220; global_colors_info=&#8220;{}&#8220;][et_pb_image src=&#8220;https:\/\/esterhazywein.at\/wp-content\/uploads\/2024\/10\/Impressionen-Weingarten-1.jpg&#8220; alt=&#8220;Nahaufnahme von gr\u00fcnen Weinreben, die an Dr\u00e4hten in einem Weinberg befestigt sind&#8220; title_text=&#8220;Impressionen-Weingarten-1&#8243; show_in_lightbox=&#8220;on&#8220; _builder_version=&#8220;4.24.2&#8243; _module_preset=&#8220;default&#8220; global_colors_info=&#8220;{}&#8220;][\/et_pb_image][\/et_pb_column][et_pb_column type=&#8220;1_3&#8243; _builder_version=&#8220;4.24.2&#8243; _module_preset=&#8220;default&#8220; global_colors_info=&#8220;{}&#8220;][et_pb_image src=&#8220;https:\/\/esterhazywein.at\/wp-content\/uploads\/2024\/10\/Impressionen-Weingarten-2.jpg&#8220; alt=&#8220;Eine sehr nah aufgenommene Traube von kleinen, gr\u00fcnen Weintrauben, die an einem Weinstock im Sonnenlicht h\u00e4ngen.&#8220; title_text=&#8220;Impressionen-Weingarten-2&#8243; show_in_lightbox=&#8220;on&#8220; _builder_version=&#8220;4.24.2&#8243; _module_preset=&#8220;default&#8220; global_colors_info=&#8220;{}&#8220;][\/et_pb_image][\/et_pb_column][et_pb_column type=&#8220;1_3&#8243; _builder_version=&#8220;4.24.2&#8243; _module_preset=&#8220;default&#8220; global_colors_info=&#8220;{}&#8220;][et_pb_image src=&#8220;https:\/\/esterhazywein.at\/wp-content\/uploads\/2024\/10\/Impressionen-Weingarten-3.jpg&#8220; alt=&#8220;Eine Luftaufnahme eines weitl\u00e4ufigen Weinbergs mit akkuraten Reihen von gr\u00fcnen Rebst\u00f6cken, der sich bis zum Horizont unter einem hellen Himmel erstreckt.&#8220; title_text=&#8220;Impressionen-Weingarten-3&#8243; show_in_lightbox=&#8220;on&#8220; _builder_version=&#8220;4.24.2&#8243; _module_preset=&#8220;default&#8220; global_colors_info=&#8220;{}&#8220;][\/et_pb_image][\/et_pb_column][\/et_pb_row][et_pb_row column_structure=&#8220;1_3,1_3,1_3&#8243; custom_padding_last_edited=&#8220;on|phone&#8220; _builder_version=&#8220;4.24.2&#8243; _module_preset=&#8220;default&#8220; custom_padding_tablet=&#8220;0px||||false|false&#8220; custom_padding_phone=&#8220;0px||||false|false&#8220; global_colors_info=&#8220;{}&#8220;][et_pb_column type=&#8220;1_3&#8243; _builder_version=&#8220;4.24.2&#8243; _module_preset=&#8220;default&#8220; global_colors_info=&#8220;{}&#8220;][et_pb_image src=&#8220;https:\/\/esterhazywein.at\/wp-content\/uploads\/2024\/10\/Impressionen-Weingarten-4.jpg&#8220; alt=&#8220;Eine Nahaufnahme eines kleinen Schneckenhauses, das auf einem Klumpen dunkler Erde liegt, neben einem unscharfen hellen Objekt.&#8220; title_text=&#8220;Impressionen-Weingarten-4&#8243; show_in_lightbox=&#8220;on&#8220; _builder_version=&#8220;4.24.2&#8243; _module_preset=&#8220;default&#8220; global_colors_info=&#8220;{}&#8220;][\/et_pb_image][\/et_pb_column][et_pb_column type=&#8220;1_3&#8243; _builder_version=&#8220;4.24.2&#8243; _module_preset=&#8220;default&#8220; global_colors_info=&#8220;{}&#8220;][et_pb_image src=&#8220;https:\/\/esterhazywein.at\/wp-content\/uploads\/2024\/10\/PANO0001-Pano-scaled-1.jpg&#8220; alt=&#8220;Eine weite Panorama-Luftaufnahme von landwirtschaftlichen Feldern und Weinbergen unter einem klaren blauen Himmel mit einem leichten Dunst am Horizont.&#8220; title_text=&#8220;PANO0001-Pano-scaled&#8220; show_in_lightbox=&#8220;on&#8220; _builder_version=&#8220;4.24.2&#8243; _module_preset=&#8220;default&#8220; global_colors_info=&#8220;{}&#8220;][\/et_pb_image][\/et_pb_column][et_pb_column type=&#8220;1_3&#8243; _builder_version=&#8220;4.24.2&#8243; _module_preset=&#8220;default&#8220; global_colors_info=&#8220;{}&#8220;][et_pb_image src=&#8220;https:\/\/esterhazywein.at\/wp-content\/uploads\/2024\/10\/Impressionen-Weingarten-5.jpg&#8220; alt=&#8220;Eine Nahaufnahme einer reifen, dunkelblauen Traube, die an einem Weinstock zwischen gr\u00fcnen Bl\u00e4ttern h\u00e4ngt.&#8220; title_text=&#8220;Impressionen-Weingarten-5&#8243; show_in_lightbox=&#8220;on&#8220; _builder_version=&#8220;4.24.2&#8243; _module_preset=&#8220;default&#8220; global_colors_info=&#8220;{}&#8220;][\/et_pb_image][\/et_pb_column][\/et_pb_row][et_pb_row column_structure=&#8220;1_3,1_3,1_3&#8243; custom_padding_last_edited=&#8220;on|phone&#8220; _builder_version=&#8220;4.24.2&#8243; _module_preset=&#8220;default&#8220; custom_padding_tablet=&#8220;0px||||false|false&#8220; custom_padding_phone=&#8220;0px||||false|false&#8220; global_colors_info=&#8220;{}&#8220;][et_pb_column type=&#8220;1_3&#8243; _builder_version=&#8220;4.24.2&#8243; _module_preset=&#8220;default&#8220; global_colors_info=&#8220;{}&#8220;][et_pb_image src=&#8220;https:\/\/esterhazywein.at\/wp-content\/uploads\/2024\/10\/Impressionen-Weingarten-6.jpg&#8220; alt=&#8220;Eine weite Luftaufnahme einer h\u00fcgeligen Landschaft mit Weinbergen und Feldern unter einem bew\u00f6lkten Himmel bei Sonnenuntergang oder Sonnenaufgang.&#8220; title_text=&#8220;Impressionen-Weingarten-6&#8243; show_in_lightbox=&#8220;on&#8220; _builder_version=&#8220;4.24.2&#8243; _module_preset=&#8220;default&#8220; global_colors_info=&#8220;{}&#8220;][\/et_pb_image][\/et_pb_column][et_pb_column type=&#8220;1_3&#8243; _builder_version=&#8220;4.24.2&#8243; _module_preset=&#8220;default&#8220; global_colors_info=&#8220;{}&#8220;][et_pb_image src=&#8220;https:\/\/esterhazywein.at\/wp-content\/uploads\/2024\/10\/9_Schildten.jpg&#8220; alt=&#8220;Eine Nahaufnahme einer groben, erdigen Textur&#8220; title_text=&#8220;9_Schildten&#8220; show_in_lightbox=&#8220;on&#8220; _builder_version=&#8220;4.24.2&#8243; _module_preset=&#8220;default&#8220; global_colors_info=&#8220;{}&#8220;][\/et_pb_image][\/et_pb_column][et_pb_column type=&#8220;1_3&#8243; _builder_version=&#8220;4.24.2&#8243; _module_preset=&#8220;default&#8220; global_colors_info=&#8220;{}&#8220;][et_pb_image src=&#8220;https:\/\/esterhazywein.at\/wp-content\/uploads\/2024\/10\/ObererWald-2-von-5.jpg&#8220; alt=&#8220;Eine weite Aufnahme eines Weinbergs mit blauen Netzen \u00fcber einigen Reihen, im Hintergrund eine Stadt am Horizont unter einem hellen Himmel.&#8220; title_text=&#8220;ObererWald-2-von-5&#8243; show_in_lightbox=&#8220;on&#8220; _builder_version=&#8220;4.24.2&#8243; _module_preset=&#8220;default&#8220; global_colors_info=&#8220;{}&#8220;][\/et_pb_image][\/et_pb_column][\/et_pb_row][\/et_pb_section]<\/p>","protected":false},"excerpt":{"rendered":"<p>Leithaberg purUm unsere Weinstilistik verwirklichen zu k\u00f6nnen, ist die Qualit\u00e4t der Trauben ein entscheidender Faktor. Aus diesem Grund werden die Weing\u00e4rten seit 2019 biologisch bewirtschaftet und seit 2023 sind sie zu hundert Prozent biologisch zeritifziert. \u201eUnser Ziel ist es, jeden einzelnen Rebstock so individuell und schonend zu erziehen, dass er zumindest 100 Jahre alt wird\u201c, [&hellip;]<\/p>","protected":false},"author":1,"featured_media":0,"parent":0,"menu_order":0,"comment_status":"closed","ping_status":"closed","template":"","meta":{"_et_pb_use_builder":"on","_et_pb_old_content":"","_et_gb_content_width":"","footnotes":""},"class_list":["post-1133","page","type-page","status-publish","hentry"],"yoast_head":"<!-- This site is optimized with the Yoast SEO plugin v25.4 - https:\/\/yoast.com\/wordpress\/plugins\/seo\/ -->\n<title>Rieden - Impressionen - esterhazywein.at<\/title>\n<meta name=\"robots\" content=\"index, follow, max-snippet:-1, max-image-preview:large, max-video-preview:-1\" \/>\n<link rel=\"canonical\" href=\"https:\/\/esterhazywein.at\/en\/impressionen\/\" \/>\n<meta property=\"og:locale\" content=\"en_GB\" \/>\n<meta property=\"og:type\" content=\"article\" \/>\n<meta property=\"og:title\" content=\"Rieden - Impressionen - esterhazywein.at\" \/>\n<meta property=\"og:description\" content=\"Leithaberg purUm unsere Weinstilistik verwirklichen zu k\u00f6nnen, ist die Qualit\u00e4t der Trauben ein entscheidender Faktor. Aus diesem Grund werden die Weing\u00e4rten seit 2019 biologisch bewirtschaftet und seit 2023 sind sie zu hundert Prozent biologisch zeritifziert. \u201eUnser Ziel ist es, jeden einzelnen Rebstock so individuell und schonend zu erziehen, dass er zumindest 100 Jahre alt wird\u201c, [&hellip;]\" \/>\n<meta property=\"og:url\" content=\"https:\/\/esterhazywein.at\/en\/impressionen\/\" \/>\n<meta property=\"og:site_name\" content=\"esterhazywein.at\" \/>\n<meta property=\"article:modified_time\" content=\"2026-03-09T10:33:07+00:00\" \/>\n<meta name=\"twitter:card\" content=\"summary_large_image\" \/>\n<meta name=\"twitter:label1\" content=\"Estimated reading time\" \/>\n\t<meta name=\"twitter:data1\" content=\"1 minute\" \/>\n<script type=\"application\/ld+json\" class=\"yoast-schema-graph\">{\"@context\":\"https:\/\/schema.org\",\"@graph\":[{\"@type\":\"WebPage\",\"@id\":\"https:\/\/esterhazywein.at\/impressionen\/\",\"url\":\"https:\/\/esterhazywein.at\/impressionen\/\",\"name\":\"Rieden - Impressionen - esterhazywein.at\",\"isPartOf\":{\"@id\":\"https:\/\/esterhazywein.at\/#website\"},\"datePublished\":\"2023-08-22T19:49:24+00:00\",\"dateModified\":\"2026-03-09T10:33:07+00:00\",\"breadcrumb\":{\"@id\":\"https:\/\/esterhazywein.at\/impressionen\/#breadcrumb\"},\"inLanguage\":\"en-GB\",\"potentialAction\":[{\"@type\":\"ReadAction\",\"target\":[\"https:\/\/esterhazywein.at\/impressionen\/\"]}]},{\"@type\":\"BreadcrumbList\",\"@id\":\"https:\/\/esterhazywein.at\/impressionen\/#breadcrumb\",\"itemListElement\":[{\"@type\":\"ListItem\",\"position\":1,\"name\":\"Home\",\"item\":\"https:\/\/esterhazywein.at\/\"},{\"@type\":\"ListItem\",\"position\":2,\"name\":\"Rieden &#8211; Impressionen\"}]},{\"@type\":\"WebSite\",\"@id\":\"https:\/\/esterhazywein.at\/#website\",\"url\":\"https:\/\/esterhazywein.at\/\",\"name\":\"esterhazywein.at\",\"description\":\"Weingut Esterhazy\",\"potentialAction\":[{\"@type\":\"SearchAction\",\"target\":{\"@type\":\"EntryPoint\",\"urlTemplate\":\"https:\/\/esterhazywein.at\/?s={search_term_string}\"},\"query-input\":{\"@type\":\"PropertyValueSpecification\",\"valueRequired\":true,\"valueName\":\"search_term_string\"}}],\"inLanguage\":\"en-GB\"}]}<\/script>\n<!-- \/ Yoast SEO plugin. -->","yoast_head_json":{"title":"Rieden - Impressionen - esterhazywein.at","robots":{"index":"index","follow":"follow","max-snippet":"max-snippet:-1","max-image-preview":"max-image-preview:large","max-video-preview":"max-video-preview:-1"},"canonical":"https:\/\/esterhazywein.at\/en\/impressionen\/","og_locale":"en_GB","og_type":"article","og_title":"Rieden - Impressionen - esterhazywein.at","og_description":"Leithaberg purUm unsere Weinstilistik verwirklichen zu k\u00f6nnen, ist die Qualit\u00e4t der Trauben ein entscheidender Faktor. Aus diesem Grund werden die Weing\u00e4rten seit 2019 biologisch bewirtschaftet und seit 2023 sind sie zu hundert Prozent biologisch zeritifziert. \u201eUnser Ziel ist es, jeden einzelnen Rebstock so individuell und schonend zu erziehen, dass er zumindest 100 Jahre alt wird\u201c, [&hellip;]","og_url":"https:\/\/esterhazywein.at\/en\/impressionen\/","og_site_name":"esterhazywein.at","article_modified_time":"2026-03-09T10:33:07+00:00","twitter_card":"summary_large_image","twitter_misc":{"Estimated reading time":"1 minute"},"schema":{"@context":"https:\/\/schema.org","@graph":[{"@type":"WebPage","@id":"https:\/\/esterhazywein.at\/impressionen\/","url":"https:\/\/esterhazywein.at\/impressionen\/","name":"Rieden - Impressionen - esterhazywein.at","isPartOf":{"@id":"https:\/\/esterhazywein.at\/#website"},"datePublished":"2023-08-22T19:49:24+00:00","dateModified":"2026-03-09T10:33:07+00:00","breadcrumb":{"@id":"https:\/\/esterhazywein.at\/impressionen\/#breadcrumb"},"inLanguage":"en-GB","potentialAction":[{"@type":"ReadAction","target":["https:\/\/esterhazywein.at\/impressionen\/"]}]},{"@type":"BreadcrumbList","@id":"https:\/\/esterhazywein.at\/impressionen\/#breadcrumb","itemListElement":[{"@type":"ListItem","position":1,"name":"Home","item":"https:\/\/esterhazywein.at\/"},{"@type":"ListItem","position":2,"name":"Rieden &#8211; Impressionen"}]},{"@type":"WebSite","@id":"https:\/\/esterhazywein.at\/#website","url":"https:\/\/esterhazywein.at\/","name":"esterhazywein.at","description":"Weingut Esterhazy","potentialAction":[{"@type":"SearchAction","target":{"@type":"EntryPoint","urlTemplate":"https:\/\/esterhazywein.at\/?s={search_term_string}"},"query-input":{"@type":"PropertyValueSpecification","valueRequired":true,"valueName":"search_term_string"}}],"inLanguage":"en-GB"}]}},"jetpack_sharing_enabled":true,"_links":{"self":[{"href":"https:\/\/esterhazywein.at\/en\/wp-json\/wp\/v2\/pages\/1133","targetHints":{"allow":["GET"]}}],"collection":[{"href":"https:\/\/esterhazywein.at\/en\/wp-json\/wp\/v2\/pages"}],"about":[{"href":"https:\/\/esterhazywein.at\/en\/wp-json\/wp\/v2\/types\/page"}],"author":[{"embeddable":true,"href":"https:\/\/esterhazywein.at\/en\/wp-json\/wp\/v2\/users\/1"}],"replies":[{"embeddable":true,"href":"https:\/\/esterhazywein.at\/en\/wp-json\/wp\/v2\/comments?post=1133"}],"version-history":[{"count":27,"href":"https:\/\/esterhazywein.at\/en\/wp-json\/wp\/v2\/pages\/1133\/revisions"}],"predecessor-version":[{"id":229584,"href":"https:\/\/esterhazywein.at\/en\/wp-json\/wp\/v2\/pages\/1133\/revisions\/229584"}],"wp:attachment":[{"href":"https:\/\/esterhazywein.at\/en\/wp-json\/wp\/v2\/media?parent=1133"}],"curies":[{"name":"wp","href":"https:\/\/api.w.org\/{rel}","templated":true}]}}