{"id":1151,"date":"2023-08-22T22:12:30","date_gmt":"2023-08-22T20:12:30","guid":{"rendered":"https:\/\/beta.esterhazywein.at\/?page_id=1151"},"modified":"2025-11-14T23:17:04","modified_gmt":"2025-11-14T22:17:04","slug":"impressionen-produktion","status":"publish","type":"page","link":"https:\/\/esterhazywein.at\/en\/impressionen-produktion\/","title":{"rendered":"Keller &#8211; Impressionen"},"content":{"rendered":"<p>[et_pb_section fb_built=&#8220;1&#8243; _builder_version=&#8220;4.21.0&#8243; _module_preset=&#8220;default&#8220; global_colors_info=&#8220;{}&#8220;][et_pb_row _builder_version=&#8220;4.21.0&#8243; _module_preset=&#8220;default&#8220; global_colors_info=&#8220;{}&#8220;][et_pb_column type=&#8220;4_4&#8243; _builder_version=&#8220;4.21.0&#8243; _module_preset=&#8220;default&#8220; global_colors_info=&#8220;{}&#8220;][et_pb_text _builder_version=&#8220;4.24.2&#8243; _module_preset=&#8220;default&#8220; header_2_font=&#8220;Corporate A bold||||||||&#8220; header_2_text_align=&#8220;center&#8220; header_2_font_size=&#8220;35px&#8220; custom_margin=&#8220;||-3px|||&#8220; global_colors_info=&#8220;{}&#8220;]<\/p>\n<h2>Our production<\/h2>\n<p>[\/et_pb_text][et_pb_divider divider_weight=&#8220;2px&#8220; _builder_version=&#8220;4.21.0&#8243; _module_preset=&#8220;default&#8220; width=&#8220;11%&#8220; module_alignment=&#8220;center&#8220; global_colors_info=&#8220;{}&#8220;][\/et_pb_divider][\/et_pb_column][\/et_pb_row][et_pb_row _builder_version=&#8220;4.21.0&#8243; _module_preset=&#8220;default&#8220; custom_padding=&#8220;||87px|||&#8220; hover_enabled=&#8220;0&#8243; global_colors_info=&#8220;{}&#8220; sticky_enabled=&#8220;0&#8243;][et_pb_column type=&#8220;4_4&#8243; _builder_version=&#8220;4.21.0&#8243; _module_preset=&#8220;default&#8220; global_colors_info=&#8220;{}&#8220;][et_pb_text _builder_version=&#8220;4.27.4&#8243; _module_preset=&#8220;default&#8220; text_font=&#8220;Corporate A regular||||||||&#8220; text_text_color=&#8220;#000000&#8243; text_font_size=&#8220;17px&#8220; text_line_height=&#8220;1.8em&#8220; text_orientation=&#8220;center&#8220; hover_enabled=&#8220;0&#8243; global_colors_info=&#8220;{}&#8220; sticky_enabled=&#8220;0&#8243;]<\/p>\n<p>History and tradition are not independent values in themselves, they are shaped by people. We live in the now, interpret our heritage in the present and fill it with life. We want to make a difference, move things forward and leave our mark.<\/p>\n<p>Esterhazy's courage to innovate is also evident in the ageing of the wines in the cellar. The proportion of wooden barrels from its own forests has been continuously increased in recent years. These are dried for 5 years and processed by the renowned Stockinger cooperage. With the line of \u201cproject wines\u201d, Jakob Holzmann's team shows that alternative containers and methods now have a firm place in the world of wine. Exciting wines are created in beautiful concrete eggs and amphorae, which have their very own character traits and yet remain typically \u201cLeithaberg\u201d - consumers confirm this with great demand!<\/p>\n<p>[\/et_pb_text][\/et_pb_column][\/et_pb_row][et_pb_row column_structure=&#8220;2_5,3_5&#8243; make_equal=&#8220;on&#8220; disabled_on=&#8220;on|on|off&#8220; _builder_version=&#8220;4.24.2&#8243; _module_preset=&#8220;default&#8220; background_color=&#8220;#f8f5f2&#8243; custom_padding=&#8220;0px||0px||true|false&#8220; global_colors_info=&#8220;{}&#8220;][et_pb_column type=&#8220;2_5&#8243; _builder_version=&#8220;4.24.2&#8243; _module_preset=&#8220;default&#8220; background_image=&#8220;https:\/\/esterhazywein.at\/wp-content\/uploads\/2024\/03\/Amphoren2_6578b32043.jpg&#8220; global_colors_info=&#8220;{}&#8220;][\/et_pb_column][et_pb_column type=&#8220;3_5&#8243; _builder_version=&#8220;4.20.2&#8243; _module_preset=&#8220;default&#8220; custom_padding=&#8220;|20px|||false|false&#8220; global_colors_info=&#8220;{}&#8220;][et_pb_text _builder_version=&#8220;4.24.2&#8243; _module_preset=&#8220;default&#8220; header_2_font=&#8220;Corporate A bold||||||||&#8220; custom_margin=&#8220;0px||-2px|-15px|false|false&#8220; custom_margin_tablet=&#8220;|||20px|false|false&#8220; custom_margin_phone=&#8220;0px||-2px|20px|false|false&#8220; custom_margin_last_edited=&#8220;on|phone&#8220; custom_padding=&#8220;30px||||false|false&#8220; global_colors_info=&#8220;{}&#8220;]<\/p>\n<h2>\u201eDegustation&#8220; PAUL BUSK<\/h2>\n<p>[\/et_pb_text][et_pb_divider divider_weight=&#8220;2px&#8220; _builder_version=&#8220;4.24.2&#8243; _module_preset=&#8220;default&#8220; width=&#8220;12%&#8220; custom_margin=&#8220;||0px|-15px|false|false&#8220; custom_margin_tablet=&#8220;|||20px|false|false&#8220; custom_margin_phone=&#8220;|||20px|false|false&#8220; custom_margin_last_edited=&#8220;on|phone&#8220; global_colors_info=&#8220;{}&#8220;][\/et_pb_divider][et_pb_text _builder_version=&#8220;4.24.2&#8243; _module_preset=&#8220;default&#8220; text_font=&#8220;Futura LP Pro book||||||||&#8220; link_font=&#8220;Futura LP Pro book||||||||&#8220; link_text_color=&#8220;#ccb4bc&#8220; custom_margin=&#8220;|||-15px|false|false&#8220; custom_margin_tablet=&#8220;|||20px|false|false&#8220; custom_margin_phone=&#8220;|||20px|false|false&#8220; custom_margin_last_edited=&#8220;on|phone&#8220; custom_padding=&#8220;20px||20px||true|false&#8220; global_colors_info=&#8220;{}&#8220;]<\/p>\n<p>Smelling, tasting, seeing, experiencing ... Tasting wine with all your senses. Visual stimuli are also challenged when looking through the glass. Looking at the surroundings through a wine glass blurs the translucent, the surrounding. Straight lines become round, creating a play of waves. Everything flows. The artist Paul Busk picks up on this optical gimmick and uses an oversized stencil in street art style to realise the \"Leonardo, Donatello, Michelangelo\" lettering consumed in this way at the Esterhazy winery. Busk also sees parallels in his concept to graffiti writing, which is also about the shape of individual letters and how they change. In graffiti, the letters are also drawn in any direction, stroke widths are changed and shapes are played with. The visual wave play of the degustation thus merges with the style writing from New York in the 90s.<\/p>\n<p>Paul Busk, wall painting, Esterh\u00e1zy Winery Trausdorf, 2020<\/p>\n<p>&nbsp;<\/p>\n<p>[\/et_pb_text][\/et_pb_column][\/et_pb_row][et_pb_row disabled_on=&#8220;off|off|on&#8220; _builder_version=&#8220;4.24.2&#8243; _module_preset=&#8220;default&#8220; background_color=&#8220;#f8f5f2&#8243; custom_padding=&#8220;0px||0px||false|false&#8220; global_colors_info=&#8220;{}&#8220;][et_pb_column type=&#8220;4_4&#8243; _builder_version=&#8220;4.24.2&#8243; _module_preset=&#8220;default&#8220; global_colors_info=&#8220;{}&#8220;][et_pb_image src=&#8220;https:\/\/esterhazywein.at\/wp-content\/uploads\/2024\/10\/Amphoren2_6578b32043.jpg&#8220; alt=&#8220;Drei Weinf\u00e4sser im Weinkeller&#8220; title_text=&#8220;Amphoren2_6578b32043&#8243; _builder_version=&#8220;4.24.2&#8243; _module_preset=&#8220;default&#8220; global_colors_info=&#8220;{}&#8220;][\/et_pb_image][et_pb_text _builder_version=&#8220;4.24.2&#8243; _module_preset=&#8220;default&#8220; header_2_font=&#8220;Corporate A bold||||||||&#8220; custom_margin=&#8220;0px||-2px|-15px|false|false&#8220; custom_margin_tablet=&#8220;|||20px|false|false&#8220; custom_margin_phone=&#8220;0px|20px|-2px|20px|false|false&#8220; custom_margin_last_edited=&#8220;on|phone&#8220; custom_padding=&#8220;10px||||false|false&#8220; locked=&#8220;off&#8220; global_colors_info=&#8220;{}&#8220;]<\/p>\n<h2>\u201eDegustation&#8220; PAUL BUSK<\/h2>\n<p>[\/et_pb_text][et_pb_divider divider_weight=&#8220;2px&#8220; _builder_version=&#8220;4.24.2&#8243; _module_preset=&#8220;default&#8220; width=&#8220;12%&#8220; custom_margin=&#8220;|||-15px|false|false&#8220; custom_margin_tablet=&#8220;|||20px|false|false&#8220; custom_margin_phone=&#8220;|||20px|false|false&#8220; custom_margin_last_edited=&#8220;on|phone&#8220; custom_padding=&#8220;||0px||false|false&#8220; locked=&#8220;off&#8220; global_colors_info=&#8220;{}&#8220;][\/et_pb_divider][et_pb_text _builder_version=&#8220;4.24.2&#8243; _module_preset=&#8220;default&#8220; text_font=&#8220;Futura LP Pro book||||||||&#8220; link_font=&#8220;Futura LP Pro book||||||||&#8220; link_text_color=&#8220;#ccb4bc&#8220; custom_margin=&#8220;|||-15px|false|false&#8220; custom_margin_tablet=&#8220;|||20px|false|false&#8220; custom_margin_phone=&#8220;|20px|0px|20px|false|false&#8220; custom_margin_last_edited=&#8220;on|phone&#8220; custom_padding=&#8220;0px||0px||true|false&#8220; locked=&#8220;off&#8220; global_colors_info=&#8220;{}&#8220;]<\/p>\n<p>Smelling, tasting, seeing, experiencing ... Tasting wine with all your senses. Visual stimuli are also challenged when looking through the glass. Looking at the surroundings through a wine glass blurs the translucent, the surrounding. Straight lines become round, creating a play of waves. Everything flows. The artist Paul Busk picks up on this optical gimmick and uses an oversized stencil in street art style to realise the \"Leonardo, Donatello, Michelangelo\" lettering consumed in this way at the Esterhazy winery. Busk also sees parallels in his concept to graffiti writing, which is also about the shape of individual letters and how they change. In graffiti, the letters are also drawn in any direction, stroke widths are changed and shapes are played with. The visual wave play of the degustation thus merges with the style writing from New York in the 90s.<\/p>\n<p>Paul Busk, wall painting, Esterh\u00e1zy Winery Trausdorf, 2020<\/p>\n<p>&nbsp;<\/p>\n<p>[\/et_pb_text][\/et_pb_column][\/et_pb_row][\/et_pb_section][et_pb_section fb_built=&#8220;1&#8243; disabled_on=&#8220;off|off|off&#8220; _builder_version=&#8220;4.24.2&#8243; _module_preset=&#8220;default&#8220; global_colors_info=&#8220;{}&#8220;][et_pb_row column_structure=&#8220;1_3,1_3,1_3&#8243; _builder_version=&#8220;4.24.2&#8243; _module_preset=&#8220;default&#8220; global_colors_info=&#8220;{}&#8220;][et_pb_column type=&#8220;1_3&#8243; _builder_version=&#8220;4.24.2&#8243; _module_preset=&#8220;default&#8220; global_colors_info=&#8220;{}&#8220;][et_pb_image src=&#8220;https:\/\/esterhazywein.at\/wp-content\/uploads\/2024\/03\/Impressionen-Produktion-2.jpg&#8220; alt=&#8220;Nahaufnahme einer Hand, die nach gr\u00fcnen Weintrauben greift&#8220; title_text=&#8220;Impressionen Produktion 2&#8243; show_in_lightbox=&#8220;on&#8220; _builder_version=&#8220;4.24.2&#8243; _module_preset=&#8220;default&#8220; global_colors_info=&#8220;{}&#8220;][\/et_pb_image][\/et_pb_column][et_pb_column type=&#8220;1_3&#8243; _builder_version=&#8220;4.24.2&#8243; _module_preset=&#8220;default&#8220; global_colors_info=&#8220;{}&#8220;][et_pb_image src=&#8220;https:\/\/esterhazywein.at\/wp-content\/uploads\/2024\/09\/230829_Esterhazy-0901984541090091.jpg&#8220; alt=&#8220;Drei Wein-Tanks im Innenraum&#8220; title_text=&#8220;Esterhazy&#8220; show_in_lightbox=&#8220;on&#8220; _builder_version=&#8220;4.24.2&#8243; _module_preset=&#8220;default&#8220; global_colors_info=&#8220;{}&#8220;][\/et_pb_image][\/et_pb_column][et_pb_column type=&#8220;1_3&#8243; _builder_version=&#8220;4.24.2&#8243; _module_preset=&#8220;default&#8220; global_colors_info=&#8220;{}&#8220;][et_pb_image src=&#8220;https:\/\/esterhazywein.at\/wp-content\/uploads\/2024\/03\/Impressionen-Produktion-6.jpg&#8220; alt=&#8220;Mann in Arbeitskleidung, der mit einem Schlauch im Tank hantiert&#8220; title_text=&#8220;Impressionen Produktion 6&#8243; show_in_lightbox=&#8220;on&#8220; _builder_version=&#8220;4.24.2&#8243; _module_preset=&#8220;default&#8220; global_colors_info=&#8220;{}&#8220;][\/et_pb_image][\/et_pb_column][\/et_pb_row][et_pb_row column_structure=&#8220;1_3,1_3,1_3&#8243; custom_padding_last_edited=&#8220;on|phone&#8220; _builder_version=&#8220;4.24.2&#8243; _module_preset=&#8220;default&#8220; custom_padding_tablet=&#8220;0px||||false|false&#8220; custom_padding_phone=&#8220;0px||||false|false&#8220; global_colors_info=&#8220;{}&#8220;][et_pb_column type=&#8220;1_3&#8243; _builder_version=&#8220;4.24.2&#8243; _module_preset=&#8220;default&#8220; global_colors_info=&#8220;{}&#8220;][et_pb_image src=&#8220;https:\/\/esterhazywein.at\/wp-content\/uploads\/2024\/03\/Impressionen-Produktion-14.jpg&#8220; alt=&#8220;Arbeitsprozess der Weinproduktion&#8220; title_text=&#8220;Impressionen Produktion 14&#8243; show_in_lightbox=&#8220;on&#8220; _builder_version=&#8220;4.24.2&#8243; _module_preset=&#8220;default&#8220; global_colors_info=&#8220;{}&#8220;][\/et_pb_image][\/et_pb_column][et_pb_column type=&#8220;1_3&#8243; _builder_version=&#8220;4.24.2&#8243; _module_preset=&#8220;default&#8220; global_colors_info=&#8220;{}&#8220;][et_pb_image src=&#8220;https:\/\/esterhazywein.at\/wp-content\/uploads\/2024\/03\/Impressionen-Produktion-5.jpg&#8220; alt=&#8220;Eine Nahaufnahme von Weintropfen in einem Tank, die Spritzer und Wellen erzeugen&#8220; title_text=&#8220;Impressionen Produktion 5&#8243; show_in_lightbox=&#8220;on&#8220; _builder_version=&#8220;4.24.2&#8243; _module_preset=&#8220;default&#8220; global_colors_info=&#8220;{}&#8220;][\/et_pb_image][\/et_pb_column][et_pb_column type=&#8220;1_3&#8243; _builder_version=&#8220;4.24.2&#8243; _module_preset=&#8220;default&#8220; global_colors_info=&#8220;{}&#8220;][et_pb_image src=&#8220;https:\/\/esterhazywein.at\/wp-content\/uploads\/2024\/09\/240913_EsterhazyWineOClock-3107937311217311.jpg&#8220; alt=&#8220;Eine Gruppe von unterschiedlich gro\u00dfen, zylindrischen Weinf\u00e4ssern in einem Lagerraum&#8220; title_text=&#8220;240904_Esterhazy&#8220; show_in_lightbox=&#8220;on&#8220; _builder_version=&#8220;4.24.2&#8243; _module_preset=&#8220;default&#8220; global_colors_info=&#8220;{}&#8220;][\/et_pb_image][\/et_pb_column][\/et_pb_row][et_pb_row column_structure=&#8220;1_3,1_3,1_3&#8243; custom_padding_last_edited=&#8220;on|phone&#8220; _builder_version=&#8220;4.24.2&#8243; _module_preset=&#8220;default&#8220; custom_padding_tablet=&#8220;0px||||false|false&#8220; custom_padding_phone=&#8220;0px||||false|false&#8220; global_colors_info=&#8220;{}&#8220;][et_pb_column type=&#8220;1_3&#8243; _builder_version=&#8220;4.24.2&#8243; _module_preset=&#8220;default&#8220; global_colors_info=&#8220;{}&#8220;][et_pb_image src=&#8220;https:\/\/esterhazywein.at\/wp-content\/uploads\/2024\/03\/Impressionen-Produktion-13.jpg&#8220; alt=&#8220;Nahaufnahme bei Weinproduktion&#8220; title_text=&#8220;Impressionen Produktion 13&#8243; show_in_lightbox=&#8220;on&#8220; _builder_version=&#8220;4.24.2&#8243; _module_preset=&#8220;default&#8220; global_colors_info=&#8220;{}&#8220;][\/et_pb_image][\/et_pb_column][et_pb_column type=&#8220;1_3&#8243; _builder_version=&#8220;4.24.2&#8243; _module_preset=&#8220;default&#8220; global_colors_info=&#8220;{}&#8220;][et_pb_image src=&#8220;https:\/\/esterhazywein.at\/wp-content\/uploads\/2024\/03\/Impressionen-Produktion-12.jpg&#8220; alt=&#8220;Eine Draufsicht in einen Edelstahltank, der mit Rotwein gef\u00fcllt ist und ein rotierendes R\u00fchrwerk enth\u00e4lt.&#8220; title_text=&#8220;Impressionen Produktion 12&#8243; show_in_lightbox=&#8220;on&#8220; _builder_version=&#8220;4.24.2&#8243; _module_preset=&#8220;default&#8220; global_colors_info=&#8220;{}&#8220;][\/et_pb_image][\/et_pb_column][et_pb_column type=&#8220;1_3&#8243; _builder_version=&#8220;4.24.2&#8243; _module_preset=&#8220;default&#8220; global_colors_info=&#8220;{}&#8220;][et_pb_image src=&#8220;https:\/\/esterhazywein.at\/wp-content\/uploads\/2024\/03\/Impressionen-Produktion-11.jpg&#8220; alt=&#8220;Eine Nahaufnahme eines hellen Holzfasses mit der Aufschrift %22Leithaberg Eiche%22 und %22LDL%22 eingebrannt.&#8220; title_text=&#8220;Impressionen Produktion 11&#8243; show_in_lightbox=&#8220;on&#8220; _builder_version=&#8220;4.24.2&#8243; _module_preset=&#8220;default&#8220; global_colors_info=&#8220;{}&#8220;][\/et_pb_image][\/et_pb_column][\/et_pb_row][et_pb_row column_structure=&#8220;1_3,1_3,1_3&#8243; custom_padding_last_edited=&#8220;on|phone&#8220; _builder_version=&#8220;4.24.2&#8243; _module_preset=&#8220;default&#8220; custom_padding_tablet=&#8220;0px||||false|false&#8220; custom_padding_phone=&#8220;0px||||false|false&#8220; global_colors_info=&#8220;{}&#8220;][et_pb_column type=&#8220;1_3&#8243; _builder_version=&#8220;4.24.2&#8243; _module_preset=&#8220;default&#8220; global_colors_info=&#8220;{}&#8220;][et_pb_image src=&#8220;https:\/\/esterhazywein.at\/wp-content\/uploads\/2024\/03\/Impressionen-Produktion-3.jpg&#8220; alt=&#8220;Eine Draufsicht in einen Beh\u00e4lter, der mit zerdr\u00fcckten roten Trauben und Traubenschalen gef\u00fcllt ist, wobei die Fl\u00fcssigkeit abflie\u00dft.&#8220; title_text=&#8220;Impressionen Produktion 3&#8243; show_in_lightbox=&#8220;on&#8220; _builder_version=&#8220;4.24.2&#8243; _module_preset=&#8220;default&#8220; global_colors_info=&#8220;{}&#8220;][\/et_pb_image][\/et_pb_column][et_pb_column type=&#8220;1_3&#8243; _builder_version=&#8220;4.24.2&#8243; _module_preset=&#8220;default&#8220; global_colors_info=&#8220;{}&#8220;][et_pb_image src=&#8220;https:\/\/esterhazywein.at\/wp-content\/uploads\/2024\/03\/Impressionen-Produktion-8.jpg&#8220; alt=&#8220;Eine Nahaufnahme von zwei hellen Holzf\u00e4ssern mit der Aufschrift %22ESTERH\u00c1ZY%22 und %22AUSTRIA%22 eingebrannt.&#8220; title_text=&#8220;Impressionen Produktion 8&#8243; show_in_lightbox=&#8220;on&#8220; _builder_version=&#8220;4.24.2&#8243; _module_preset=&#8220;default&#8220; locked=&#8220;off&#8220; global_colors_info=&#8220;{}&#8220;][\/et_pb_image][\/et_pb_column][et_pb_column type=&#8220;1_3&#8243; _builder_version=&#8220;4.24.2&#8243; _module_preset=&#8220;default&#8220; global_colors_info=&#8220;{}&#8220;][et_pb_image src=&#8220;https:\/\/esterhazywein.at\/wp-content\/uploads\/2024\/03\/Impressionen-Produktion-10.jpg&#8220; alt=&#8220;Eine Draufsicht in ein offenes Holzfass, das mit einer dicken Schicht dunkelvioletter Maische gef\u00fcllt ist.&#8220; title_text=&#8220;Impressionen Produktion 10&#8243; show_in_lightbox=&#8220;on&#8220; _builder_version=&#8220;4.24.2&#8243; _module_preset=&#8220;default&#8220; global_colors_info=&#8220;{}&#8220;][\/et_pb_image][\/et_pb_column][\/et_pb_row][\/et_pb_section]<\/p>","protected":false},"excerpt":{"rendered":"<p>Unsere WeinproduktionGeschichte und Tradition sind keine unabh\u00e4ngigen Werte f\u00fcr sich allein, sie werden von Menschen gestaltet. Wir leben im Jetzt, interpretieren unser Erbe in der Gegenwart und f\u00fcllen es mit Leben. Wir wollen etwas bewegen, voranbringen und unsere Spuren hinterlassen. So wird bei Esterhazy auch beim Ausbau der Weine im Keller der Mut zur Innovation [&hellip;]<\/p>","protected":false},"author":1,"featured_media":0,"parent":0,"menu_order":0,"comment_status":"closed","ping_status":"closed","template":"","meta":{"_et_pb_use_builder":"on","_et_pb_old_content":"","_et_gb_content_width":"","footnotes":""},"class_list":["post-1151","page","type-page","status-publish","hentry"],"yoast_head":"<!-- This site is optimized with the Yoast SEO plugin v25.4 - https:\/\/yoast.com\/wordpress\/plugins\/seo\/ -->\n<title>Keller - Impressionen - esterhazywein.at<\/title>\n<meta name=\"robots\" content=\"index, follow, max-snippet:-1, max-image-preview:large, max-video-preview:-1\" \/>\n<link rel=\"canonical\" href=\"https:\/\/esterhazywein.at\/en\/impressionen-produktion\/\" \/>\n<meta property=\"og:locale\" content=\"en_GB\" \/>\n<meta property=\"og:type\" content=\"article\" \/>\n<meta property=\"og:title\" content=\"Keller - Impressionen - esterhazywein.at\" \/>\n<meta property=\"og:description\" content=\"Unsere WeinproduktionGeschichte und Tradition sind keine unabh\u00e4ngigen Werte f\u00fcr sich allein, sie werden von Menschen gestaltet. Wir leben im Jetzt, interpretieren unser Erbe in der Gegenwart und f\u00fcllen es mit Leben. Wir wollen etwas bewegen, voranbringen und unsere Spuren hinterlassen. So wird bei Esterhazy auch beim Ausbau der Weine im Keller der Mut zur Innovation [&hellip;]\" \/>\n<meta property=\"og:url\" content=\"https:\/\/esterhazywein.at\/en\/impressionen-produktion\/\" \/>\n<meta property=\"og:site_name\" content=\"esterhazywein.at\" \/>\n<meta property=\"article:modified_time\" content=\"2025-11-14T22:17:04+00:00\" \/>\n<meta name=\"twitter:card\" content=\"summary_large_image\" \/>\n<meta name=\"twitter:label1\" content=\"Estimated reading time\" \/>\n\t<meta name=\"twitter:data1\" content=\"2 minutes\" \/>\n<script type=\"application\/ld+json\" class=\"yoast-schema-graph\">{\"@context\":\"https:\/\/schema.org\",\"@graph\":[{\"@type\":\"WebPage\",\"@id\":\"https:\/\/esterhazywein.at\/impressionen-produktion\/\",\"url\":\"https:\/\/esterhazywein.at\/impressionen-produktion\/\",\"name\":\"Keller - Impressionen - esterhazywein.at\",\"isPartOf\":{\"@id\":\"https:\/\/esterhazywein.at\/#website\"},\"datePublished\":\"2023-08-22T20:12:30+00:00\",\"dateModified\":\"2025-11-14T22:17:04+00:00\",\"breadcrumb\":{\"@id\":\"https:\/\/esterhazywein.at\/impressionen-produktion\/#breadcrumb\"},\"inLanguage\":\"en-GB\",\"potentialAction\":[{\"@type\":\"ReadAction\",\"target\":[\"https:\/\/esterhazywein.at\/impressionen-produktion\/\"]}]},{\"@type\":\"BreadcrumbList\",\"@id\":\"https:\/\/esterhazywein.at\/impressionen-produktion\/#breadcrumb\",\"itemListElement\":[{\"@type\":\"ListItem\",\"position\":1,\"name\":\"Home\",\"item\":\"https:\/\/esterhazywein.at\/\"},{\"@type\":\"ListItem\",\"position\":2,\"name\":\"Keller &#8211; Impressionen\"}]},{\"@type\":\"WebSite\",\"@id\":\"https:\/\/esterhazywein.at\/#website\",\"url\":\"https:\/\/esterhazywein.at\/\",\"name\":\"esterhazywein.at\",\"description\":\"Weingut Esterhazy\",\"potentialAction\":[{\"@type\":\"SearchAction\",\"target\":{\"@type\":\"EntryPoint\",\"urlTemplate\":\"https:\/\/esterhazywein.at\/?s={search_term_string}\"},\"query-input\":{\"@type\":\"PropertyValueSpecification\",\"valueRequired\":true,\"valueName\":\"search_term_string\"}}],\"inLanguage\":\"en-GB\"}]}<\/script>\n<!-- \/ Yoast SEO plugin. -->","yoast_head_json":{"title":"Keller - Impressionen - esterhazywein.at","robots":{"index":"index","follow":"follow","max-snippet":"max-snippet:-1","max-image-preview":"max-image-preview:large","max-video-preview":"max-video-preview:-1"},"canonical":"https:\/\/esterhazywein.at\/en\/impressionen-produktion\/","og_locale":"en_GB","og_type":"article","og_title":"Keller - Impressionen - esterhazywein.at","og_description":"Unsere WeinproduktionGeschichte und Tradition sind keine unabh\u00e4ngigen Werte f\u00fcr sich allein, sie werden von Menschen gestaltet. Wir leben im Jetzt, interpretieren unser Erbe in der Gegenwart und f\u00fcllen es mit Leben. Wir wollen etwas bewegen, voranbringen und unsere Spuren hinterlassen. So wird bei Esterhazy auch beim Ausbau der Weine im Keller der Mut zur Innovation [&hellip;]","og_url":"https:\/\/esterhazywein.at\/en\/impressionen-produktion\/","og_site_name":"esterhazywein.at","article_modified_time":"2025-11-14T22:17:04+00:00","twitter_card":"summary_large_image","twitter_misc":{"Estimated reading time":"2 minutes"},"schema":{"@context":"https:\/\/schema.org","@graph":[{"@type":"WebPage","@id":"https:\/\/esterhazywein.at\/impressionen-produktion\/","url":"https:\/\/esterhazywein.at\/impressionen-produktion\/","name":"Keller - Impressionen - esterhazywein.at","isPartOf":{"@id":"https:\/\/esterhazywein.at\/#website"},"datePublished":"2023-08-22T20:12:30+00:00","dateModified":"2025-11-14T22:17:04+00:00","breadcrumb":{"@id":"https:\/\/esterhazywein.at\/impressionen-produktion\/#breadcrumb"},"inLanguage":"en-GB","potentialAction":[{"@type":"ReadAction","target":["https:\/\/esterhazywein.at\/impressionen-produktion\/"]}]},{"@type":"BreadcrumbList","@id":"https:\/\/esterhazywein.at\/impressionen-produktion\/#breadcrumb","itemListElement":[{"@type":"ListItem","position":1,"name":"Home","item":"https:\/\/esterhazywein.at\/"},{"@type":"ListItem","position":2,"name":"Keller &#8211; Impressionen"}]},{"@type":"WebSite","@id":"https:\/\/esterhazywein.at\/#website","url":"https:\/\/esterhazywein.at\/","name":"esterhazywein.at","description":"Weingut Esterhazy","potentialAction":[{"@type":"SearchAction","target":{"@type":"EntryPoint","urlTemplate":"https:\/\/esterhazywein.at\/?s={search_term_string}"},"query-input":{"@type":"PropertyValueSpecification","valueRequired":true,"valueName":"search_term_string"}}],"inLanguage":"en-GB"}]}},"jetpack_sharing_enabled":true,"_links":{"self":[{"href":"https:\/\/esterhazywein.at\/en\/wp-json\/wp\/v2\/pages\/1151","targetHints":{"allow":["GET"]}}],"collection":[{"href":"https:\/\/esterhazywein.at\/en\/wp-json\/wp\/v2\/pages"}],"about":[{"href":"https:\/\/esterhazywein.at\/en\/wp-json\/wp\/v2\/types\/page"}],"author":[{"embeddable":true,"href":"https:\/\/esterhazywein.at\/en\/wp-json\/wp\/v2\/users\/1"}],"replies":[{"embeddable":true,"href":"https:\/\/esterhazywein.at\/en\/wp-json\/wp\/v2\/comments?post=1151"}],"version-history":[{"count":31,"href":"https:\/\/esterhazywein.at\/en\/wp-json\/wp\/v2\/pages\/1151\/revisions"}],"predecessor-version":[{"id":228845,"href":"https:\/\/esterhazywein.at\/en\/wp-json\/wp\/v2\/pages\/1151\/revisions\/228845"}],"wp:attachment":[{"href":"https:\/\/esterhazywein.at\/en\/wp-json\/wp\/v2\/media?parent=1151"}],"curies":[{"name":"wp","href":"https:\/\/api.w.org\/{rel}","templated":true}]}}