{"id":225117,"date":"2024-08-21T10:25:35","date_gmt":"2024-08-21T08:25:35","guid":{"rendered":"https:\/\/esterhazywein.at\/?page_id=225117"},"modified":"2025-05-26T11:48:41","modified_gmt":"2025-05-26T09:48:41","slug":"ried-fasanengarten-und-frauenholz","status":"publish","type":"page","link":"https:\/\/esterhazywein.at\/en\/ried-fasanengarten-und-frauenholz\/","title":{"rendered":"Ried Fasanengarten und Frauenholz"},"content":{"rendered":"<p>[et_pb_section fb_built=&#8220;1&#8243; _builder_version=&#8220;4.24.2&#8243; _module_preset=&#8220;default&#8220; background_image=&#8220;https:\/\/esterhazywein.at\/wp-content\/uploads\/2024\/08\/Fasenengarten-4-von-5.jpg&#8220; min_height=&#8220;503px&#8220; custom_padding=&#8220;||235px|||&#8220; global_colors_info=&#8220;{}&#8220;][\/et_pb_section][et_pb_section fb_built=&#8220;1&#8243; _builder_version=&#8220;4.20.2&#8243; _module_preset=&#8220;default&#8220; global_colors_info=&#8220;{}&#8220;][et_pb_row _builder_version=&#8220;4.20.2&#8243; _module_preset=&#8220;default&#8220; global_colors_info=&#8220;{}&#8220;][et_pb_column type=&#8220;4_4&#8243; _builder_version=&#8220;4.20.2&#8243; _module_preset=&#8220;default&#8220; global_colors_info=&#8220;{}&#8220;][et_pb_text _builder_version=&#8220;4.24.2&#8243; _module_preset=&#8220;default&#8220; header_2_font=&#8220;Corporate A bold||||||||&#8220; header_2_text_align=&#8220;center&#8220; hover_enabled=&#8220;0&#8243; global_colors_info=&#8220;{}&#8220; header_2_font_size=&#8220;30px&#8220; sticky_enabled=&#8220;0&#8243;]<\/p>\n<h2 style=\"text-align: left;\">Ried Fasangarten und Frauenholz &#8211; Sankt Margarethen<\/h2>\n<p>[\/et_pb_text][et_pb_text _builder_version=&#8220;4.24.2&#8243; _module_preset=&#8220;default&#8220; text_font=&#8220;Futura LP Pro book||||||||&#8220; text_font_size=&#8220;17px&#8220; custom_padding=&#8220;0px|||||&#8220; hover_enabled=&#8220;0&#8243; global_colors_info=&#8220;{}&#8220; sticky_enabled=&#8220;0&#8243;]<\/p>\n<p><strong>Soil type<\/strong>: brown soil<\/p>\n<p><strong>Soil character<\/strong>: Kies &amp; Schotter<\/p>\n<p><strong>Other soil properties<\/strong>: kalkreich, k\u00fchl, feiner Lehmanteil<\/p>\n<p><strong>Sea level<\/strong>: 143-154 m<\/p>\n<p><strong>Direction<\/strong>: Ost-Nordost<\/p>\n<p><strong>Slope inclination<\/strong>: 0-5%<\/p>\n<p><strong>Variety<\/strong>: Gr\u00fcner Veltliner<\/p>\n<p><strong>Planting<\/strong>: 2010<\/p>\n<p><strong>Education<\/strong>: Guyot<\/p>\n<p>[\/et_pb_text][\/et_pb_column][\/et_pb_row][\/et_pb_section]<\/p>","protected":false},"excerpt":{"rendered":"<p>Ried Fasangarten und Frauenholz &#8211; Sankt MargarethenBodentyp: Braunerde Bodenart: Kies &amp; Schotter Sonstige Bodeneigenschaften: kalkreich, k\u00fchl, feiner Lehmanteil Seeh\u00f6he: 143-154 m Ausrichtung: Ost-Nordost Hangneigung: 0-5% Sorte: Gr\u00fcner Veltliner Pflanzung: 2010 Erziehung: Guyot<\/p>","protected":false},"author":1,"featured_media":0,"parent":0,"menu_order":0,"comment_status":"closed","ping_status":"closed","template":"","meta":{"_et_pb_use_builder":"on","_et_pb_old_content":"","_et_gb_content_width":"","footnotes":""},"class_list":["post-225117","page","type-page","status-publish","hentry"],"yoast_head":"<!-- This site is optimized with the Yoast SEO plugin v25.4 - https:\/\/yoast.com\/wordpress\/plugins\/seo\/ -->\n<title>Ried Fasanengarten und Frauenholz - esterhazywein.at<\/title>\n<meta name=\"robots\" content=\"index, follow, max-snippet:-1, max-image-preview:large, max-video-preview:-1\" \/>\n<link rel=\"canonical\" href=\"https:\/\/esterhazywein.at\/en\/ried-fasanengarten-und-frauenholz\/\" \/>\n<meta property=\"og:locale\" content=\"en_GB\" \/>\n<meta property=\"og:type\" content=\"article\" \/>\n<meta property=\"og:title\" content=\"Ried Fasanengarten und Frauenholz - esterhazywein.at\" \/>\n<meta property=\"og:description\" content=\"Ried Fasangarten und Frauenholz - Sankt MargarethenBodentyp: Braunerde Bodenart: Kies &amp; Schotter Sonstige Bodeneigenschaften: kalkreich, k\u00fchl, feiner Lehmanteil Seeh\u00f6he: 143-154 m Ausrichtung: Ost-Nordost Hangneigung: 0-5% Sorte: Gr\u00fcner Veltliner Pflanzung: 2010 Erziehung: Guyot\" \/>\n<meta property=\"og:url\" content=\"https:\/\/esterhazywein.at\/en\/ried-fasanengarten-und-frauenholz\/\" \/>\n<meta property=\"og:site_name\" content=\"esterhazywein.at\" \/>\n<meta property=\"article:modified_time\" content=\"2025-05-26T09:48:41+00:00\" \/>\n<meta name=\"twitter:card\" content=\"summary_large_image\" \/>\n<script type=\"application\/ld+json\" class=\"yoast-schema-graph\">{\"@context\":\"https:\/\/schema.org\",\"@graph\":[{\"@type\":\"WebPage\",\"@id\":\"https:\/\/esterhazywein.at\/ried-fasanengarten-und-frauenholz\/\",\"url\":\"https:\/\/esterhazywein.at\/ried-fasanengarten-und-frauenholz\/\",\"name\":\"Ried Fasanengarten und Frauenholz - esterhazywein.at\",\"isPartOf\":{\"@id\":\"https:\/\/esterhazywein.at\/#website\"},\"datePublished\":\"2024-08-21T08:25:35+00:00\",\"dateModified\":\"2025-05-26T09:48:41+00:00\",\"breadcrumb\":{\"@id\":\"https:\/\/esterhazywein.at\/ried-fasanengarten-und-frauenholz\/#breadcrumb\"},\"inLanguage\":\"en-GB\",\"potentialAction\":[{\"@type\":\"ReadAction\",\"target\":[\"https:\/\/esterhazywein.at\/ried-fasanengarten-und-frauenholz\/\"]}]},{\"@type\":\"BreadcrumbList\",\"@id\":\"https:\/\/esterhazywein.at\/ried-fasanengarten-und-frauenholz\/#breadcrumb\",\"itemListElement\":[{\"@type\":\"ListItem\",\"position\":1,\"name\":\"Home\",\"item\":\"https:\/\/esterhazywein.at\/\"},{\"@type\":\"ListItem\",\"position\":2,\"name\":\"Ried Fasanengarten und Frauenholz\"}]},{\"@type\":\"WebSite\",\"@id\":\"https:\/\/esterhazywein.at\/#website\",\"url\":\"https:\/\/esterhazywein.at\/\",\"name\":\"esterhazywein.at\",\"description\":\"Weingut Esterhazy\",\"potentialAction\":[{\"@type\":\"SearchAction\",\"target\":{\"@type\":\"EntryPoint\",\"urlTemplate\":\"https:\/\/esterhazywein.at\/?s={search_term_string}\"},\"query-input\":{\"@type\":\"PropertyValueSpecification\",\"valueRequired\":true,\"valueName\":\"search_term_string\"}}],\"inLanguage\":\"en-GB\"}]}<\/script>\n<!-- \/ Yoast SEO plugin. -->","yoast_head_json":{"title":"Ried Fasanengarten und Frauenholz - esterhazywein.at","robots":{"index":"index","follow":"follow","max-snippet":"max-snippet:-1","max-image-preview":"max-image-preview:large","max-video-preview":"max-video-preview:-1"},"canonical":"https:\/\/esterhazywein.at\/en\/ried-fasanengarten-und-frauenholz\/","og_locale":"en_GB","og_type":"article","og_title":"Ried Fasanengarten und Frauenholz - esterhazywein.at","og_description":"Ried Fasangarten und Frauenholz - Sankt MargarethenBodentyp: Braunerde Bodenart: Kies &amp; Schotter Sonstige Bodeneigenschaften: kalkreich, k\u00fchl, feiner Lehmanteil Seeh\u00f6he: 143-154 m Ausrichtung: Ost-Nordost Hangneigung: 0-5% Sorte: Gr\u00fcner Veltliner Pflanzung: 2010 Erziehung: Guyot","og_url":"https:\/\/esterhazywein.at\/en\/ried-fasanengarten-und-frauenholz\/","og_site_name":"esterhazywein.at","article_modified_time":"2025-05-26T09:48:41+00:00","twitter_card":"summary_large_image","schema":{"@context":"https:\/\/schema.org","@graph":[{"@type":"WebPage","@id":"https:\/\/esterhazywein.at\/ried-fasanengarten-und-frauenholz\/","url":"https:\/\/esterhazywein.at\/ried-fasanengarten-und-frauenholz\/","name":"Ried Fasanengarten und Frauenholz - esterhazywein.at","isPartOf":{"@id":"https:\/\/esterhazywein.at\/#website"},"datePublished":"2024-08-21T08:25:35+00:00","dateModified":"2025-05-26T09:48:41+00:00","breadcrumb":{"@id":"https:\/\/esterhazywein.at\/ried-fasanengarten-und-frauenholz\/#breadcrumb"},"inLanguage":"en-GB","potentialAction":[{"@type":"ReadAction","target":["https:\/\/esterhazywein.at\/ried-fasanengarten-und-frauenholz\/"]}]},{"@type":"BreadcrumbList","@id":"https:\/\/esterhazywein.at\/ried-fasanengarten-und-frauenholz\/#breadcrumb","itemListElement":[{"@type":"ListItem","position":1,"name":"Home","item":"https:\/\/esterhazywein.at\/"},{"@type":"ListItem","position":2,"name":"Ried Fasanengarten und Frauenholz"}]},{"@type":"WebSite","@id":"https:\/\/esterhazywein.at\/#website","url":"https:\/\/esterhazywein.at\/","name":"esterhazywein.at","description":"Weingut Esterhazy","potentialAction":[{"@type":"SearchAction","target":{"@type":"EntryPoint","urlTemplate":"https:\/\/esterhazywein.at\/?s={search_term_string}"},"query-input":{"@type":"PropertyValueSpecification","valueRequired":true,"valueName":"search_term_string"}}],"inLanguage":"en-GB"}]}},"jetpack_sharing_enabled":true,"_links":{"self":[{"href":"https:\/\/esterhazywein.at\/en\/wp-json\/wp\/v2\/pages\/225117","targetHints":{"allow":["GET"]}}],"collection":[{"href":"https:\/\/esterhazywein.at\/en\/wp-json\/wp\/v2\/pages"}],"about":[{"href":"https:\/\/esterhazywein.at\/en\/wp-json\/wp\/v2\/types\/page"}],"author":[{"embeddable":true,"href":"https:\/\/esterhazywein.at\/en\/wp-json\/wp\/v2\/users\/1"}],"replies":[{"embeddable":true,"href":"https:\/\/esterhazywein.at\/en\/wp-json\/wp\/v2\/comments?post=225117"}],"version-history":[{"count":7,"href":"https:\/\/esterhazywein.at\/en\/wp-json\/wp\/v2\/pages\/225117\/revisions"}],"predecessor-version":[{"id":227936,"href":"https:\/\/esterhazywein.at\/en\/wp-json\/wp\/v2\/pages\/225117\/revisions\/227936"}],"wp:attachment":[{"href":"https:\/\/esterhazywein.at\/en\/wp-json\/wp\/v2\/media?parent=225117"}],"curies":[{"name":"wp","href":"https:\/\/api.w.org\/{rel}","templated":true}]}}