{"id":227036,"date":"2025-02-05T15:11:08","date_gmt":"2025-02-05T14:11:08","guid":{"rendered":"https:\/\/esterhazywein.at\/?page_id=227036"},"modified":"2025-04-30T16:34:52","modified_gmt":"2025-04-30T14:34:52","slug":"valentinstag","status":"publish","type":"page","link":"https:\/\/esterhazywein.at\/en\/valentinstag\/","title":{"rendered":"Valentinstag"},"content":{"rendered":"<p>[et_pb_section fb_built=&#8220;1&#8243; _builder_version=&#8220;4.24.2&#8243; _module_preset=&#8220;default&#8220; background_image=&#8220;https:\/\/esterhazywein.at\/wp-content\/uploads\/2025\/02\/WG_NL-Entwurf_600px_250205-1.jpg&#8220; min_height=&#8220;525px&#8220; global_colors_info=&#8220;{}&#8220;][\/et_pb_section][et_pb_section fb_built=&#8220;1&#8243; _builder_version=&#8220;4.24.2&#8243; _module_preset=&#8220;default&#8220; global_colors_info=&#8220;{}&#8220;][et_pb_row _builder_version=&#8220;4.24.2&#8243; _module_preset=&#8220;default&#8220; custom_padding=&#8220;|35px||||&#8220; global_colors_info=&#8220;{}&#8220;][et_pb_column type=&#8220;4_4&#8243; _builder_version=&#8220;4.24.2&#8243; _module_preset=&#8220;default&#8220; global_colors_info=&#8220;{}&#8220;][et_pb_text _builder_version=&#8220;4.24.2&#8243; _module_preset=&#8220;default&#8220; text_font=&#8220;Futura LP Pro light||||||||&#8220; text_text_color=&#8220;#986777&#8243; text_font_size=&#8220;18px&#8220; text_letter_spacing=&#8220;2px&#8220; hover_enabled=&#8220;0&#8243; global_colors_info=&#8220;{}&#8220; sticky_enabled=&#8220;0&#8243;]<\/p>\n<p style=\"text-align: center;\">FROM LEITHABERG WITH LOVE<\/p>\n<p>[\/et_pb_text][et_pb_text _builder_version=&#8220;4.24.2&#8243; _module_preset=&#8220;default&#8220; text_font=&#8220;Futura LP Pro light||||||||&#8220; text_font_size=&#8220;16px&#8220; global_colors_info=&#8220;{}&#8220;]<\/p>\n<p style=\"text-align: center;\">Auf der Suche nach einer besonderen Geschenkidee zum Valentinstag? Wir haben uns etwas ganz Besonderes f\u00fcr Sie und Ihre Liebsten ausgedacht! Tauschen Sie den klassischen Restaurantbesuch gegen ein au\u00dfergew\u00f6hnliches Erlebnis ein, das alle Sinne ber\u00fchrt. Zum Fest der Liebe bieten wir Ihnen ein exklusives <strong>\u201eTour &amp; Tasting\u201c als Valentinstags-Special <\/strong>mit sieben erlesenen Weinen, darunter unsere Sekt Austria Herkunftssekte nach der \u201eM\u00e9thode Traditionelle\u201c und weitere Kostbarkeiten vom Leithaberg.<\/p>\n<p>[\/et_pb_text][et_pb_text _builder_version=&#8220;4.24.2&#8243; _module_preset=&#8220;default&#8220; text_font=&#8220;Corporate A bold||||||||&#8220; text_text_color=&#8220;#000000&#8243; text_font_size=&#8220;35px&#8220; text_line_height=&#8220;2em&#8220; global_colors_info=&#8220;{}&#8220;]<\/p>\n<p style=\"text-align: center;\"><strong>TOUR &amp; TASTING VALENTINS-SPECIAL<\/strong><\/p>\n<p>[\/et_pb_text][et_pb_text _builder_version=&#8220;4.24.2&#8243; _module_preset=&#8220;default&#8220; text_font=&#8220;Futura LP Pro book||||||||&#8220; text_font_size=&#8220;18px&#8220; hover_enabled=&#8220;0&#8243; global_colors_info=&#8220;{}&#8220; link_text_color=&#8220;#986777&#8243; sticky_enabled=&#8220;0&#8243;]<\/p>\n<p style=\"text-align: center;\">Exklusiv zum Valentinstag bieten wir Ihnen ein besonderes Highlight: Genie\u00dfen Sie das Tour &amp; Tasting Exklusiv zum Preis vom Classic (\u20ac20,-) \u2013 ein Erlebnis im Wert von \u20ac35,-.<\/p>\n<p style=\"text-align: center;\"><strong>Wann &amp; Wo? <\/strong>T\u00e4glich, au\u00dfer sonntags, 10. Februar \u2013 22. Februar 2025, von 14:30 Uhr bis 16 Uhr am Weingut Esterh\u00e1zy in Trausdorf<\/p>\n<p style=\"text-align: center;\">Was Sie erwarten k\u00f6nnen:<\/p>\n<p style=\"text-align: left;\">\u2714 Begr\u00fc\u00dfung mit einem Glas Ros\u00e9-Sekt<\/p>\n<p style=\"text-align: left;\">\u2714 Verkostung von sieben ausgew\u00e4hlten Weinen inklusive unserer Ros\u00e9 Weine und Sekte<\/p>\n<p style=\"text-align: left;\">\u2714 Exklusive Kellerf\u00fchrung und Besichtigung von Leithaberg Bodenprofilen<\/p>\n<p style=\"text-align: left;\">\u2714 Feine K\u00e4se-Auswahl und Esterhazy Wildfleisch-Spezialit\u00e4ten &amp; Bio Pannonier Brot<\/p>\n<p style=\"text-align: left;\">\n<p style=\"text-align: left;\">\n<p style=\"text-align: center;\">Die Pl\u00e4tze sind begrenzt \u2013 sichern Sie sich jetzt Ihren Platz f\u00fcr diesen besonderen Abend! <span>Wir empfehlen eine rechtzeitige Reservierung bis sp\u00e4testens 18 Uhr am Vortag unter Tel: 02682\/633 48 17 oder per E-Mail an\u00a0<\/span><a href=\"mailto:shop@esterhazywein.at\" contenteditable=\"false\" title=\"mailto:shop@esterhazywein.at\"><span>shop@esterhazywein.at<\/span><\/a><span>.<\/span><\/p>\n<p>[\/et_pb_text][\/et_pb_column][\/et_pb_row][et_pb_row _builder_version=&#8220;4.24.2&#8243; _module_preset=&#8220;default&#8220; global_colors_info=&#8220;{}&#8220;][et_pb_column type=&#8220;4_4&#8243; _builder_version=&#8220;4.24.2&#8243; _module_preset=&#8220;default&#8220; global_colors_info=&#8220;{}&#8220;][et_pb_button button_url=&#8220;mailto:shop@esterhazywein.at&#8220; button_text=&#8220;BUCHEN SIE HIER IHR T&#038;T VALENTINS-SPECIAL&#8220; button_alignment=&#8220;center&#8220; _builder_version=&#8220;4.24.2&#8243; _module_preset=&#8220;default&#8220; custom_button=&#8220;on&#8220; button_text_size=&#8220;14px&#8220; button_text_color=&#8220;#000000&#8243; button_bg_color=&#8220;#FFFFFF&#8220; button_border_color=&#8220;#000000&#8243; button_border_radius=&#8220;0px&#8220; custom_padding=&#8220;20px|50px|20px|50px|false|false&#8220; global_colors_info=&#8220;{}&#8220;][\/et_pb_button][\/et_pb_column][\/et_pb_row][\/et_pb_section]<\/p>","protected":false},"excerpt":{"rendered":"<p>FROM LEITHABERG WITH LOVEAuf der Suche nach einer besonderen Geschenkidee zum Valentinstag? Wir haben uns etwas ganz Besonderes f\u00fcr Sie und Ihre Liebsten ausgedacht! Tauschen Sie den klassischen Restaurantbesuch gegen ein au\u00dfergew\u00f6hnliches Erlebnis ein, das alle Sinne ber\u00fchrt. Zum Fest der Liebe bieten wir Ihnen ein exklusives \u201eTour &amp; Tasting\u201c als Valentinstags-Special mit sieben erlesenen [&hellip;]<\/p>","protected":false},"author":8,"featured_media":0,"parent":0,"menu_order":0,"comment_status":"closed","ping_status":"closed","template":"","meta":{"_et_pb_use_builder":"on","_et_pb_old_content":"","_et_gb_content_width":"","footnotes":""},"class_list":["post-227036","page","type-page","status-publish","hentry"],"yoast_head":"<!-- This site is optimized with the Yoast SEO plugin v25.4 - https:\/\/yoast.com\/wordpress\/plugins\/seo\/ -->\n<title>Valentinstag - esterhazywein.at<\/title>\n<meta name=\"robots\" content=\"index, follow, max-snippet:-1, max-image-preview:large, max-video-preview:-1\" \/>\n<link rel=\"canonical\" href=\"https:\/\/esterhazywein.at\/en\/valentinstag\/\" \/>\n<meta property=\"og:locale\" content=\"en_GB\" \/>\n<meta property=\"og:type\" content=\"article\" \/>\n<meta property=\"og:title\" content=\"Valentinstag - esterhazywein.at\" \/>\n<meta property=\"og:description\" content=\"FROM LEITHABERG WITH LOVEAuf der Suche nach einer besonderen Geschenkidee zum Valentinstag? Wir haben uns etwas ganz Besonderes f\u00fcr Sie und Ihre Liebsten ausgedacht! Tauschen Sie den klassischen Restaurantbesuch gegen ein au\u00dfergew\u00f6hnliches Erlebnis ein, das alle Sinne ber\u00fchrt. Zum Fest der Liebe bieten wir Ihnen ein exklusives \u201eTour &amp; Tasting\u201c als Valentinstags-Special mit sieben erlesenen [&hellip;]\" \/>\n<meta property=\"og:url\" content=\"https:\/\/esterhazywein.at\/en\/valentinstag\/\" \/>\n<meta property=\"og:site_name\" content=\"esterhazywein.at\" \/>\n<meta property=\"article:modified_time\" content=\"2025-04-30T14:34:52+00:00\" \/>\n<meta name=\"twitter:card\" content=\"summary_large_image\" \/>\n<script type=\"application\/ld+json\" class=\"yoast-schema-graph\">{\"@context\":\"https:\/\/schema.org\",\"@graph\":[{\"@type\":\"WebPage\",\"@id\":\"https:\/\/esterhazywein.at\/valentinstag\/\",\"url\":\"https:\/\/esterhazywein.at\/valentinstag\/\",\"name\":\"Valentinstag - esterhazywein.at\",\"isPartOf\":{\"@id\":\"https:\/\/esterhazywein.at\/#website\"},\"datePublished\":\"2025-02-05T14:11:08+00:00\",\"dateModified\":\"2025-04-30T14:34:52+00:00\",\"breadcrumb\":{\"@id\":\"https:\/\/esterhazywein.at\/valentinstag\/#breadcrumb\"},\"inLanguage\":\"en-GB\",\"potentialAction\":[{\"@type\":\"ReadAction\",\"target\":[\"https:\/\/esterhazywein.at\/valentinstag\/\"]}]},{\"@type\":\"BreadcrumbList\",\"@id\":\"https:\/\/esterhazywein.at\/valentinstag\/#breadcrumb\",\"itemListElement\":[{\"@type\":\"ListItem\",\"position\":1,\"name\":\"Home\",\"item\":\"https:\/\/esterhazywein.at\/\"},{\"@type\":\"ListItem\",\"position\":2,\"name\":\"Valentinstag\"}]},{\"@type\":\"WebSite\",\"@id\":\"https:\/\/esterhazywein.at\/#website\",\"url\":\"https:\/\/esterhazywein.at\/\",\"name\":\"esterhazywein.at\",\"description\":\"Weingut Esterhazy\",\"potentialAction\":[{\"@type\":\"SearchAction\",\"target\":{\"@type\":\"EntryPoint\",\"urlTemplate\":\"https:\/\/esterhazywein.at\/?s={search_term_string}\"},\"query-input\":{\"@type\":\"PropertyValueSpecification\",\"valueRequired\":true,\"valueName\":\"search_term_string\"}}],\"inLanguage\":\"en-GB\"}]}<\/script>\n<!-- \/ Yoast SEO plugin. -->","yoast_head_json":{"title":"Valentinstag - esterhazywein.at","robots":{"index":"index","follow":"follow","max-snippet":"max-snippet:-1","max-image-preview":"max-image-preview:large","max-video-preview":"max-video-preview:-1"},"canonical":"https:\/\/esterhazywein.at\/en\/valentinstag\/","og_locale":"en_GB","og_type":"article","og_title":"Valentinstag - esterhazywein.at","og_description":"FROM LEITHABERG WITH LOVEAuf der Suche nach einer besonderen Geschenkidee zum Valentinstag? Wir haben uns etwas ganz Besonderes f\u00fcr Sie und Ihre Liebsten ausgedacht! Tauschen Sie den klassischen Restaurantbesuch gegen ein au\u00dfergew\u00f6hnliches Erlebnis ein, das alle Sinne ber\u00fchrt. Zum Fest der Liebe bieten wir Ihnen ein exklusives \u201eTour &amp; Tasting\u201c als Valentinstags-Special mit sieben erlesenen [&hellip;]","og_url":"https:\/\/esterhazywein.at\/en\/valentinstag\/","og_site_name":"esterhazywein.at","article_modified_time":"2025-04-30T14:34:52+00:00","twitter_card":"summary_large_image","schema":{"@context":"https:\/\/schema.org","@graph":[{"@type":"WebPage","@id":"https:\/\/esterhazywein.at\/valentinstag\/","url":"https:\/\/esterhazywein.at\/valentinstag\/","name":"Valentinstag - esterhazywein.at","isPartOf":{"@id":"https:\/\/esterhazywein.at\/#website"},"datePublished":"2025-02-05T14:11:08+00:00","dateModified":"2025-04-30T14:34:52+00:00","breadcrumb":{"@id":"https:\/\/esterhazywein.at\/valentinstag\/#breadcrumb"},"inLanguage":"en-GB","potentialAction":[{"@type":"ReadAction","target":["https:\/\/esterhazywein.at\/valentinstag\/"]}]},{"@type":"BreadcrumbList","@id":"https:\/\/esterhazywein.at\/valentinstag\/#breadcrumb","itemListElement":[{"@type":"ListItem","position":1,"name":"Home","item":"https:\/\/esterhazywein.at\/"},{"@type":"ListItem","position":2,"name":"Valentinstag"}]},{"@type":"WebSite","@id":"https:\/\/esterhazywein.at\/#website","url":"https:\/\/esterhazywein.at\/","name":"esterhazywein.at","description":"Weingut Esterhazy","potentialAction":[{"@type":"SearchAction","target":{"@type":"EntryPoint","urlTemplate":"https:\/\/esterhazywein.at\/?s={search_term_string}"},"query-input":{"@type":"PropertyValueSpecification","valueRequired":true,"valueName":"search_term_string"}}],"inLanguage":"en-GB"}]}},"jetpack_sharing_enabled":true,"_links":{"self":[{"href":"https:\/\/esterhazywein.at\/en\/wp-json\/wp\/v2\/pages\/227036","targetHints":{"allow":["GET"]}}],"collection":[{"href":"https:\/\/esterhazywein.at\/en\/wp-json\/wp\/v2\/pages"}],"about":[{"href":"https:\/\/esterhazywein.at\/en\/wp-json\/wp\/v2\/types\/page"}],"author":[{"embeddable":true,"href":"https:\/\/esterhazywein.at\/en\/wp-json\/wp\/v2\/users\/8"}],"replies":[{"embeddable":true,"href":"https:\/\/esterhazywein.at\/en\/wp-json\/wp\/v2\/comments?post=227036"}],"version-history":[{"count":9,"href":"https:\/\/esterhazywein.at\/en\/wp-json\/wp\/v2\/pages\/227036\/revisions"}],"predecessor-version":[{"id":227692,"href":"https:\/\/esterhazywein.at\/en\/wp-json\/wp\/v2\/pages\/227036\/revisions\/227692"}],"wp:attachment":[{"href":"https:\/\/esterhazywein.at\/en\/wp-json\/wp\/v2\/media?parent=227036"}],"curies":[{"name":"wp","href":"https:\/\/api.w.org\/{rel}","templated":true}]}}