{"id":228143,"date":"2025-08-04T14:47:52","date_gmt":"2025-08-04T12:47:52","guid":{"rendered":"https:\/\/esterhazywein.at\/?page_id=228143"},"modified":"2025-08-04T14:51:18","modified_gmt":"2025-08-04T12:51:18","slug":"barrierefreiheit","status":"publish","type":"page","link":"https:\/\/esterhazywein.at\/en\/barrierefreiheit\/","title":{"rendered":"Barrierefreiheit"},"content":{"rendered":"<p>[et_pb_section fb_built=&#8220;1&#8243; _builder_version=&#8220;4.19.4&#8243; _module_preset=&#8220;default&#8220; locked=&#8220;off&#8220; global_colors_info=&#8220;{}&#8220;][et_pb_row _builder_version=&#8220;4.19.4&#8243; _module_preset=&#8220;default&#8220; global_colors_info=&#8220;{}&#8220;][et_pb_column type=&#8220;4_4&#8243; _builder_version=&#8220;4.19.4&#8243; _module_preset=&#8220;default&#8220; global_colors_info=&#8220;{}&#8220;][et_pb_text _builder_version=&#8220;4.27.4&#8243; _module_preset=&#8220;default&#8220; text_font=&#8220;Futura LP Pro book||||||||&#8220; link_text_color=&#8220;#986777&#8243; header_2_font=&#8220;Corporate A bold||||||||&#8220; hover_enabled=&#8220;0&#8243; global_colors_info=&#8220;{}&#8220; sticky_enabled=&#8220;0&#8243;]<\/p>\n<h2><strong>Erkl\u00e4rung zur Barrierefreiheit<\/strong><\/h2>\n<p><strong><\/strong><\/p>\n<p>Wir sind bem\u00fcht, unsere Website im Einklang mit dem Barrierefreiheitsgesetz idgF zur Umsetzung der europ\u00e4ischen Barrierefreiheitsrichtlinie (<a href=\"https:\/\/eur-lex.europa.eu\/legal-content\/DE\/TXT\/?uri=CELEX%3A32019L0882\" target=\"_blank\" rel=\"noopener\"><span>RL 2019\/882<\/span><\/a>) \u00fcber die Barrierefreiheitsanforderungen von Produkten und Dienstleistungen barrierefrei zug\u00e4nglich zu gestalten.<\/p>\n<p>Dabei wurde die Richtlinie f\u00fcr barrierefreie Webinhalte \u2013 WCAG 2.2 so weit wie m\u00f6glich eingehalten.<\/p>\n<p>Diese Erkl\u00e4rung zur Barrierefreiheit gilt f\u00fcr die Website <a href=\"https:\/\/esterhazywein.at\/en\/\"><span>https:\/\/esterhazywein.at\/<\/span><\/a><\/p>\n<p>&nbsp;<\/p>\n<p><b>Nicht barrierefreie Inhalte<\/b><b><\/b><\/p>\n<p>Im Zuge der Tests wurde auch das Plugin \u201eTranslatePress\u201c, welches wir f\u00fcr die Bereitstellung von englischen Inhalten nutzen, getestet und als nur teilweise barrierefrei befunden.<\/p>\n<p>&nbsp;<\/p>\n<p><b>Erstellung der Erkl\u00e4rung zur Barrierefreiheit<\/b><br \/>Diese Erkl\u00e4rung wurde im Juli 2025 erstellt.<\/p>\n<p>Die Erkl\u00e4rung wurde auf Grundlage einer durchgef\u00fchrten Selbstbewertung erstellt.<\/p>\n<p>Diese Erkl\u00e4rung wurde zuletzt im August 2025 \u00fcberpr\u00fcft.<\/p>\n<p>Unsere Website wird laufend verbessert. Dabei sind uns die Bedienbarkeit und Zug\u00e4nglichkeit ein gro\u00dfes Anliegen. Sollten Sie auf unserer Website auf Barrieren sto\u00dfen, welche Sie bei der Benutzung behindern bzw. einschr\u00e4nken, bitten wir Sie, uns dies an folgende E-Mail-Adresse mitzuteilen: <a href=\"mailto:web@esterhazy.at\"><span>web@esterhazy.at<\/span><\/a><\/p>\n<p>In diesem Fall beschreiben Sie bitte kurz das Problem und f\u00fchren Sie die URL der betroffenen Website oder des Dokuments an. Wir werden Ihre Anfrage pr\u00fcfen und Sie ehestm\u00f6glich kontaktieren.<\/p>\n<p>[\/et_pb_text][\/et_pb_column][\/et_pb_row][\/et_pb_section]<\/p>","protected":false},"excerpt":{"rendered":"<p>Erkl\u00e4rung zur Barrierefreiheit Wir sind bem\u00fcht, unsere Website im Einklang mit dem Barrierefreiheitsgesetz idgF zur Umsetzung der europ\u00e4ischen Barrierefreiheitsrichtlinie (RL 2019\/882) \u00fcber die Barrierefreiheitsanforderungen von Produkten und Dienstleistungen barrierefrei zug\u00e4nglich zu gestalten. Dabei wurde die Richtlinie f\u00fcr barrierefreie Webinhalte \u2013 WCAG 2.2 so weit wie m\u00f6glich eingehalten. Diese Erkl\u00e4rung zur Barrierefreiheit gilt f\u00fcr die Website [&hellip;]<\/p>","protected":false},"author":68,"featured_media":0,"parent":0,"menu_order":0,"comment_status":"closed","ping_status":"closed","template":"","meta":{"_et_pb_use_builder":"on","_et_pb_old_content":"","_et_gb_content_width":"","footnotes":""},"class_list":["post-228143","page","type-page","status-publish","hentry"],"yoast_head":"<!-- This site is optimized with the Yoast SEO plugin v25.4 - https:\/\/yoast.com\/wordpress\/plugins\/seo\/ -->\n<title>Barrierefreiheit - esterhazywein.at<\/title>\n<meta name=\"robots\" content=\"index, follow, max-snippet:-1, max-image-preview:large, max-video-preview:-1\" \/>\n<link rel=\"canonical\" href=\"https:\/\/esterhazywein.at\/en\/barrierefreiheit\/\" \/>\n<meta property=\"og:locale\" content=\"en_GB\" \/>\n<meta property=\"og:type\" content=\"article\" \/>\n<meta property=\"og:title\" content=\"Barrierefreiheit - esterhazywein.at\" \/>\n<meta property=\"og:description\" content=\"Erkl\u00e4rung zur Barrierefreiheit Wir sind bem\u00fcht, unsere Website im Einklang mit dem Barrierefreiheitsgesetz idgF zur Umsetzung der europ\u00e4ischen Barrierefreiheitsrichtlinie (RL 2019\/882) \u00fcber die Barrierefreiheitsanforderungen von Produkten und Dienstleistungen barrierefrei zug\u00e4nglich zu gestalten. Dabei wurde die Richtlinie f\u00fcr barrierefreie Webinhalte \u2013 WCAG 2.2 so weit wie m\u00f6glich eingehalten. Diese Erkl\u00e4rung zur Barrierefreiheit gilt f\u00fcr die Website [&hellip;]\" \/>\n<meta property=\"og:url\" content=\"https:\/\/esterhazywein.at\/en\/barrierefreiheit\/\" \/>\n<meta property=\"og:site_name\" content=\"esterhazywein.at\" \/>\n<meta property=\"article:modified_time\" content=\"2025-08-04T12:51:18+00:00\" \/>\n<meta name=\"twitter:card\" content=\"summary_large_image\" \/>\n<meta name=\"twitter:label1\" content=\"Estimated reading time\" \/>\n\t<meta name=\"twitter:data1\" content=\"2 minutes\" \/>\n<script type=\"application\/ld+json\" class=\"yoast-schema-graph\">{\"@context\":\"https:\/\/schema.org\",\"@graph\":[{\"@type\":\"WebPage\",\"@id\":\"https:\/\/esterhazywein.at\/barrierefreiheit\/\",\"url\":\"https:\/\/esterhazywein.at\/barrierefreiheit\/\",\"name\":\"Barrierefreiheit - esterhazywein.at\",\"isPartOf\":{\"@id\":\"https:\/\/esterhazywein.at\/#website\"},\"datePublished\":\"2025-08-04T12:47:52+00:00\",\"dateModified\":\"2025-08-04T12:51:18+00:00\",\"breadcrumb\":{\"@id\":\"https:\/\/esterhazywein.at\/barrierefreiheit\/#breadcrumb\"},\"inLanguage\":\"en-GB\",\"potentialAction\":[{\"@type\":\"ReadAction\",\"target\":[\"https:\/\/esterhazywein.at\/barrierefreiheit\/\"]}]},{\"@type\":\"BreadcrumbList\",\"@id\":\"https:\/\/esterhazywein.at\/barrierefreiheit\/#breadcrumb\",\"itemListElement\":[{\"@type\":\"ListItem\",\"position\":1,\"name\":\"Home\",\"item\":\"https:\/\/esterhazywein.at\/\"},{\"@type\":\"ListItem\",\"position\":2,\"name\":\"Barrierefreiheit\"}]},{\"@type\":\"WebSite\",\"@id\":\"https:\/\/esterhazywein.at\/#website\",\"url\":\"https:\/\/esterhazywein.at\/\",\"name\":\"esterhazywein.at\",\"description\":\"Weingut Esterhazy\",\"potentialAction\":[{\"@type\":\"SearchAction\",\"target\":{\"@type\":\"EntryPoint\",\"urlTemplate\":\"https:\/\/esterhazywein.at\/?s={search_term_string}\"},\"query-input\":{\"@type\":\"PropertyValueSpecification\",\"valueRequired\":true,\"valueName\":\"search_term_string\"}}],\"inLanguage\":\"en-GB\"}]}<\/script>\n<!-- \/ Yoast SEO plugin. -->","yoast_head_json":{"title":"Barrierefreiheit - esterhazywein.at","robots":{"index":"index","follow":"follow","max-snippet":"max-snippet:-1","max-image-preview":"max-image-preview:large","max-video-preview":"max-video-preview:-1"},"canonical":"https:\/\/esterhazywein.at\/en\/barrierefreiheit\/","og_locale":"en_GB","og_type":"article","og_title":"Barrierefreiheit - esterhazywein.at","og_description":"Erkl\u00e4rung zur Barrierefreiheit Wir sind bem\u00fcht, unsere Website im Einklang mit dem Barrierefreiheitsgesetz idgF zur Umsetzung der europ\u00e4ischen Barrierefreiheitsrichtlinie (RL 2019\/882) \u00fcber die Barrierefreiheitsanforderungen von Produkten und Dienstleistungen barrierefrei zug\u00e4nglich zu gestalten. Dabei wurde die Richtlinie f\u00fcr barrierefreie Webinhalte \u2013 WCAG 2.2 so weit wie m\u00f6glich eingehalten. Diese Erkl\u00e4rung zur Barrierefreiheit gilt f\u00fcr die Website [&hellip;]","og_url":"https:\/\/esterhazywein.at\/en\/barrierefreiheit\/","og_site_name":"esterhazywein.at","article_modified_time":"2025-08-04T12:51:18+00:00","twitter_card":"summary_large_image","twitter_misc":{"Estimated reading time":"2 minutes"},"schema":{"@context":"https:\/\/schema.org","@graph":[{"@type":"WebPage","@id":"https:\/\/esterhazywein.at\/barrierefreiheit\/","url":"https:\/\/esterhazywein.at\/barrierefreiheit\/","name":"Barrierefreiheit - esterhazywein.at","isPartOf":{"@id":"https:\/\/esterhazywein.at\/#website"},"datePublished":"2025-08-04T12:47:52+00:00","dateModified":"2025-08-04T12:51:18+00:00","breadcrumb":{"@id":"https:\/\/esterhazywein.at\/barrierefreiheit\/#breadcrumb"},"inLanguage":"en-GB","potentialAction":[{"@type":"ReadAction","target":["https:\/\/esterhazywein.at\/barrierefreiheit\/"]}]},{"@type":"BreadcrumbList","@id":"https:\/\/esterhazywein.at\/barrierefreiheit\/#breadcrumb","itemListElement":[{"@type":"ListItem","position":1,"name":"Home","item":"https:\/\/esterhazywein.at\/"},{"@type":"ListItem","position":2,"name":"Barrierefreiheit"}]},{"@type":"WebSite","@id":"https:\/\/esterhazywein.at\/#website","url":"https:\/\/esterhazywein.at\/","name":"esterhazywein.at","description":"Weingut Esterhazy","potentialAction":[{"@type":"SearchAction","target":{"@type":"EntryPoint","urlTemplate":"https:\/\/esterhazywein.at\/?s={search_term_string}"},"query-input":{"@type":"PropertyValueSpecification","valueRequired":true,"valueName":"search_term_string"}}],"inLanguage":"en-GB"}]}},"jetpack_sharing_enabled":true,"_links":{"self":[{"href":"https:\/\/esterhazywein.at\/en\/wp-json\/wp\/v2\/pages\/228143","targetHints":{"allow":["GET"]}}],"collection":[{"href":"https:\/\/esterhazywein.at\/en\/wp-json\/wp\/v2\/pages"}],"about":[{"href":"https:\/\/esterhazywein.at\/en\/wp-json\/wp\/v2\/types\/page"}],"author":[{"embeddable":true,"href":"https:\/\/esterhazywein.at\/en\/wp-json\/wp\/v2\/users\/68"}],"replies":[{"embeddable":true,"href":"https:\/\/esterhazywein.at\/en\/wp-json\/wp\/v2\/comments?post=228143"}],"version-history":[{"count":5,"href":"https:\/\/esterhazywein.at\/en\/wp-json\/wp\/v2\/pages\/228143\/revisions"}],"predecessor-version":[{"id":228154,"href":"https:\/\/esterhazywein.at\/en\/wp-json\/wp\/v2\/pages\/228143\/revisions\/228154"}],"wp:attachment":[{"href":"https:\/\/esterhazywein.at\/en\/wp-json\/wp\/v2\/media?parent=228143"}],"curies":[{"name":"wp","href":"https:\/\/api.w.org\/{rel}","templated":true}]}}