{"id":229278,"date":"2026-01-14T12:56:45","date_gmt":"2026-01-14T11:56:45","guid":{"rendered":"https:\/\/esterhazywein.at\/?page_id=229278"},"modified":"2026-03-30T13:26:26","modified_gmt":"2026-03-30T11:26:26","slug":"tour-und-tasting","status":"publish","type":"page","link":"https:\/\/esterhazywein.at\/en\/tour-und-tasting\/","title":{"rendered":"Tour &amp; Tasting"},"content":{"rendered":"<p>[et_pb_section fb_built=&#8220;1&#8243; custom_padding_last_edited=&#8220;on|phone&#8220; disabled_on=&#8220;off|off|off&#8220; _builder_version=&#8220;4.27.4&#8243; _module_preset=&#8220;default&#8220; background_image=&#8220;https:\/\/esterhazywein.at\/wp-content\/uploads\/2024\/09\/035-230607_Esterhazy-1308537131440131.jpg&#8220; min_height=&#8220;500px&#8220; min_height_tablet=&#8220;400px&#8220; min_height_phone=&#8220;100%&#8220; min_height_last_edited=&#8220;on|phone&#8220; custom_margin=&#8220;0px||||false|false&#8220; custom_margin_tablet=&#8220;0px||||false|false&#8220; custom_margin_phone=&#8220;-23px||||false|false&#8220; custom_margin_last_edited=&#8220;on|phone&#8220; custom_padding=&#8220;311px||29px||false|false&#8220; custom_padding_tablet=&#8220;311px||29px||false|false&#8220; custom_padding_phone=&#8220;170px||||false|false&#8220; background_last_edited=&#8220;on|phone&#8220; background_size_tablet=&#8220;cover&#8220; background_size_phone=&#8220;cover&#8220; locked=&#8220;off&#8220; global_colors_info=&#8220;{}&#8220;][\/et_pb_section][et_pb_section fb_built=&#8220;1&#8243; custom_padding_last_edited=&#8220;on|phone&#8220; _builder_version=&#8220;4.27.4&#8243; _module_preset=&#8220;default&#8220; custom_margin=&#8220;0px||0px||false|false&#8220; custom_padding=&#8220;67px||70px||false|false&#8220; custom_padding_tablet=&#8220;0px||0px||false|false&#8220; custom_padding_phone=&#8220;20px||0px||false|false&#8220; locked=&#8220;off&#8220; global_colors_info=&#8220;{}&#8220;][et_pb_row custom_padding_last_edited=&#8220;on|tablet&#8220; _builder_version=&#8220;4.27.4&#8243; _module_preset=&#8220;default&#8220; width_tablet=&#8220;&#8220; width_phone=&#8220;85%&#8220; width_last_edited=&#8220;on|phone&#8220; min_height=&#8220;93.5px&#8220; custom_padding=&#8220;||0px|||&#8220; custom_padding_tablet=&#8220;50px||0px||false|false&#8220; custom_padding_phone=&#8220;50px||0px||false|false&#8220; global_colors_info=&#8220;{}&#8220;][et_pb_column type=&#8220;4_4&#8243; _builder_version=&#8220;4.20.2&#8243; _module_preset=&#8220;default&#8220; global_colors_info=&#8220;{}&#8220;][et_pb_text _builder_version=&#8220;4.27.4&#8243; _module_preset=&#8220;default&#8220; text_font=&#8220;Futura LP Pro light||||||||&#8220; text_text_color=&#8220;#986777&#8243; text_font_size=&#8220;18px&#8220; text_letter_spacing=&#8220;2px&#8220; global_colors_info=&#8220;{}&#8220;]<\/p>\n<p style=\"text-align: center;\"><span>VISIT US AT THE WINERY<\/span><\/p>\n<p>[\/et_pb_text][et_pb_text _builder_version=&#8220;4.27.4&#8243; _module_preset=&#8220;default&#8220; text_font=&#8220;Futura LP Pro book||||||||&#8220; text_font_size=&#8220;18px&#8220; header_font=&#8220;Corporate A bold||||||||&#8220; header_font_size=&#8220;35px&#8220; transform_translate=&#8220;0px|-9px&#8220; custom_margin=&#8220;||0px||false|false&#8220; global_colors_info=&#8220;{}&#8220;]<\/p>\n<h1 style=\"text-align: center;\"><strong>Tour &amp; Tasting packages at the winery<\/strong><\/h1>\n<p style=\"text-align: center;\">[\/et_pb_text][\/et_pb_column][\/et_pb_row][et_pb_row _builder_version=&#8220;4.27.4&#8243; _module_preset=&#8220;default&#8220; width_tablet=&#8220;&#8220; width_phone=&#8220;85%&#8220; width_last_edited=&#8220;on|phone&#8220; custom_padding=&#8220;27px||87px|||&#8220; hover_enabled=&#8220;0&#8243; global_colors_info=&#8220;{}&#8220; sticky_enabled=&#8220;0&#8243;][et_pb_column type=&#8220;4_4&#8243; _builder_version=&#8220;4.20.2&#8243; _module_preset=&#8220;default&#8220; global_colors_info=&#8220;{}&#8220;][et_pb_text _builder_version=&#8220;4.27.4&#8243; _module_preset=&#8220;default&#8220; text_font=&#8220;Futura LP Pro book||||||||&#8220; text_font_size=&#8220;17px&#8220; link_font=&#8220;Futura LP Pro book||||||||&#8220; link_text_color=&#8220;#986777&#8243; hover_enabled=&#8220;0&#8243; global_colors_info=&#8220;{}&#8220; sticky_enabled=&#8220;0&#8243;]<\/p>\n<p style=\"text-align: left;\">At Tour &amp; Tasting, you\u2019ll explore the Esterh\u00e1zy Winery, the cellar, and a selection of wines. You can choose between two options:<\/p>\n<p style=\"text-align: left;\"><span style=\"font-size: x-large;\"><strong>Tour &amp; Tasting Classic<\/strong><\/span><br \/><strong>\u20ac 20,- per person<\/strong> \/ Duration: 1 hour<br \/>Welcome glass of sparkling wine, cellar tour, wine tasting of 5 selected wines, organic Pannonian bread<\/p>\n<p style=\"text-align: left;\"><span style=\"font-size: x-large;\"><strong><\/strong><\/span><\/p>\n<p style=\"text-align: left;\"><span style=\"font-size: x-large;\"><strong>Tour &amp; Tasting Exclusive<\/strong><\/span><br \/><strong>\u20ac 35,- per person<\/strong> \/ Duration: 2 hours<br \/>Welcome glass of sparkling wine, cellar tour, wine tasting of 7 exclusive wines, cheese, and Esterhazy game specialties, organic Pannonier bread<\/p>\n<p style=\"text-align: left;\">Our Tour &amp; Tasting programs are available daily <strong>Monday to Friday at 2:30 pm<\/strong> Please contact us for bookings and enquiries outside these times, as well as for group tours with more than 10 people:<\/p>\n<p style=\"text-align: left;\"><strong>Contact<\/strong><br \/><span style=\"color: #986777;\"><span>\ud83d\udcde <a href=\"tel: 4326826334817\">02682 \/ 633 48 17<\/a><\/span><br \/><span>\u2709\ufe0f <a href=\"mailto:shop@esterhazywein.at\">shop@esterhazywein.at<\/a><\/span><\/span><\/p>\n<p>[\/et_pb_text][et_pb_button button_url=&#8220;mailto:shop@esterhazywein.at&#8220; url_new_window=&#8220;on&#8220; button_text=&#8220;BUCHEN SIE HIER IHR TOUR &#038; TASTING&#8220; button_alignment=&#8220;center&#8220; _builder_version=&#8220;4.27.4&#8243; custom_button=&#8220;on&#8220; button_text_size=&#8220;14px&#8220; button_text_color=&#8220;#000000&#8243; button_bg_color=&#8220;rgba(0,0,0,0)&#8220; button_border_color=&#8220;#280400&#8243; button_border_radius=&#8220;0px&#8220; button_font=&#8220;Futura LP Pro book||||||||&#8220; button_use_icon=&#8220;off&#8220; transform_translate=&#8220;-3px|-10px&#8220; custom_margin=&#8220;75px||||false|false&#8220; custom_padding=&#8220;20px|50px|20px|50px|false|true&#8220; custom_padding_tablet=&#8220;|50px||50px|false|true&#8220; custom_padding_phone=&#8220;16px|40px|16px|40px|true|true&#8220; custom_padding_last_edited=&#8220;off|phone&#8220; button_bg_color_last_edited=&#8220;off|desktop&#8220; locked=&#8220;off&#8220; global_colors_info=&#8220;{}&#8220; button_bg_color__hover_enabled=&#8220;on|hover&#8220; button_bg_color__hover=&#8220;#280400&#8243; button_bg_enable_color__hover=&#8220;on&#8220; button_text_color__hover_enabled=&#8220;on|desktop&#8220; button_text_color__hover=&#8220;#e8e2d7&#8243;][\/et_pb_button][\/et_pb_column][\/et_pb_row][\/et_pb_section]<\/p>","protected":false},"excerpt":{"rendered":"<p>BESUCHEN SIE UNS AM WEINGUTTour &amp; Tasting am Weingut Esterh\u00e1zy Bei Tour &amp; Tasting erleben Sie das Weingut Esterh\u00e1zy, den Keller und ausgew\u00e4hlte Weine. Sie k\u00f6nnen zwischen zwei Angeboten w\u00e4hlen: Tour &amp; Tasting Classic\u20ac 20,- pro Person \/ Dauer 1 StundeBegr\u00fc\u00dfungssekt, Kellerf\u00fchrung, Weinverkostung von 5 ausgew\u00e4hlten Weinen, Bio Pannonier Brot Tour &amp; Tasting Exclusive\u20ac 35,- [&hellip;]<\/p>","protected":false},"author":68,"featured_media":0,"parent":0,"menu_order":0,"comment_status":"closed","ping_status":"closed","template":"","meta":{"_et_pb_use_builder":"on","_et_pb_old_content":"","_et_gb_content_width":"","footnotes":""},"class_list":["post-229278","page","type-page","status-publish","hentry"],"yoast_head":"<!-- This site is optimized with the Yoast SEO plugin v25.4 - https:\/\/yoast.com\/wordpress\/plugins\/seo\/ -->\n<title>Tour &amp; Tasting - esterhazywein.at<\/title>\n<meta name=\"robots\" content=\"index, follow, max-snippet:-1, max-image-preview:large, max-video-preview:-1\" \/>\n<link rel=\"canonical\" href=\"https:\/\/esterhazywein.at\/en\/tour-und-tasting\/\" \/>\n<meta property=\"og:locale\" content=\"en_GB\" \/>\n<meta property=\"og:type\" content=\"article\" \/>\n<meta property=\"og:title\" content=\"Tour &amp; Tasting - esterhazywein.at\" \/>\n<meta property=\"og:description\" content=\"BESUCHEN SIE UNS AM WEINGUTTour &amp; Tasting am Weingut Esterh\u00e1zy Bei Tour &amp; Tasting erleben Sie das Weingut Esterh\u00e1zy, den Keller und ausgew\u00e4hlte Weine. Sie k\u00f6nnen zwischen zwei Angeboten w\u00e4hlen: Tour &amp; Tasting Classic\u20ac 20,- pro Person \/ Dauer 1 StundeBegr\u00fc\u00dfungssekt, Kellerf\u00fchrung, Weinverkostung von 5 ausgew\u00e4hlten Weinen, Bio Pannonier Brot Tour &amp; Tasting Exclusive\u20ac 35,- [&hellip;]\" \/>\n<meta property=\"og:url\" content=\"https:\/\/esterhazywein.at\/en\/tour-und-tasting\/\" \/>\n<meta property=\"og:site_name\" content=\"esterhazywein.at\" \/>\n<meta property=\"article:modified_time\" content=\"2026-03-30T11:26:26+00:00\" \/>\n<meta name=\"twitter:card\" content=\"summary_large_image\" \/>\n<script type=\"application\/ld+json\" class=\"yoast-schema-graph\">{\"@context\":\"https:\/\/schema.org\",\"@graph\":[{\"@type\":\"WebPage\",\"@id\":\"https:\/\/esterhazywein.at\/tour-und-tasting\/\",\"url\":\"https:\/\/esterhazywein.at\/tour-und-tasting\/\",\"name\":\"Tour &amp; Tasting - esterhazywein.at\",\"isPartOf\":{\"@id\":\"https:\/\/esterhazywein.at\/#website\"},\"datePublished\":\"2026-01-14T11:56:45+00:00\",\"dateModified\":\"2026-03-30T11:26:26+00:00\",\"breadcrumb\":{\"@id\":\"https:\/\/esterhazywein.at\/tour-und-tasting\/#breadcrumb\"},\"inLanguage\":\"en-GB\",\"potentialAction\":[{\"@type\":\"ReadAction\",\"target\":[\"https:\/\/esterhazywein.at\/tour-und-tasting\/\"]}]},{\"@type\":\"BreadcrumbList\",\"@id\":\"https:\/\/esterhazywein.at\/tour-und-tasting\/#breadcrumb\",\"itemListElement\":[{\"@type\":\"ListItem\",\"position\":1,\"name\":\"Home\",\"item\":\"https:\/\/esterhazywein.at\/\"},{\"@type\":\"ListItem\",\"position\":2,\"name\":\"Tour &amp; Tasting\"}]},{\"@type\":\"WebSite\",\"@id\":\"https:\/\/esterhazywein.at\/#website\",\"url\":\"https:\/\/esterhazywein.at\/\",\"name\":\"esterhazywein.at\",\"description\":\"Weingut Esterhazy\",\"potentialAction\":[{\"@type\":\"SearchAction\",\"target\":{\"@type\":\"EntryPoint\",\"urlTemplate\":\"https:\/\/esterhazywein.at\/?s={search_term_string}\"},\"query-input\":{\"@type\":\"PropertyValueSpecification\",\"valueRequired\":true,\"valueName\":\"search_term_string\"}}],\"inLanguage\":\"en-GB\"}]}<\/script>\n<!-- \/ Yoast SEO plugin. -->","yoast_head_json":{"title":"Tour &amp; Tasting - esterhazywein.at","robots":{"index":"index","follow":"follow","max-snippet":"max-snippet:-1","max-image-preview":"max-image-preview:large","max-video-preview":"max-video-preview:-1"},"canonical":"https:\/\/esterhazywein.at\/en\/tour-und-tasting\/","og_locale":"en_GB","og_type":"article","og_title":"Tour &amp; Tasting - esterhazywein.at","og_description":"BESUCHEN SIE UNS AM WEINGUTTour &amp; Tasting am Weingut Esterh\u00e1zy Bei Tour &amp; Tasting erleben Sie das Weingut Esterh\u00e1zy, den Keller und ausgew\u00e4hlte Weine. Sie k\u00f6nnen zwischen zwei Angeboten w\u00e4hlen: Tour &amp; Tasting Classic\u20ac 20,- pro Person \/ Dauer 1 StundeBegr\u00fc\u00dfungssekt, Kellerf\u00fchrung, Weinverkostung von 5 ausgew\u00e4hlten Weinen, Bio Pannonier Brot Tour &amp; Tasting Exclusive\u20ac 35,- [&hellip;]","og_url":"https:\/\/esterhazywein.at\/en\/tour-und-tasting\/","og_site_name":"esterhazywein.at","article_modified_time":"2026-03-30T11:26:26+00:00","twitter_card":"summary_large_image","schema":{"@context":"https:\/\/schema.org","@graph":[{"@type":"WebPage","@id":"https:\/\/esterhazywein.at\/tour-und-tasting\/","url":"https:\/\/esterhazywein.at\/tour-und-tasting\/","name":"Tour &amp; Tasting - esterhazywein.at","isPartOf":{"@id":"https:\/\/esterhazywein.at\/#website"},"datePublished":"2026-01-14T11:56:45+00:00","dateModified":"2026-03-30T11:26:26+00:00","breadcrumb":{"@id":"https:\/\/esterhazywein.at\/tour-und-tasting\/#breadcrumb"},"inLanguage":"en-GB","potentialAction":[{"@type":"ReadAction","target":["https:\/\/esterhazywein.at\/tour-und-tasting\/"]}]},{"@type":"BreadcrumbList","@id":"https:\/\/esterhazywein.at\/tour-und-tasting\/#breadcrumb","itemListElement":[{"@type":"ListItem","position":1,"name":"Home","item":"https:\/\/esterhazywein.at\/"},{"@type":"ListItem","position":2,"name":"Tour &amp; Tasting"}]},{"@type":"WebSite","@id":"https:\/\/esterhazywein.at\/#website","url":"https:\/\/esterhazywein.at\/","name":"esterhazywein.at","description":"Weingut Esterhazy","potentialAction":[{"@type":"SearchAction","target":{"@type":"EntryPoint","urlTemplate":"https:\/\/esterhazywein.at\/?s={search_term_string}"},"query-input":{"@type":"PropertyValueSpecification","valueRequired":true,"valueName":"search_term_string"}}],"inLanguage":"en-GB"}]}},"jetpack_sharing_enabled":true,"_links":{"self":[{"href":"https:\/\/esterhazywein.at\/en\/wp-json\/wp\/v2\/pages\/229278","targetHints":{"allow":["GET"]}}],"collection":[{"href":"https:\/\/esterhazywein.at\/en\/wp-json\/wp\/v2\/pages"}],"about":[{"href":"https:\/\/esterhazywein.at\/en\/wp-json\/wp\/v2\/types\/page"}],"author":[{"embeddable":true,"href":"https:\/\/esterhazywein.at\/en\/wp-json\/wp\/v2\/users\/68"}],"replies":[{"embeddable":true,"href":"https:\/\/esterhazywein.at\/en\/wp-json\/wp\/v2\/comments?post=229278"}],"version-history":[{"count":37,"href":"https:\/\/esterhazywein.at\/en\/wp-json\/wp\/v2\/pages\/229278\/revisions"}],"predecessor-version":[{"id":229763,"href":"https:\/\/esterhazywein.at\/en\/wp-json\/wp\/v2\/pages\/229278\/revisions\/229763"}],"wp:attachment":[{"href":"https:\/\/esterhazywein.at\/en\/wp-json\/wp\/v2\/media?parent=229278"}],"curies":[{"name":"wp","href":"https:\/\/api.w.org\/{rel}","templated":true}]}}