{"id":229705,"date":"2026-03-30T08:40:52","date_gmt":"2026-03-30T06:40:52","guid":{"rendered":"https:\/\/esterhazywein.at\/?page_id=229705"},"modified":"2026-03-30T12:29:27","modified_gmt":"2026-03-30T10:29:27","slug":"afterwork-chill","status":"publish","type":"page","link":"https:\/\/esterhazywein.at\/en\/afterwork-chill\/","title":{"rendered":"Afterwork-Chill"},"content":{"rendered":"<p>[et_pb_section fb_built=&#8220;1&#8243; custom_padding_last_edited=&#8220;on|phone&#8220; disabled_on=&#8220;off|off|off&#8220; _builder_version=&#8220;4.27.4&#8243; _module_preset=&#8220;default&#8220; background_image=&#8220;https:\/\/esterhazywein.at\/wp-content\/uploads\/2026\/03\/AFTERWORK-CHILL-scaled.jpg&#8220; min_height=&#8220;500px&#8220; min_height_tablet=&#8220;400px&#8220; min_height_phone=&#8220;100%&#8220; min_height_last_edited=&#8220;on|phone&#8220; custom_margin=&#8220;0px||||false|false&#8220; custom_margin_tablet=&#8220;0px||||false|false&#8220; custom_margin_phone=&#8220;-23px||||false|false&#8220; custom_margin_last_edited=&#8220;on|phone&#8220; custom_padding=&#8220;311px||29px||false|false&#8220; custom_padding_tablet=&#8220;311px||29px||false|false&#8220; custom_padding_phone=&#8220;200px||||false|false&#8220; background_last_edited=&#8220;on|phone&#8220; background_size_tablet=&#8220;cover&#8220; background_size_phone=&#8220;cover&#8220; locked=&#8220;off&#8220; global_colors_info=&#8220;{}&#8220;][\/et_pb_section][et_pb_section fb_built=&#8220;1&#8243; _builder_version=&#8220;4.27.4&#8243; _module_preset=&#8220;default&#8220; locked=&#8220;off&#8220; global_colors_info=&#8220;{}&#8220;][et_pb_row _builder_version=&#8220;4.27.4&#8243; _module_preset=&#8220;default&#8220; width_tablet=&#8220;&#8220; width_phone=&#8220;85%&#8220; width_last_edited=&#8220;on|phone&#8220; min_height=&#8220;402.7px&#8220; custom_padding=&#8220;||||false|false&#8220; locked=&#8220;off&#8220; global_colors_info=&#8220;{}&#8220;][et_pb_column type=&#8220;4_4&#8243; _builder_version=&#8220;4.24.2&#8243; _module_preset=&#8220;default&#8220; global_colors_info=&#8220;{}&#8220;][et_pb_text _builder_version=&#8220;4.27.4&#8243; _module_preset=&#8220;default&#8220; text_font=&#8220;Futura LP Pro light||||||||&#8220; text_text_color=&#8220;#986777&#8243; text_font_size=&#8220;18px&#8220; text_letter_spacing=&#8220;2px&#8220; locked=&#8220;off&#8220; global_colors_info=&#8220;{}&#8220;]<\/p>\n<p style=\"text-align: center;\"><span>YOUR AFTER-WORK EXPERIENCE<\/span><\/p>\n<p>[\/et_pb_text][et_pb_text _builder_version=&#8220;4.27.4&#8243; _module_preset=&#8220;default&#8220; text_font=&#8220;Corporate A bold||||||||&#8220; text_text_color=&#8220;#000000&#8243; text_font_size=&#8220;32px&#8220; text_line_height=&#8220;2em&#8220; header_font=&#8220;Corporate A bold||||||||&#8220; header_font_size=&#8220;35px&#8220; global_colors_info=&#8220;{}&#8220;]<\/p>\n<h1 style=\"text-align: center;\"><span data-teams=\"true\"><strong>Afterwork-Chill <\/strong><\/span><span data-teams=\"true\"><strong>am Weingut Esterh\u00e1zy<\/strong>\u00a0<\/span><\/h1>\n<p>[\/et_pb_text][et_pb_text disabled_on=&#8220;on|off|off&#8220; _builder_version=&#8220;4.27.4&#8243; _module_preset=&#8220;default&#8220; text_font=&#8220;Futura LP Pro book||||||||&#8220; text_font_size=&#8220;17px&#8220; link_text_color=&#8220;#986777&#8243; header_2_font=&#8220;Futura LP Pro book||||||||&#8220; header_2_font_size=&#8220;18px&#8220; custom_padding=&#8220;2px||40px||false|false&#8220; hover_enabled=&#8220;0&#8243; global_colors_info=&#8220;{}&#8220; sticky_enabled=&#8220;0&#8243;]<\/p>\n<p><span>Fancy a chill-out at the winery with a fine glass of wine among the vines?\u00a0<\/span><\/p>\n<p><span><strong>In a relaxed atmosphere,<\/strong> we\u2019ll give you a tour through our cellar and taste 7 <strong>selected wines<\/strong> together\u2014paired with fine Pannatura <strong>game charcuterie, cheese specialties, and organic Pannonier-Bread.<\/strong><\/span><\/p>\n<p><span>\ud83c\udf47\ud83c\udf77 We\u2019ll show you around our winery and introduce you to our wines\u2014in a way that\u2019s easy to understand, enjoyable, and with a touch of humor \u2013 no prior knowledge required.<br \/><\/span><\/p>\n<p><strong style=\"font-size: 17px;\">Dates:<\/strong><\/p>\n<table border=\"1\" style=\"height: 576px; width: 1000px; border-collapse: collapse;\">\n<tbody>\n<tr style=\"height: 24px;\">\n<td style=\"width: 185.297px; height: 24px;\">FR, 17.04.2026<br \/>5:30 \u2013 7:30 PM<\/td>\n<td style=\"width: 762.703px; height: 24px;\"><strong>Spring in the Bottle<br \/><\/strong>Fresh, vibrant, and full of Springtime spirit \u2013 one sip and Winter is forgotten. Let\u2019s taste our new 2025 regional wines together.<strong><br \/><\/strong><\/td>\n<\/tr>\n<tr style=\"height: 24px;\">\n<td style=\"width: 185.297px; height: 24px;\">MI, 06.05.2026<br \/>5:30 \u2013 7:30 PM<\/td>\n<td style=\"width: 762.703px; height: 24px;\"><strong>Leithaberg Terroir Unlocked<br \/><\/strong>A deep dive into the Terroir: pure, full of character, and as authentic as the Leithaberg itself. Let\u2019s discover the Esterh\u00e1zy single-vineyard wines together.<\/td>\n<\/tr>\n<tr style=\"height: 24px;\">\n<td style=\"width: 185.297px; height: 24px;\">FR, 19.06.2026<br \/>5:30 \u2013 7:30 PM<\/td>\n<td style=\"width: 762.703px; height: 24px;\"><strong>Summer in the Bottle<br \/><\/strong>Sunshine in a glass, a lighthearted mood \u2013 the perfect taste of balmy summer evenings. Enjoy summer together with us at the winery.<strong><br \/><\/strong><\/td>\n<\/tr>\n<tr style=\"height: 24px;\">\n<td style=\"width: 185.297px; height: 24px;\">THU, 23.07.2026<br \/>5:30 \u2013 7:30 PM<\/td>\n<td style=\"width: 762.703px; height: 24px;\"><strong>White Wines<br \/><\/strong>An evening all in white: elegant, easy-drinking, and wonderfully refreshing. A glimpse into the white wines of the Esterh\u00e1zy Winery.<strong><br \/><\/strong><\/td>\n<\/tr>\n<tr style=\"height: 24px;\">\n<td style=\"width: 185.297px; height: 24px;\">FR, 14.08.2026<br \/>5:30 \u2013 7:30 PM<\/td>\n<td style=\"width: 762.703px; height: 24px;\"><strong>Concrete, granite, and oak barrels<br \/><\/strong>Three materials, three styles \u2013 we\u2019ll show you just how differently wine can age. Together, we\u2019ll explore this exciting line of project wines.<strong><br \/><\/strong><\/td>\n<\/tr>\n<tr style=\"height: 24px;\">\n<td style=\"width: 185.297px; height: 24px;\">THU, 24.09.2026<br \/>5:30 \u2013 7:30 PM<\/td>\n<td style=\"width: 762.703px; height: 24px;\"><strong>New single vineyard wines and village wines<br \/><\/strong>Fresh from the cellar: origin, character, and plenty of personality in every glass. These are the new single-vineyard and village wines.<strong><br \/><\/strong><\/td>\n<\/tr>\n<tr style=\"height: 24px;\">\n<td style=\"width: 185.297px; height: 24px;\">THU, 15.10.2026<br \/>5:30 \u2013 7:30 PM<\/td>\n<td style=\"width: 762.703px; height: 24px;\"><strong>Red Wines<br \/><\/strong>Rich, full-bodied, elegant reds with a distinct terroir \u2013 a must-try for anyone who loves Blaufr\u00e4nkisch and other varieties.<\/td>\n<\/tr>\n<tr style=\"height: 24px;\">\n<td style=\"width: 185.297px; height: 24px;\">THU, 19.11.2026<br \/>5:30 \u2013 7:30 PM<\/td>\n<td style=\"width: 762.703px; height: 24px;\"><strong>Wines and Rare Finds for the Holidays<br \/><\/strong>The best wines for special occasions \u2013 from festive to extraordinary. Great wines and rare finds included!<strong><br \/><\/strong><\/td>\n<\/tr>\n<tr style=\"height: 24px;\">\n<td style=\"width: 185.297px; height: 24px;\">THU, 10.12.2026<br \/>5:30 \u2013 7:30 PM<\/td>\n<td style=\"width: 762.703px; height: 24px;\"><strong>Blaufr\u00e4nkisch in all its facets<br \/><\/strong>From fruity, effervescent wines to deep, complex ones. The place to be for all Blaufr\u00e4nkisch lovers.<strong><br \/><\/strong><\/td>\n<\/tr>\n<\/tbody>\n<\/table>\n<p><span><strong><\/strong><\/span><\/p>\n<p><span><strong>Location:<\/strong> Esterh\u00e1zy Winery, Trausdorf \u2013 just minutes from Esterh\u00e1zy Palace<br \/><\/span><span><strong>Price:<\/strong> 35\u202f\u20ac<\/span><\/p>\n<p><span><strong>Reservations until 4 p.m. the day before via our online form:<\/strong><\/span><\/p>\n<p><span>\ud83c\udf9f\ufe0f If you have any questions, please contact us directly!<\/span><br \/><span>\ud83d\udcde <a href=\"tel: 4326826334817\">02682 \/ 633 48 17<\/a><\/span><\/p>\n<p>[\/et_pb_text][et_pb_text disabled_on=&#8220;off|on|on&#8220; _builder_version=&#8220;4.27.4&#8243; _module_preset=&#8220;default&#8220; text_font=&#8220;Futura LP Pro book||||||||&#8220; text_font_size=&#8220;17px&#8220; link_text_color=&#8220;#986777&#8243; header_2_font=&#8220;Futura LP Pro book||||||||&#8220; header_2_font_size=&#8220;18px&#8220; custom_margin=&#8220;||-1px||false|false&#8220; custom_padding=&#8220;2px||70px||false|false&#8220; global_colors_info=&#8220;{}&#8220;]<\/p>\n<p><span>Fancy a chill-out at the winery with a fine glass of wine among the vines?\u00a0<\/span><\/p>\n<p><span><strong>In a relaxed atmosphere,<\/strong> we\u2019ll give you a tour through our cellar and taste 7 <strong>selected wines<\/strong> together\u2014paired with fine Pannatura <strong>game charcuterie, cheese specialties, and organic Pannonier-Bread.<\/strong><\/span><\/p>\n<p><span>\ud83c\udf47\ud83c\udf77 We\u2019ll show you around our winery and introduce you to our wines\u2014in a way that\u2019s easy to understand, enjoyable, and with a touch of humor \u2013 no prior knowledge required.<\/span><\/p>\n<p><strong style=\"font-size: 17px;\">Dates:<\/strong><\/p>\n<p><span style=\"text-decoration: underline;\"><strong>Spring in the bottle<br \/><\/strong><\/span>FR, 17.04.2026<br \/>5:30 \u2013 7:30 PM<strong><br \/><\/strong><\/p>\n<p><span style=\"text-decoration: underline;\"><strong>Leithaberg Terroir unlocked<br \/><\/strong><\/span>MI, 06.05.2026<br \/>5:30 \u2013 7:30 PM<strong><br \/><\/strong><\/p>\n<p><span style=\"text-decoration: underline;\"><strong>Summer in the bottle<br \/><\/strong><\/span>FR, 19.06.2026<br \/>5:30 \u2013 7:30 PM<strong><br \/><\/strong><\/p>\n<p><span style=\"text-decoration: underline;\"><strong>White Wines<br \/><\/strong><\/span>THU, 23.07.2026<br \/>5:30 \u2013 7:30 PM<strong><br \/><\/strong><\/p>\n<p><span style=\"text-decoration: underline;\"><strong>Concrete, granite, and oak barrels<br \/><\/strong><\/span>FR, 14.08.2026<br \/>5:30 \u2013 7:30 PM<strong><br \/><\/strong><\/p>\n<p><span style=\"text-decoration: underline;\"><strong>New single vineyard wines and village wines<br \/><\/strong><\/span>THU, 24.09.2026<br \/>5:30 \u2013 7:30 PM<strong><br \/><\/strong><\/p>\n<p><span style=\"text-decoration: underline;\"><strong>Red Wines<br \/><\/strong><\/span>THU, 15.10.2026<br \/>5:30 \u2013 7:30 PM<strong><br \/><\/strong><\/p>\n<p><span style=\"text-decoration: underline;\"><strong>Wines and Rare Finds for the Holidays<br \/><\/strong><\/span>THU, 19.11.2026<br \/>5:30 \u2013 7:30 PM<strong><br \/><\/strong><\/p>\n<p><span style=\"text-decoration: underline;\"><strong>Blaufr\u00e4nkisch in all its facets<br \/><\/strong><\/span>THU, 10.12.2026<br \/>5:30 \u2013 7:30 PM<strong><br \/><\/strong><\/p>\n<p><span><strong><\/strong><\/span><\/p>\n<p><span><strong>Location:<\/strong> Esterh\u00e1zy Winery, Trausdorf \u2013 just minutes from Esterh\u00e1zy Palace<br \/><\/span><span><strong>Price:<\/strong> 35\u202f\u20ac<\/span><\/p>\n<p><span><strong>Reservations until 4 p.m. the day before via our online form:<\/strong><\/span><\/p>\n<p><span>\ud83c\udf9f\ufe0f If you have any questions, please contact us directly!<\/span><br \/><span>\ud83d\udcde <a href=\"tel: 4326826334817\">02682 \/ 633 48 17<\/a><\/span><\/p>\n<p>[\/et_pb_text][et_pb_text _builder_version=&#8220;4.27.4&#8243; _module_preset=&#8220;default&#8220; text_font=&#8220;Corporate A bold||||||||&#8220; text_text_color=&#8220;#000000&#8243; text_font_size=&#8220;32px&#8220; text_line_height=&#8220;2em&#8220; header_font=&#8220;Corporate A bold||||||||&#8220; header_font_size=&#8220;35px&#8220; custom_margin=&#8220;||15px||false|false&#8220; custom_padding=&#8220;0px||0px||false|false&#8220; global_colors_info=&#8220;{}&#8220;]<\/p>\n<h1 style=\"text-align: center;\"><span data-teams=\"true\"><strong>Afterwork-Chill<\/strong><\/span><\/h1>\n<h1 style=\"text-align: center;\"><strong>Reservierung<\/strong><\/h1>\n<p>[\/et_pb_text][et_pb_text _builder_version=&#8220;4.27.4&#8243; _module_preset=&#8220;default&#8220; text_font=&#8220;Futura LP Pro light||||||||&#8220; text_text_color=&#8220;#986777&#8243; text_font_size=&#8220;18px&#8220; text_letter_spacing=&#8220;2px&#8220; custom_margin=&#8220;0px||||false|false&#8220; custom_margin_tablet=&#8220;0px||||false|false&#8220; custom_margin_phone=&#8220;||-5px||false|false&#8220; custom_margin_last_edited=&#8220;on|phone&#8220; custom_padding=&#8220;0px||||false|false&#8220; locked=&#8220;off&#8220; global_colors_info=&#8220;{}&#8220;]<\/p>\n<p style=\"text-align: center;\"><span>ONLINE FORMULAR<\/span><\/p>\n<p>[\/et_pb_text][et_pb_code _builder_version=&#8220;4.27.4&#8243; _module_preset=&#8220;default&#8220; global_colors_info=&#8220;{}&#8220;]<script type=\"text\/javascript\" defer src=\"https:\/\/form.123formbuilder.com\/embed\/6939621.js\" data-role=\"form\" data-default-width=\"800px\" data-custom-vars=\"hasEmbedFormStyle=1&#038;hasTransparentBg=1\"><\/script>[\/et_pb_code][\/et_pb_column][\/et_pb_row][\/et_pb_section]<\/p>","protected":false},"excerpt":{"rendered":"<p>FEIERABEND MAL ANDERSAfterwork-Chill am Weingut Esterh\u00e1zy\u00a0Lust auf ein Chillout am Weingut mit einem feinen Glas Wein zwischen den Reben?\u00a0 In entspannter Atmosph\u00e4re f\u00fchren wir Euch durch unseren Keller und verkosten gemeinsam 7 ausgew\u00e4hlte Weine \u2013 begleitet von feiner Pannatura Wild- Charcuterie, K\u00e4sespezialit\u00e4ten und Bio-Pannonier-Brot. \ud83c\udf47\ud83c\udf77 Ganz easy ohne Vorkenntnisse geben wir Einblicke in unser Weingut [&hellip;]<\/p>","protected":false},"author":68,"featured_media":0,"parent":0,"menu_order":0,"comment_status":"closed","ping_status":"closed","template":"","meta":{"_et_pb_use_builder":"on","_et_pb_old_content":"<!-- wp:divi\/placeholder \/-->","_et_gb_content_width":"","footnotes":""},"class_list":["post-229705","page","type-page","status-publish","hentry"],"yoast_head":"<!-- This site is optimized with the Yoast SEO plugin v25.4 - https:\/\/yoast.com\/wordpress\/plugins\/seo\/ -->\n<title>Afterwork-Chill - esterhazywein.at<\/title>\n<meta name=\"robots\" content=\"index, follow, max-snippet:-1, max-image-preview:large, max-video-preview:-1\" \/>\n<link rel=\"canonical\" href=\"https:\/\/esterhazywein.at\/en\/afterwork-chill\/\" \/>\n<meta property=\"og:locale\" content=\"en_GB\" \/>\n<meta property=\"og:type\" content=\"article\" \/>\n<meta property=\"og:title\" content=\"Afterwork-Chill - esterhazywein.at\" \/>\n<meta property=\"og:description\" content=\"FEIERABEND MAL ANDERSAfterwork-Chill am Weingut Esterh\u00e1zy\u00a0Lust auf ein Chillout am Weingut mit einem feinen Glas Wein zwischen den Reben?\u00a0 In entspannter Atmosph\u00e4re f\u00fchren wir Euch durch unseren Keller und verkosten gemeinsam 7 ausgew\u00e4hlte Weine \u2013 begleitet von feiner Pannatura Wild- Charcuterie, K\u00e4sespezialit\u00e4ten und Bio-Pannonier-Brot. \ud83c\udf47\ud83c\udf77 Ganz easy ohne Vorkenntnisse geben wir Einblicke in unser Weingut [&hellip;]\" \/>\n<meta property=\"og:url\" content=\"https:\/\/esterhazywein.at\/en\/afterwork-chill\/\" \/>\n<meta property=\"og:site_name\" content=\"esterhazywein.at\" \/>\n<meta property=\"article:modified_time\" content=\"2026-03-30T10:29:27+00:00\" \/>\n<meta name=\"twitter:card\" content=\"summary_large_image\" \/>\n<script type=\"application\/ld+json\" class=\"yoast-schema-graph\">{\"@context\":\"https:\/\/schema.org\",\"@graph\":[{\"@type\":\"WebPage\",\"@id\":\"https:\/\/esterhazywein.at\/afterwork-chill\/\",\"url\":\"https:\/\/esterhazywein.at\/afterwork-chill\/\",\"name\":\"Afterwork-Chill - esterhazywein.at\",\"isPartOf\":{\"@id\":\"https:\/\/esterhazywein.at\/#website\"},\"datePublished\":\"2026-03-30T06:40:52+00:00\",\"dateModified\":\"2026-03-30T10:29:27+00:00\",\"breadcrumb\":{\"@id\":\"https:\/\/esterhazywein.at\/afterwork-chill\/#breadcrumb\"},\"inLanguage\":\"en-GB\",\"potentialAction\":[{\"@type\":\"ReadAction\",\"target\":[\"https:\/\/esterhazywein.at\/afterwork-chill\/\"]}]},{\"@type\":\"BreadcrumbList\",\"@id\":\"https:\/\/esterhazywein.at\/afterwork-chill\/#breadcrumb\",\"itemListElement\":[{\"@type\":\"ListItem\",\"position\":1,\"name\":\"Home\",\"item\":\"https:\/\/esterhazywein.at\/\"},{\"@type\":\"ListItem\",\"position\":2,\"name\":\"Afterwork-Chill\"}]},{\"@type\":\"WebSite\",\"@id\":\"https:\/\/esterhazywein.at\/#website\",\"url\":\"https:\/\/esterhazywein.at\/\",\"name\":\"esterhazywein.at\",\"description\":\"Weingut Esterhazy\",\"potentialAction\":[{\"@type\":\"SearchAction\",\"target\":{\"@type\":\"EntryPoint\",\"urlTemplate\":\"https:\/\/esterhazywein.at\/?s={search_term_string}\"},\"query-input\":{\"@type\":\"PropertyValueSpecification\",\"valueRequired\":true,\"valueName\":\"search_term_string\"}}],\"inLanguage\":\"en-GB\"}]}<\/script>\n<!-- \/ Yoast SEO plugin. -->","yoast_head_json":{"title":"Afterwork-Chill - esterhazywein.at","robots":{"index":"index","follow":"follow","max-snippet":"max-snippet:-1","max-image-preview":"max-image-preview:large","max-video-preview":"max-video-preview:-1"},"canonical":"https:\/\/esterhazywein.at\/en\/afterwork-chill\/","og_locale":"en_GB","og_type":"article","og_title":"Afterwork-Chill - esterhazywein.at","og_description":"FEIERABEND MAL ANDERSAfterwork-Chill am Weingut Esterh\u00e1zy\u00a0Lust auf ein Chillout am Weingut mit einem feinen Glas Wein zwischen den Reben?\u00a0 In entspannter Atmosph\u00e4re f\u00fchren wir Euch durch unseren Keller und verkosten gemeinsam 7 ausgew\u00e4hlte Weine \u2013 begleitet von feiner Pannatura Wild- Charcuterie, K\u00e4sespezialit\u00e4ten und Bio-Pannonier-Brot. \ud83c\udf47\ud83c\udf77 Ganz easy ohne Vorkenntnisse geben wir Einblicke in unser Weingut [&hellip;]","og_url":"https:\/\/esterhazywein.at\/en\/afterwork-chill\/","og_site_name":"esterhazywein.at","article_modified_time":"2026-03-30T10:29:27+00:00","twitter_card":"summary_large_image","schema":{"@context":"https:\/\/schema.org","@graph":[{"@type":"WebPage","@id":"https:\/\/esterhazywein.at\/afterwork-chill\/","url":"https:\/\/esterhazywein.at\/afterwork-chill\/","name":"Afterwork-Chill - esterhazywein.at","isPartOf":{"@id":"https:\/\/esterhazywein.at\/#website"},"datePublished":"2026-03-30T06:40:52+00:00","dateModified":"2026-03-30T10:29:27+00:00","breadcrumb":{"@id":"https:\/\/esterhazywein.at\/afterwork-chill\/#breadcrumb"},"inLanguage":"en-GB","potentialAction":[{"@type":"ReadAction","target":["https:\/\/esterhazywein.at\/afterwork-chill\/"]}]},{"@type":"BreadcrumbList","@id":"https:\/\/esterhazywein.at\/afterwork-chill\/#breadcrumb","itemListElement":[{"@type":"ListItem","position":1,"name":"Home","item":"https:\/\/esterhazywein.at\/"},{"@type":"ListItem","position":2,"name":"Afterwork-Chill"}]},{"@type":"WebSite","@id":"https:\/\/esterhazywein.at\/#website","url":"https:\/\/esterhazywein.at\/","name":"esterhazywein.at","description":"Weingut Esterhazy","potentialAction":[{"@type":"SearchAction","target":{"@type":"EntryPoint","urlTemplate":"https:\/\/esterhazywein.at\/?s={search_term_string}"},"query-input":{"@type":"PropertyValueSpecification","valueRequired":true,"valueName":"search_term_string"}}],"inLanguage":"en-GB"}]}},"jetpack_sharing_enabled":true,"_links":{"self":[{"href":"https:\/\/esterhazywein.at\/en\/wp-json\/wp\/v2\/pages\/229705","targetHints":{"allow":["GET"]}}],"collection":[{"href":"https:\/\/esterhazywein.at\/en\/wp-json\/wp\/v2\/pages"}],"about":[{"href":"https:\/\/esterhazywein.at\/en\/wp-json\/wp\/v2\/types\/page"}],"author":[{"embeddable":true,"href":"https:\/\/esterhazywein.at\/en\/wp-json\/wp\/v2\/users\/68"}],"replies":[{"embeddable":true,"href":"https:\/\/esterhazywein.at\/en\/wp-json\/wp\/v2\/comments?post=229705"}],"version-history":[{"count":15,"href":"https:\/\/esterhazywein.at\/en\/wp-json\/wp\/v2\/pages\/229705\/revisions"}],"predecessor-version":[{"id":229755,"href":"https:\/\/esterhazywein.at\/en\/wp-json\/wp\/v2\/pages\/229705\/revisions\/229755"}],"wp:attachment":[{"href":"https:\/\/esterhazywein.at\/en\/wp-json\/wp\/v2\/media?parent=229705"}],"curies":[{"name":"wp","href":"https:\/\/api.w.org\/{rel}","templated":true}]}}