{"id":229707,"date":"2026-03-30T08:49:49","date_gmt":"2026-03-30T06:49:49","guid":{"rendered":"https:\/\/esterhazywein.at\/?page_id=229707"},"modified":"2026-03-30T13:20:00","modified_gmt":"2026-03-30T11:20:00","slug":"20-years","status":"publish","type":"page","link":"https:\/\/esterhazywein.at\/en\/20-years\/","title":{"rendered":"20 YEARS \u2013 Weingut Esterhazy in Trausdorf"},"content":{"rendered":"<p>[et_pb_section fb_built=&#8220;1&#8243; custom_padding_last_edited=&#8220;on|phone&#8220; disabled_on=&#8220;off|off|off&#8220; _builder_version=&#8220;4.27.4&#8243; _module_preset=&#8220;default&#8220; background_image=&#8220;https:\/\/esterhazywein.at\/wp-content\/uploads\/2026\/03\/20-YEARS-Header.jpg&#8220; background_position=&#8220;bottom_center&#8220; background_vertical_offset=&#8220;50%&#8220; width_tablet=&#8220;&#8220; width_phone=&#8220;&#8220; width_last_edited=&#8220;on|phone&#8220; min_height=&#8220;500px&#8220; min_height_tablet=&#8220;400px&#8220; min_height_phone=&#8220;100%&#8220; min_height_last_edited=&#8220;on|phone&#8220; height_tablet=&#8220;&#8220; height_phone=&#8220;&#8220; height_last_edited=&#8220;on|phone&#8220; max_height_tablet=&#8220;&#8220; max_height_phone=&#8220;&#8220; max_height_last_edited=&#8220;on|phone&#8220; custom_margin=&#8220;0px||0px||false|false&#8220; custom_padding=&#8220;10px||73px||false|false&#8220; custom_padding_tablet=&#8220;0px||0px||false|false&#8220; custom_padding_phone=&#8220;0px||200px||false|false&#8220; background_last_edited=&#8220;on|phone&#8220; background_size_tablet=&#8220;cover&#8220; background_size_phone=&#8220;cover&#8220; locked=&#8220;off&#8220; global_colors_info=&#8220;{}&#8220;][\/et_pb_section][et_pb_section fb_built=&#8220;1&#8243; disabled_on=&#8220;off|off|off&#8220; _builder_version=&#8220;4.27.4&#8243; _module_preset=&#8220;default&#8220; custom_padding=&#8220;||100px||false|false&#8220; locked=&#8220;off&#8220; global_colors_info=&#8220;{}&#8220;][et_pb_row _builder_version=&#8220;4.27.4&#8243; _module_preset=&#8220;default&#8220; width_tablet=&#8220;&#8220; width_phone=&#8220;85%&#8220; width_last_edited=&#8220;on|phone&#8220; global_colors_info=&#8220;{}&#8220;][et_pb_column type=&#8220;4_4&#8243; _builder_version=&#8220;4.20.2&#8243; _module_preset=&#8220;default&#8220; global_colors_info=&#8220;{}&#8220;][et_pb_text _builder_version=&#8220;4.27.4&#8243; _module_preset=&#8220;default&#8220; text_font=&#8220;Futura LP Pro light||||||||&#8220; text_text_color=&#8220;#986777&#8243; text_font_size=&#8220;18px&#8220; text_letter_spacing=&#8220;2px&#8220; global_colors_info=&#8220;{}&#8220;]<\/p>\n<p style=\"text-align: center;\">DIE PARTY DES JAHRES<\/p>\n<p>[\/et_pb_text][\/et_pb_column][\/et_pb_row][et_pb_row _builder_version=&#8220;4.27.4&#8243; _module_preset=&#8220;default&#8220; width_tablet=&#8220;&#8220; width_phone=&#8220;85%&#8220; width_last_edited=&#8220;on|phone&#8220; custom_padding=&#8220;||0px|||&#8220; global_colors_info=&#8220;{}&#8220;][et_pb_column type=&#8220;4_4&#8243; _builder_version=&#8220;4.20.2&#8243; _module_preset=&#8220;default&#8220; global_colors_info=&#8220;{}&#8220;][et_pb_text _builder_version=&#8220;4.27.4&#8243; _module_preset=&#8220;default&#8220; header_font=&#8220;Corporate A bold||||||||&#8220; header_font_size=&#8220;35px&#8220; transform_translate=&#8220;0px|-38px&#8220; custom_margin=&#8220;||0px||false|false&#8220; custom_padding=&#8220;0px|||||&#8220; global_colors_info=&#8220;{}&#8220;]<\/p>\n<h1 style=\"text-align: center;\"><strong>20 YEARS - Esterh\u00e1zy Winery in Trausdorf<\/strong><\/h1>\n<p>[\/et_pb_text][et_pb_text _builder_version=&#8220;4.27.4&#8243; _module_preset=&#8220;default&#8220; text_font=&#8220;Futura LP Pro book||||||||&#8220; text_font_size=&#8220;20px&#8220; global_colors_info=&#8220;{}&#8220;]<\/p>\n<p style=\"text-align: center;\"><strong>SAVE THE DATE: Freitag, 11. September 2026\u00a0<\/strong><\/p>\n<p>[\/et_pb_text][et_pb_divider divider_weight=&#8220;2px&#8220; _builder_version=&#8220;4.27.4&#8243; _module_preset=&#8220;default&#8220; width=&#8220;12%&#8220; module_alignment=&#8220;center&#8220; custom_margin=&#8220;-15px||||false|false&#8220; custom_margin_tablet=&#8220;|||20px|false|false&#8220; custom_margin_phone=&#8220;|||20px|false|false&#8220; custom_margin_last_edited=&#8220;on|phone&#8220; locked=&#8220;off&#8220; global_colors_info=&#8220;{}&#8220;][\/et_pb_divider][et_pb_text _builder_version=&#8220;4.27.4&#8243; _module_preset=&#8220;default&#8220; text_font=&#8220;Futura LP Pro book||||||||&#8220; text_font_size=&#8220;17px&#8220; link_font=&#8220;Futura LP Pro book||||||||&#8220; link_text_color=&#8220;#ccb4bc&#8220; text_orientation=&#8220;center&#8220; custom_margin=&#8220;||70px|||&#8220; custom_padding=&#8220;|||1px||&#8220; hover_enabled=&#8220;0&#8243; global_colors_info=&#8220;{}&#8220; sticky_enabled=&#8220;0&#8243;]<\/p>\n<p><span data-teams=\"true\">On <strong>Friday, September 11, 2026,<\/strong> we invite you to our anniversary party <strong>20 YEARS - Esterh\u00e1zy Winery in Trausdorf<\/strong>. Look forward to exceptional wines, exciting guest chefs, live music, and many more surprises! More details about the program and tickets will be available here soon.<\/span><\/p>\n<p class=\" translation-block\">Join us and enjoy an <strong>unforgettable evening <\/strong>at the Esterh\u00e1zy Winery!<\/p>\n<p>&nbsp;<\/p>\n<p>Rain or shine! We look forward to seeing you there.<\/p>\n<p>[\/et_pb_text][\/et_pb_column][\/et_pb_row][\/et_pb_section]<\/p>","protected":false},"excerpt":{"rendered":"<p>DIE PARTY DES JAHRES20 YEARS \u2013 Weingut Esterh\u00e1zy in TrausdorfSAVE THE DATE: Freitag, 11. September 2026\u00a0Am Freitag, den 11. September 2026 laden wir zu unserem Jubil\u00e4umsfest 20 YEARS \u2013 Weingut Esterh\u00e1zy in Trausdorf. Freuen Sie sich auf gro\u00dfe Weine, spannende Gastk\u00f6ch:innen, musikalische Acts und viele weitere \u00dcberraschungen! Weitere Details zu Programm &amp; Tickets erfahren Sie [&hellip;]<\/p>","protected":false},"author":68,"featured_media":0,"parent":0,"menu_order":0,"comment_status":"closed","ping_status":"closed","template":"","meta":{"_et_pb_use_builder":"on","_et_pb_old_content":"<!-- wp:divi\/placeholder \/-->","_et_gb_content_width":"","footnotes":""},"class_list":["post-229707","page","type-page","status-publish","hentry"],"yoast_head":"<!-- This site is optimized with the Yoast SEO plugin v25.4 - https:\/\/yoast.com\/wordpress\/plugins\/seo\/ -->\n<title>20 YEARS \u2013 Weingut Esterhazy in Trausdorf - esterhazywein.at<\/title>\n<meta name=\"robots\" content=\"index, follow, max-snippet:-1, max-image-preview:large, max-video-preview:-1\" \/>\n<link rel=\"canonical\" href=\"https:\/\/esterhazywein.at\/en\/20-years\/\" \/>\n<meta property=\"og:locale\" content=\"en_GB\" \/>\n<meta property=\"og:type\" content=\"article\" \/>\n<meta property=\"og:title\" content=\"20 YEARS \u2013 Weingut Esterhazy in Trausdorf - esterhazywein.at\" \/>\n<meta property=\"og:description\" content=\"DIE PARTY DES JAHRES20 YEARS \u2013 Weingut Esterh\u00e1zy in TrausdorfSAVE THE DATE: Freitag, 11. September 2026\u00a0Am Freitag, den 11. September 2026 laden wir zu unserem Jubil\u00e4umsfest 20 YEARS \u2013 Weingut Esterh\u00e1zy in Trausdorf. Freuen Sie sich auf gro\u00dfe Weine, spannende Gastk\u00f6ch:innen, musikalische Acts und viele weitere \u00dcberraschungen! Weitere Details zu Programm &amp; Tickets erfahren Sie [&hellip;]\" \/>\n<meta property=\"og:url\" content=\"https:\/\/esterhazywein.at\/en\/20-years\/\" \/>\n<meta property=\"og:site_name\" content=\"esterhazywein.at\" \/>\n<meta property=\"article:modified_time\" content=\"2026-03-30T11:20:00+00:00\" \/>\n<meta name=\"twitter:card\" content=\"summary_large_image\" \/>\n<script type=\"application\/ld+json\" class=\"yoast-schema-graph\">{\"@context\":\"https:\/\/schema.org\",\"@graph\":[{\"@type\":\"WebPage\",\"@id\":\"https:\/\/esterhazywein.at\/20-years\/\",\"url\":\"https:\/\/esterhazywein.at\/20-years\/\",\"name\":\"20 YEARS \u2013 Weingut Esterhazy in Trausdorf - esterhazywein.at\",\"isPartOf\":{\"@id\":\"https:\/\/esterhazywein.at\/#website\"},\"datePublished\":\"2026-03-30T06:49:49+00:00\",\"dateModified\":\"2026-03-30T11:20:00+00:00\",\"breadcrumb\":{\"@id\":\"https:\/\/esterhazywein.at\/20-years\/#breadcrumb\"},\"inLanguage\":\"en-GB\",\"potentialAction\":[{\"@type\":\"ReadAction\",\"target\":[\"https:\/\/esterhazywein.at\/20-years\/\"]}]},{\"@type\":\"BreadcrumbList\",\"@id\":\"https:\/\/esterhazywein.at\/20-years\/#breadcrumb\",\"itemListElement\":[{\"@type\":\"ListItem\",\"position\":1,\"name\":\"Home\",\"item\":\"https:\/\/esterhazywein.at\/\"},{\"@type\":\"ListItem\",\"position\":2,\"name\":\"20 YEARS \u2013 Weingut Esterhazy in Trausdorf\"}]},{\"@type\":\"WebSite\",\"@id\":\"https:\/\/esterhazywein.at\/#website\",\"url\":\"https:\/\/esterhazywein.at\/\",\"name\":\"esterhazywein.at\",\"description\":\"Weingut Esterhazy\",\"potentialAction\":[{\"@type\":\"SearchAction\",\"target\":{\"@type\":\"EntryPoint\",\"urlTemplate\":\"https:\/\/esterhazywein.at\/?s={search_term_string}\"},\"query-input\":{\"@type\":\"PropertyValueSpecification\",\"valueRequired\":true,\"valueName\":\"search_term_string\"}}],\"inLanguage\":\"en-GB\"}]}<\/script>\n<!-- \/ Yoast SEO plugin. -->","yoast_head_json":{"title":"20 YEARS \u2013 Weingut Esterhazy in Trausdorf - esterhazywein.at","robots":{"index":"index","follow":"follow","max-snippet":"max-snippet:-1","max-image-preview":"max-image-preview:large","max-video-preview":"max-video-preview:-1"},"canonical":"https:\/\/esterhazywein.at\/en\/20-years\/","og_locale":"en_GB","og_type":"article","og_title":"20 YEARS \u2013 Weingut Esterhazy in Trausdorf - esterhazywein.at","og_description":"DIE PARTY DES JAHRES20 YEARS \u2013 Weingut Esterh\u00e1zy in TrausdorfSAVE THE DATE: Freitag, 11. September 2026\u00a0Am Freitag, den 11. September 2026 laden wir zu unserem Jubil\u00e4umsfest 20 YEARS \u2013 Weingut Esterh\u00e1zy in Trausdorf. Freuen Sie sich auf gro\u00dfe Weine, spannende Gastk\u00f6ch:innen, musikalische Acts und viele weitere \u00dcberraschungen! Weitere Details zu Programm &amp; Tickets erfahren Sie [&hellip;]","og_url":"https:\/\/esterhazywein.at\/en\/20-years\/","og_site_name":"esterhazywein.at","article_modified_time":"2026-03-30T11:20:00+00:00","twitter_card":"summary_large_image","schema":{"@context":"https:\/\/schema.org","@graph":[{"@type":"WebPage","@id":"https:\/\/esterhazywein.at\/20-years\/","url":"https:\/\/esterhazywein.at\/20-years\/","name":"20 YEARS \u2013 Weingut Esterhazy in Trausdorf - esterhazywein.at","isPartOf":{"@id":"https:\/\/esterhazywein.at\/#website"},"datePublished":"2026-03-30T06:49:49+00:00","dateModified":"2026-03-30T11:20:00+00:00","breadcrumb":{"@id":"https:\/\/esterhazywein.at\/20-years\/#breadcrumb"},"inLanguage":"en-GB","potentialAction":[{"@type":"ReadAction","target":["https:\/\/esterhazywein.at\/20-years\/"]}]},{"@type":"BreadcrumbList","@id":"https:\/\/esterhazywein.at\/20-years\/#breadcrumb","itemListElement":[{"@type":"ListItem","position":1,"name":"Home","item":"https:\/\/esterhazywein.at\/"},{"@type":"ListItem","position":2,"name":"20 YEARS \u2013 Weingut Esterhazy in Trausdorf"}]},{"@type":"WebSite","@id":"https:\/\/esterhazywein.at\/#website","url":"https:\/\/esterhazywein.at\/","name":"esterhazywein.at","description":"Weingut Esterhazy","potentialAction":[{"@type":"SearchAction","target":{"@type":"EntryPoint","urlTemplate":"https:\/\/esterhazywein.at\/?s={search_term_string}"},"query-input":{"@type":"PropertyValueSpecification","valueRequired":true,"valueName":"search_term_string"}}],"inLanguage":"en-GB"}]}},"jetpack_sharing_enabled":true,"_links":{"self":[{"href":"https:\/\/esterhazywein.at\/en\/wp-json\/wp\/v2\/pages\/229707","targetHints":{"allow":["GET"]}}],"collection":[{"href":"https:\/\/esterhazywein.at\/en\/wp-json\/wp\/v2\/pages"}],"about":[{"href":"https:\/\/esterhazywein.at\/en\/wp-json\/wp\/v2\/types\/page"}],"author":[{"embeddable":true,"href":"https:\/\/esterhazywein.at\/en\/wp-json\/wp\/v2\/users\/68"}],"replies":[{"embeddable":true,"href":"https:\/\/esterhazywein.at\/en\/wp-json\/wp\/v2\/comments?post=229707"}],"version-history":[{"count":7,"href":"https:\/\/esterhazywein.at\/en\/wp-json\/wp\/v2\/pages\/229707\/revisions"}],"predecessor-version":[{"id":229760,"href":"https:\/\/esterhazywein.at\/en\/wp-json\/wp\/v2\/pages\/229707\/revisions\/229760"}],"wp:attachment":[{"href":"https:\/\/esterhazywein.at\/en\/wp-json\/wp\/v2\/media?parent=229707"}],"curies":[{"name":"wp","href":"https:\/\/api.w.org\/{rel}","templated":true}]}}