{"id":45,"date":"2023-01-29T16:06:41","date_gmt":"2023-01-29T15:06:41","guid":{"rendered":"https:\/\/beta.esterhazywein.at\/?page_id=45"},"modified":"2025-04-30T14:01:28","modified_gmt":"2025-04-30T12:01:28","slug":"agb","status":"publish","type":"page","link":"https:\/\/esterhazywein.at\/en\/agb\/","title":{"rendered":"Allgemeine Gesch\u00e4ftsbedingungen (AGB)"},"content":{"rendered":"<p>[et_pb_section fb_built=&#8220;1&#8243; _builder_version=&#8220;4.16&#8243; global_colors_info=&#8220;{}&#8220;][et_pb_row _builder_version=&#8220;4.16&#8243; background_size=&#8220;initial&#8220; background_position=&#8220;top_left&#8220; background_repeat=&#8220;repeat&#8220; global_colors_info=&#8220;{}&#8220;][et_pb_column type=&#8220;4_4&#8243; _builder_version=&#8220;4.16&#8243; custom_padding=&#8220;|||&#8220; global_colors_info=&#8220;{}&#8220; custom_padding__hover=&#8220;|||&#8220;][et_pb_text _builder_version=&#8220;4.23.4&#8243; text_font=&#8220;Futura LP Pro book||||||||&#8220; header_2_font=&#8220;Corporate A bold||||||||&#8220; header_2_font_size=&#8220;30px&#8220; header_3_font=&#8220;Corporate A bold||||||||&#8220; background_size=&#8220;initial&#8220; background_position=&#8220;top_left&#8220; background_repeat=&#8220;repeat&#8220; global_colors_info=&#8220;{}&#8220;]<\/p>\n<h2>General Terms and Conditions (GTC) of Esterhazy Wein GmbH<\/h2>\n<p>&nbsp;<\/p>\n<p>&nbsp;<\/p>\n<p>&nbsp;<\/p>\n<h3>1. scope of application<\/h3>\n<p>&nbsp;<\/p>\n<p>The goods offered via the website of Esterhazy Wein GmbH, Trausdorf 1, 7061 Trausdorf an der Wulka, weingut@esterhazywein.at (\"Esterhazy Wein\", \"we\", \"us\") are exclusively based on these GTC. Supplementary or deviating agreements must be in writing to be legally effective.<\/p>\n<p>By clicking the appropriate box in the course of the order, the customer agrees to these terms and conditions. The contract language is German. The GTC are available to the customer for reproduction and storage before submitting his contractual declaration.<\/p>\n<p>&nbsp;<\/p>\n<h3>2. offers, conclusion of contract, prices<\/h3>\n<p>&nbsp;<\/p>\n<p>The presentation of our goods on the website are subject to change and non-binding.<\/p>\n<p>The offer is made by the customer by sending the order of the selected items or services. The customer has the opportunity to check his order before submitting his offer and to correct any errors. The offer of the customer becomes binding by clicking on the button \"order with obligation to pay\". After submitting the offer, the customer can no longer change the order.<\/p>\n<p>After receipt of his order by us, the customer will receive a separate, automated confirmation of receipt of his order sent by e-mail. Such confirmation of receipt does not constitute acceptance of the offer. The acceptance and thus the purchase contract comes into effect only through express written acceptance by Esterhazy Wein (order confirmation, also by e-mail\/fax) or de facto fulfillment by Esterhazy Wein.<\/p>\n<p>We are entitled to reject offers of the customer without giving reasons, especially if the goods are no longer available.<\/p>\n<p>All prices are end consumer prices and therefore include the statutory tax. We shall indicate all additional packaging, freight, delivery, shipping or other costs to the customer prior to the submission of his offer, insofar as these costs can reasonably be calculated in advance. Otherwise, we will indicate the possible incurrence of such additional costs prior to the submission of the offer by the customer.<\/p>\n<p>&nbsp;<\/p>\n<h3>3. terms of payment<\/h3>\n<p>&nbsp;<\/p>\n<p>The purchase price is due for payment upon conclusion of the contract. The payment of the goods is only possible by credit card. If the debit is not possible for reasons in the sphere of the customer or if our payment service provider gives negative credit information about the customer, we are free to ask the customer to pay in advance within a reasonable period or to withdraw from the contract for good cause.<\/p>\n<p>In the event of a consumer's culpable default in payment, we shall charge the annual statutory default interest of 4%. If the customer is an entrepreneur, on the other hand, 12% interest on arrears p.a. shall be deemed to have been agreed. In the event of a default for which the customer is responsible, the customer shall also be obliged to reimburse us for the necessary costs of appropriate enforcement and collection measures. With regard to these costs, the rates and tariffs of the Lawyers' Fees Act shall be deemed appropriate.<\/p>\n<p>If the customer is an entrepreneur, he is not entitled to withhold payments or to refuse payments due to claims, even if they are raised on the basis of notices of defects. He is also not entitled to offset any counterclaims, unless Esterhazy Wein is insolvent and they are acknowledged by Esterhazy Wein or have been legally established.<\/p>\n<p>&nbsp;<\/p>\n<h3>4. delivery<\/h3>\n<p>&nbsp;<\/p>\n<p>For all damages and impairments that occur during transport, Esterhazy Wein will provide full compensation. If the customer is an entrepreneur, this only applies under the condition that the goods are checked immediately after delivery for completeness and regularity, the complaint is made within 8 days and the transport damage was confirmed in writing by the transport company. This confirmation must be sent with the complaint. This notice of defects does not apply to consumers.<\/p>\n<p>&nbsp;<\/p>\n<h3>5. Retention of title<\/h3>\n<p>&nbsp;<\/p>\n<p>Esterhazy Wein retains ownership of all goods until full payment of the purchase price including additional costs and interest.<\/p>\n<p>&nbsp;<\/p>\n<h3>6. warranty, compensation<\/h3>\n<p>&nbsp;<\/p>\n<p>Towards customers, the statutory warranty provisions apply in the event of defects in the goods - unless otherwise agreed with companies in the following.<\/p>\n<p>If a wine is defective, send the bottle, the cork and the contents to Esterhazy Wein.<\/p>\n<p>Esterhazy Wein is only liable for damages caused by them, intentionally or due to gross negligence. Liability for slight negligence is excluded. These limitations of liability do not apply in the scope of application of the Product Liability Act, in the case of damages resulting from injury to life, body or health of persons and essential contractual obligations.<\/p>\n<p>In addition, if the customer is an entrepreneur, claims for damages and warranty claims are to be asserted in court within 6 months in the event of any other limitation period. In any case, the statutory provisions shall apply to consumers.<\/p>\n<p>&nbsp;<\/p>\n<h3>7. right of withdrawal<\/h3>\n<p>&nbsp;<\/p>\n<p>If the customer is a consumer in the sense of the KSchG, he has the right within fourteen days without giving reasons to revoke this contract. The revocation period is fourteen days from the day on which the customer or a third party named by him, who is not the carrier, has taken possession of the goods.<\/p>\n<p>In order to exercise the right of withdrawal, the Customer must inform us (Esterhazy Wein GmbH, Trausdorf 1, 7061 Trausdorf an der Wulka, weingut@esterhazywein.at) by means of a clear declaration (e.g. a letter sent by post, fax or e-mail) of his decision to withdraw from this contract. For this purpose, the customer may use the sample revocation form attached below as Annex 1 to the GTC, which is, however, not mandatory.<\/p>\n<p>In order to comply with the withdrawal period, it is sufficient that the customer sends the notification of exercise of the right of withdrawal before the expiry of the withdrawal period.<\/p>\n<p>&nbsp;<\/p>\n<h3>7.1. CONSEQUENCES OF REVOCATION<\/h3>\n<p>&nbsp;<\/p>\n<p>If the revokes this contract, we shall repay to the customer all payments received from him, including delivery costs (with the exception of self-collection), without undue delay and at the latest within fourteen days from the day on which we received the notification of revocation of this contract. For this repayment, we will use the same means of payment that the customer used in the original transaction, unless expressly agreed otherwise with the customer; in no case will the customer be charged any fees because of this repayment.<\/p>\n<p>We may refuse repayment until we have received the goods back or until the customer has provided proof that he has returned the goods, whichever is the earlier.<\/p>\n<p>The Customer shall return or hand over the goods to Esterhazy Wein GmbH, Trausdorf 1, 7061 Trausdorf an der Wulka without undue delay and in any case no later than within fourteen days from the day on which he notifies us of the revocation of this contract. The deadline is met if the customer sends the goods before the expiry of the period of fourteen days.<\/p>\n<p>The customer shall bear the direct costs of returning the goods.<\/p>\n<p>The customer must pay for any loss in value of the goods only if it is not due to necessary measures to check the condition, properties and functioning of the goods.<\/p>\n<p>&nbsp;<\/p>\n<h3>7.2. EXCEPTIONS TO THE RIGHT OF REVOCATION<\/h3>\n<p>&nbsp;<\/p>\n<p>The customer has no right of withdrawal in the cases listed in \u00a7 18 FAGG. In particular, there is no right of withdrawal for goods that are delivered sealed and are not suitable for return for reasons of health protection or hygiene, provided that their seal has been removed after delivery.<\/p>\n<p>&nbsp;<\/p>\n<h3>8. Jugendschutz<\/h3>\n<p>&nbsp;<\/p>\n<p>Die Abgabe und die Zustellung von alkoholischen Getr\u00e4nken kann nur an Personen \u00fcber 18 Jahre erfolgen. Zur Einhaltung der gesetzlichen Vorschriften ist Esterhazy Wein berechtigt, Ware erst nach Legitimation durch einen amtlichen Lichtbildausweis zu \u00fcbergeben. Im Fall der berechtigten Verweigerung der \u00dcbergabe ist der Kunde zum Ersatz des tats\u00e4chlich entstandenen Schadens verpflichtet (z.B. Kosten der Zustellung).<\/p>\n<p>Mit Aufgabe der Bestellung versichert der Kunde, dass dieser bzw. der Empf\u00e4nger der Ware \u00e4lter als 18 Jahre ist.<\/p>\n<p>&nbsp;<\/p>\n<h3>9. Rechtswahl<\/h3>\n<p>&nbsp;<\/p>\n<p>Austrian law shall apply exclusively to the exclusion of the conflict-of-law rules. The application of the UN Convention on Contracts for the International Sale of Goods is expressly excluded. In the case of consumers, this choice of law shall only apply to the extent that mandatory provisions of the law of the state in which he has his habitual residence are not displaced.<\/p>\n<p>&nbsp;<\/p>\n<h3>10. Allgemeines<\/h3>\n<p>&nbsp;<\/p>\n<p>Towards entrepreneurs, the following applies: If any provision of these Terms and Conditions violates mandatory law or is invalid for any other reason, the remaining provisions shall nevertheless be deemed agreed. In place of the invalid provision, the customer undertakes to consider as validly agreed that legally permissible provision which, according to its content, comes closest to the originally agreed provision. This provision shall not apply to consumers.<\/p>\n<p>APPENDIX 1: CANCELLATION SAMPLE FORM<\/p>\n<p>To<br \/>Esterhazy Wein GmbH<br \/>Trausdorf 1<br \/>7061 Trausdorf an der Wulka<br \/><span style=\"color: #986777;\"><a href=\"mailto:weingut@esterhazywein.at\" target=\"_blank\" rel=\"noreferrer noopener\" style=\"color: #986777;\">weingut@esterhazywein.at<\/a><\/span><\/p>\n<p>I\/we (*) hereby revoke the contract concluded by me\/us (*) for the purchase of the following goods (*)Ordered on (*)\/received on (*)<\/p>\n<p>Name of the consumer(s)<\/p>\n<p>Address of the consumer(s)<\/p>\n<p>Signature of the consumer(s) (only in case of paper communication)<\/p>\n<p>Date<\/p>\n<p>(*) Delete where not applicable.<\/p>\n<p>Stand: 28.09.2020<\/p>\n<p>&nbsp;<\/p>\n<p>&nbsp;<\/p>\n<p>&nbsp;<\/p>\n<p>&nbsp;<\/p>\n<p>&nbsp;<\/p>\n<p><!-- \/divi:paragraph -->[\/et_pb_text][\/et_pb_column][\/et_pb_row][\/et_pb_section]<\/p>","protected":false},"excerpt":{"rendered":"<p>Allgemeine Gesch\u00e4ftsbedingungen (AGB) der Esterhazy Wein GmbH &nbsp; &nbsp; &nbsp; 1. Geltungsbereich &nbsp; Die \u00fcber die Website angebotenen Waren der Esterhazy Wein GmbH, Trausdorf 1, 7061 Trausdorf an der Wulka, weingut@esterhazywein.at (&#8222;Esterhazy Wein&#8220;, &#8222;wir&#8220;, &#8222;uns&#8220;) erfolgen ausschlie\u00dflich auf Grund dieser AGB. Erg\u00e4nzende oder abweichende Vereinbarungen bed\u00fcrfen zu ihrer Rechtswirksamkeit der Schriftform. Durch Anklicken des entsprechenden [&hellip;]<\/p>","protected":false},"author":1,"featured_media":0,"parent":0,"menu_order":0,"comment_status":"closed","ping_status":"closed","template":"","meta":{"_et_pb_use_builder":"on","_et_pb_old_content":"<!-- wp:paragraph -->\n<p><b>This is a sample page.<\/b><\/p>\n<!-- \/wp:paragraph -->\n\n<!-- wp:paragraph -->\n<p><h3>Overview<\/h3><\/p>\n<!-- \/wp:paragraph -->\n\n<!-- wp:paragraph -->\n<p>Our refund and returns policy lasts 30 days. If 30 days have passed since your purchase, we can\u2019t offer you a full refund or exchange.<\/p>\n<!-- \/wp:paragraph -->\n\n<!-- wp:paragraph -->\n<p>To be eligible for a return, your item must be unused and in the same condition that you received it. It must also be in the original packaging.<\/p>\n<!-- \/wp:paragraph -->\n\n<!-- wp:paragraph -->\n<p>Several types of goods are exempt from being returned. Perishable goods such as food, flowers, newspapers or magazines cannot be returned. We also do not accept products that are intimate or sanitary goods, hazardous materials, or flammable liquids or gases.<\/p>\n<!-- \/wp:paragraph -->\n\n<!-- wp:paragraph -->\n<p>Additional non-returnable items:<\/p>\n<!-- \/wp:paragraph -->\n\n<!-- wp:list -->\n<ul><!-- wp:list-item -->\n<li>Gift cards<\/li>\n<!-- \/wp:list-item -->\n\n<!-- wp:list-item -->\n<li>Downloadable software products<\/li>\n<!-- \/wp:list-item -->\n\n<!-- wp:list-item -->\n<li>Some health and personal care items<\/li>\n<!-- \/wp:list-item --><\/ul>\n<!-- \/wp:list -->\n\n<!-- wp:paragraph -->\n<p>To complete your return, we require a receipt or proof of purchase.<\/p>\n<!-- \/wp:paragraph -->\n\n<!-- wp:paragraph -->\n<p>Please do not send your purchase back to the manufacturer.<\/p>\n<!-- \/wp:paragraph -->\n\n<!-- wp:paragraph -->\n<p>There are certain situations where only partial refunds are granted:<\/p>\n<!-- \/wp:paragraph -->\n\n<!-- wp:list -->\n<ul><!-- wp:list-item -->\n<li>Book with obvious signs of use<\/li>\n<!-- \/wp:list-item -->\n\n<!-- wp:list-item -->\n<li>CD, DVD, VHS tape, software, video game, cassette tape, or vinyl record that has been opened.<\/li>\n<!-- \/wp:list-item -->\n\n<!-- wp:list-item -->\n<li>Any item not in its original condition, is damaged or missing parts for reasons not due to our error.<\/li>\n<!-- \/wp:list-item -->\n\n<!-- wp:list-item -->\n<li>Any item that is returned more than 30 days after delivery<\/li>\n<!-- \/wp:list-item --><\/ul>\n<!-- \/wp:list -->\n\n<!-- wp:paragraph -->\n<p><h2>Refunds<\/h2><\/p>\n<!-- \/wp:paragraph -->\n\n<!-- wp:paragraph -->\n<p>Once your return is received and inspected, we will send you an email to notify you that we have received your returned item. We will also notify you of the approval or rejection of your refund.<\/p>\n<!-- \/wp:paragraph -->\n\n<!-- wp:paragraph -->\n<p>If you are approved, then your refund will be processed, and a credit will automatically be applied to your credit card or original method of payment, within a certain amount of days.<\/p>\n<!-- \/wp:paragraph -->\n\n<!-- wp:paragraph -->\n<p><b>Late or missing refunds<\/b><\/p>\n<!-- \/wp:paragraph -->\n\n<!-- wp:paragraph -->\n<p>If you haven\u2019t received a refund yet, first check your bank account again.<\/p>\n<!-- \/wp:paragraph -->\n\n<!-- wp:paragraph -->\n<p>Then contact your credit card company, it may take some time before your refund is officially posted.<\/p>\n<!-- \/wp:paragraph -->\n\n<!-- wp:paragraph -->\n<p>Next contact your bank. There is often some processing time before a refund is posted.<\/p>\n<!-- \/wp:paragraph -->\n\n<!-- wp:paragraph -->\n<p>If you\u2019ve done all of this and you still have not received your refund yet, please contact us at {email address}.<\/p>\n<!-- \/wp:paragraph -->\n\n<!-- wp:paragraph -->\n<p><b>Sale items<\/b><\/p>\n<!-- \/wp:paragraph -->\n\n<!-- wp:paragraph -->\n<p>Only regular priced items may be refunded. Sale items cannot be refunded.<\/p>\n<!-- \/wp:paragraph -->\n\n<!-- wp:paragraph -->\n<p><h2>Exchanges<\/h2><\/p>\n<!-- \/wp:paragraph -->\n\n<!-- wp:paragraph -->\n<p>We only replace items if they are defective or damaged. If you need to exchange it for the same item, send us an email at {email address} and send your item to: {physical address}.<\/p>\n<!-- \/wp:paragraph -->\n\n<!-- wp:paragraph -->\n<p><h2>Gifts<\/h2><\/p>\n<!-- \/wp:paragraph -->\n\n<!-- wp:paragraph -->\n<p>If the item was marked as a gift when purchased and shipped directly to you, you\u2019ll receive a gift credit for the value of your return. Once the returned item is received, a gift certificate will be mailed to you.<\/p>\n<!-- \/wp:paragraph -->\n\n<!-- wp:paragraph -->\n<p>If the item wasn\u2019t marked as a gift when purchased, or the gift giver had the order shipped to themselves to give to you later, we will send a refund to the gift giver and they will find out about your return.<\/p>\n<!-- \/wp:paragraph -->\n\n<!-- wp:paragraph -->\n<p><h2>Shipping returns<\/h2><\/p>\n<!-- \/wp:paragraph -->\n\n<!-- wp:paragraph -->\n<p>To return your product, you should mail your product to: {physical address}.<\/p>\n<!-- \/wp:paragraph -->\n\n<!-- wp:paragraph -->\n<p>You will be responsible for paying for your own shipping costs for returning your item. Shipping costs are non-refundable. If you receive a refund, the cost of return shipping will be deducted from your refund.<\/p>\n<!-- \/wp:paragraph -->\n\n<!-- wp:paragraph -->\n<p>Depending on where you live, the time it may take for your exchanged product to reach you may vary.<\/p>\n<!-- \/wp:paragraph -->\n\n<!-- wp:paragraph -->\n<p>If you are returning more expensive items, you may consider using a trackable shipping service or purchasing shipping insurance. We don\u2019t guarantee that we will receive your returned item.<\/p>\n<!-- \/wp:paragraph -->\n\n<!-- wp:paragraph -->\n<p><h2>Need help?<\/h2><\/p>\n<!-- \/wp:paragraph -->\n\n<!-- wp:paragraph -->\n<p>Contact us at {email} for questions related to refunds and returns.<\/p>\n<!-- \/wp:paragraph -->","_et_gb_content_width":"","footnotes":""},"class_list":["post-45","page","type-page","status-publish","hentry"],"yoast_head":"<!-- This site is optimized with the Yoast SEO plugin v25.4 - https:\/\/yoast.com\/wordpress\/plugins\/seo\/ -->\n<title>Allgemeine Gesch\u00e4ftsbedingungen (AGB) - esterhazywein.at<\/title>\n<meta name=\"robots\" content=\"index, follow, max-snippet:-1, max-image-preview:large, max-video-preview:-1\" \/>\n<link rel=\"canonical\" href=\"https:\/\/esterhazywein.at\/en\/agb\/\" \/>\n<meta property=\"og:locale\" content=\"en_GB\" \/>\n<meta property=\"og:type\" content=\"article\" \/>\n<meta property=\"og:title\" content=\"Allgemeine Gesch\u00e4ftsbedingungen (AGB) - esterhazywein.at\" \/>\n<meta property=\"og:description\" content=\"Allgemeine Gesch\u00e4ftsbedingungen (AGB) der Esterhazy Wein GmbH &nbsp; &nbsp; &nbsp; 1. Geltungsbereich &nbsp; Die \u00fcber die Website angebotenen Waren der Esterhazy Wein GmbH, Trausdorf 1, 7061 Trausdorf an der Wulka, weingut@esterhazywein.at (&quot;Esterhazy Wein&quot;, &quot;wir&quot;, &quot;uns&quot;) erfolgen ausschlie\u00dflich auf Grund dieser AGB. Erg\u00e4nzende oder abweichende Vereinbarungen bed\u00fcrfen zu ihrer Rechtswirksamkeit der Schriftform. Durch Anklicken des entsprechenden [&hellip;]\" \/>\n<meta property=\"og:url\" content=\"https:\/\/esterhazywein.at\/en\/agb\/\" \/>\n<meta property=\"og:site_name\" content=\"esterhazywein.at\" \/>\n<meta property=\"article:modified_time\" content=\"2025-04-30T12:01:28+00:00\" \/>\n<meta name=\"twitter:card\" content=\"summary_large_image\" \/>\n<meta name=\"twitter:label1\" content=\"Estimated reading time\" \/>\n\t<meta name=\"twitter:data1\" content=\"8 minutes\" \/>\n<script type=\"application\/ld+json\" class=\"yoast-schema-graph\">{\"@context\":\"https:\/\/schema.org\",\"@graph\":[{\"@type\":\"WebPage\",\"@id\":\"https:\/\/esterhazywein.at\/agb\/\",\"url\":\"https:\/\/esterhazywein.at\/agb\/\",\"name\":\"Allgemeine Gesch\u00e4ftsbedingungen (AGB) - esterhazywein.at\",\"isPartOf\":{\"@id\":\"https:\/\/esterhazywein.at\/#website\"},\"datePublished\":\"2023-01-29T15:06:41+00:00\",\"dateModified\":\"2025-04-30T12:01:28+00:00\",\"breadcrumb\":{\"@id\":\"https:\/\/esterhazywein.at\/agb\/#breadcrumb\"},\"inLanguage\":\"en-GB\",\"potentialAction\":[{\"@type\":\"ReadAction\",\"target\":[\"https:\/\/esterhazywein.at\/agb\/\"]}]},{\"@type\":\"BreadcrumbList\",\"@id\":\"https:\/\/esterhazywein.at\/agb\/#breadcrumb\",\"itemListElement\":[{\"@type\":\"ListItem\",\"position\":1,\"name\":\"Home\",\"item\":\"https:\/\/esterhazywein.at\/\"},{\"@type\":\"ListItem\",\"position\":2,\"name\":\"Allgemeine Gesch\u00e4ftsbedingungen (AGB)\"}]},{\"@type\":\"WebSite\",\"@id\":\"https:\/\/esterhazywein.at\/#website\",\"url\":\"https:\/\/esterhazywein.at\/\",\"name\":\"esterhazywein.at\",\"description\":\"Weingut Esterhazy\",\"potentialAction\":[{\"@type\":\"SearchAction\",\"target\":{\"@type\":\"EntryPoint\",\"urlTemplate\":\"https:\/\/esterhazywein.at\/?s={search_term_string}\"},\"query-input\":{\"@type\":\"PropertyValueSpecification\",\"valueRequired\":true,\"valueName\":\"search_term_string\"}}],\"inLanguage\":\"en-GB\"}]}<\/script>\n<!-- \/ Yoast SEO plugin. -->","yoast_head_json":{"title":"Allgemeine Gesch\u00e4ftsbedingungen (AGB) - esterhazywein.at","robots":{"index":"index","follow":"follow","max-snippet":"max-snippet:-1","max-image-preview":"max-image-preview:large","max-video-preview":"max-video-preview:-1"},"canonical":"https:\/\/esterhazywein.at\/en\/agb\/","og_locale":"en_GB","og_type":"article","og_title":"Allgemeine Gesch\u00e4ftsbedingungen (AGB) - esterhazywein.at","og_description":"Allgemeine Gesch\u00e4ftsbedingungen (AGB) der Esterhazy Wein GmbH &nbsp; &nbsp; &nbsp; 1. Geltungsbereich &nbsp; Die \u00fcber die Website angebotenen Waren der Esterhazy Wein GmbH, Trausdorf 1, 7061 Trausdorf an der Wulka, weingut@esterhazywein.at (\"Esterhazy Wein\", \"wir\", \"uns\") erfolgen ausschlie\u00dflich auf Grund dieser AGB. Erg\u00e4nzende oder abweichende Vereinbarungen bed\u00fcrfen zu ihrer Rechtswirksamkeit der Schriftform. Durch Anklicken des entsprechenden [&hellip;]","og_url":"https:\/\/esterhazywein.at\/en\/agb\/","og_site_name":"esterhazywein.at","article_modified_time":"2025-04-30T12:01:28+00:00","twitter_card":"summary_large_image","twitter_misc":{"Estimated reading time":"8 minutes"},"schema":{"@context":"https:\/\/schema.org","@graph":[{"@type":"WebPage","@id":"https:\/\/esterhazywein.at\/agb\/","url":"https:\/\/esterhazywein.at\/agb\/","name":"Allgemeine Gesch\u00e4ftsbedingungen (AGB) - esterhazywein.at","isPartOf":{"@id":"https:\/\/esterhazywein.at\/#website"},"datePublished":"2023-01-29T15:06:41+00:00","dateModified":"2025-04-30T12:01:28+00:00","breadcrumb":{"@id":"https:\/\/esterhazywein.at\/agb\/#breadcrumb"},"inLanguage":"en-GB","potentialAction":[{"@type":"ReadAction","target":["https:\/\/esterhazywein.at\/agb\/"]}]},{"@type":"BreadcrumbList","@id":"https:\/\/esterhazywein.at\/agb\/#breadcrumb","itemListElement":[{"@type":"ListItem","position":1,"name":"Home","item":"https:\/\/esterhazywein.at\/"},{"@type":"ListItem","position":2,"name":"Allgemeine Gesch\u00e4ftsbedingungen (AGB)"}]},{"@type":"WebSite","@id":"https:\/\/esterhazywein.at\/#website","url":"https:\/\/esterhazywein.at\/","name":"esterhazywein.at","description":"Weingut Esterhazy","potentialAction":[{"@type":"SearchAction","target":{"@type":"EntryPoint","urlTemplate":"https:\/\/esterhazywein.at\/?s={search_term_string}"},"query-input":{"@type":"PropertyValueSpecification","valueRequired":true,"valueName":"search_term_string"}}],"inLanguage":"en-GB"}]}},"jetpack_sharing_enabled":true,"_links":{"self":[{"href":"https:\/\/esterhazywein.at\/en\/wp-json\/wp\/v2\/pages\/45","targetHints":{"allow":["GET"]}}],"collection":[{"href":"https:\/\/esterhazywein.at\/en\/wp-json\/wp\/v2\/pages"}],"about":[{"href":"https:\/\/esterhazywein.at\/en\/wp-json\/wp\/v2\/types\/page"}],"author":[{"embeddable":true,"href":"https:\/\/esterhazywein.at\/en\/wp-json\/wp\/v2\/users\/1"}],"replies":[{"embeddable":true,"href":"https:\/\/esterhazywein.at\/en\/wp-json\/wp\/v2\/comments?post=45"}],"version-history":[{"count":10,"href":"https:\/\/esterhazywein.at\/en\/wp-json\/wp\/v2\/pages\/45\/revisions"}],"predecessor-version":[{"id":227839,"href":"https:\/\/esterhazywein.at\/en\/wp-json\/wp\/v2\/pages\/45\/revisions\/227839"}],"wp:attachment":[{"href":"https:\/\/esterhazywein.at\/en\/wp-json\/wp\/v2\/media?parent=45"}],"curies":[{"name":"wp","href":"https:\/\/api.w.org\/{rel}","templated":true}]}}