{"id":931,"date":"2023-03-29T23:47:01","date_gmt":"2023-03-29T21:47:01","guid":{"rendered":"https:\/\/beta.esterhazywein.at\/?page_id=931"},"modified":"2025-06-13T00:23:36","modified_gmt":"2025-06-12T22:23:36","slug":"lagen-ried-follikberg-groshoflein","status":"publish","type":"page","link":"https:\/\/esterhazywein.at\/en\/lagen-ried-follikberg-groshoflein\/","title":{"rendered":"Ried Herrschaftsbreite"},"content":{"rendered":"<p>[et_pb_section fb_built=&#8220;1&#8243; _builder_version=&#8220;4.24.2&#8243; _module_preset=&#8220;default&#8220; background_image=&#8220;https:\/\/esterhazywein.at\/wp-content\/uploads\/2024\/05\/Foellikberg&#8211;e1714995231503.jpg&#8220; min_height=&#8220;427px&#8220; custom_padding=&#8220;||235px|||&#8220; global_colors_info=&#8220;{}&#8220;][\/et_pb_section][et_pb_section fb_built=&#8220;1&#8243; _builder_version=&#8220;4.20.2&#8243; _module_preset=&#8220;default&#8220; min_height=&#8220;584.7px&#8220; global_colors_info=&#8220;{}&#8220;][et_pb_row _builder_version=&#8220;4.20.2&#8243; _module_preset=&#8220;default&#8220; global_colors_info=&#8220;{}&#8220;][et_pb_column type=&#8220;4_4&#8243; _builder_version=&#8220;4.20.2&#8243; _module_preset=&#8220;default&#8220; global_colors_info=&#8220;{}&#8220;][et_pb_text _builder_version=&#8220;4.24.2&#8243; _module_preset=&#8220;default&#8220; header_2_font=&#8220;Corporate A bold||||||||&#8220; header_2_text_align=&#8220;center&#8220; header_2_font_size=&#8220;30px&#8220; global_colors_info=&#8220;{}&#8220;]<\/p>\n<h2 style=\"text-align: left;\">Single vineyard Herrschaftsbreite \u2013 Grossh\u00f6flein<\/h2>\n<p>[\/et_pb_text][et_pb_text _builder_version=&#8220;4.24.2&#8243; _module_preset=&#8220;default&#8220; text_font=&#8220;Futura LP Pro book||||||||&#8220; text_font_size=&#8220;17px&#8220; global_colors_info=&#8220;{}&#8220;]<\/p>\n<p><strong>Soil type<\/strong>: Schwarzerde auf L\u00f6ss und Feinsediment<\/p>\n<p><strong>Soil character<\/strong>: calcareous marly clay soil<\/p>\n<p><strong>Other soil properties<\/strong>: topsoil 40-45 cm thick, black, very humus-rich, loamy, moderately calcareous - good water retention; subsoil cream-coloured, light brown-yellow, very calcareous with weathered, greyish, fine limestone<\/p>\n<p><strong>Sea level<\/strong>: 205m<\/p>\n<p><strong>Direction<\/strong>: southwest and northeast<\/p>\n<p><strong>Slope inclination<\/strong>: 2-3%<\/p>\n<p><strong>Variety<\/strong>: Blaufr\u00e4nkisch, Gr\u00fcner Veltliner, Pinot Noir, Pinot Blanc, M\u00fcller Thurgau, Zweigelt<\/p>\n<p><strong>Planting<\/strong>: 1989-2017<\/p>\n<p><strong>Education<\/strong>: Guyot, Doppel-Guyot und Doppel-Kordon<\/p>\n<p>[\/et_pb_text][\/et_pb_column][\/et_pb_row][\/et_pb_section]<\/p>","protected":false},"excerpt":{"rendered":"<p>Ried Herrschaftsbreite &#8211; Gro\u00dfh\u00f6fleinBodentyp: Schwarzerde auf L\u00f6ss und Feinsediment Bodenart: kalkmergeliger Lehmboden Sonstige Bodeneigenschaften: Oberboden 40-45 cm dick, schwarzer, sehr humusreicher, lemig, m\u00e4\u00dfig kalkhaltig &#8211; gut wasserspeichernd; Unterboden cremefarbig-hellbraun-gelb, sehr kalkhaltig mit verwittertem, grusigem, feinem Kalkstein Seeh\u00f6he: 205m Ausrichtung: S\u00fcdwest und Nordost Hangneigung: 2-3% Sorte: Blaufr\u00e4nkisch, Gr\u00fcner Veltliner, Pinot Noir, Pinot Blanc, M\u00fcller Thurgau, Zweigelt [&hellip;]<\/p>","protected":false},"author":1,"featured_media":0,"parent":0,"menu_order":0,"comment_status":"closed","ping_status":"closed","template":"","meta":{"_et_pb_use_builder":"on","_et_pb_old_content":"","_et_gb_content_width":"","footnotes":""},"class_list":["post-931","page","type-page","status-publish","hentry"],"yoast_head":"<!-- This site is optimized with the Yoast SEO plugin v25.4 - https:\/\/yoast.com\/wordpress\/plugins\/seo\/ -->\n<title>Ried Herrschaftsbreite - esterhazywein.at<\/title>\n<meta name=\"robots\" content=\"index, follow, max-snippet:-1, max-image-preview:large, max-video-preview:-1\" \/>\n<link rel=\"canonical\" href=\"https:\/\/esterhazywein.at\/en\/lagen-ried-follikberg-groshoflein\/\" \/>\n<meta property=\"og:locale\" content=\"en_GB\" \/>\n<meta property=\"og:type\" content=\"article\" \/>\n<meta property=\"og:title\" content=\"Ried Herrschaftsbreite - esterhazywein.at\" \/>\n<meta property=\"og:description\" content=\"Ried Herrschaftsbreite - Gro\u00dfh\u00f6fleinBodentyp: Schwarzerde auf L\u00f6ss und Feinsediment Bodenart: kalkmergeliger Lehmboden Sonstige Bodeneigenschaften: Oberboden 40-45 cm dick, schwarzer, sehr humusreicher, lemig, m\u00e4\u00dfig kalkhaltig - gut wasserspeichernd; Unterboden cremefarbig-hellbraun-gelb, sehr kalkhaltig mit verwittertem, grusigem, feinem Kalkstein Seeh\u00f6he: 205m Ausrichtung: S\u00fcdwest und Nordost Hangneigung: 2-3% Sorte: Blaufr\u00e4nkisch, Gr\u00fcner Veltliner, Pinot Noir, Pinot Blanc, M\u00fcller Thurgau, Zweigelt [&hellip;]\" \/>\n<meta property=\"og:url\" content=\"https:\/\/esterhazywein.at\/en\/lagen-ried-follikberg-groshoflein\/\" \/>\n<meta property=\"og:site_name\" content=\"esterhazywein.at\" \/>\n<meta property=\"article:modified_time\" content=\"2025-06-12T22:23:36+00:00\" \/>\n<meta name=\"twitter:card\" content=\"summary_large_image\" \/>\n<meta name=\"twitter:label1\" content=\"Estimated reading time\" \/>\n\t<meta name=\"twitter:data1\" content=\"1 minute\" \/>\n<script type=\"application\/ld+json\" class=\"yoast-schema-graph\">{\"@context\":\"https:\/\/schema.org\",\"@graph\":[{\"@type\":\"WebPage\",\"@id\":\"https:\/\/esterhazywein.at\/lagen-ried-follikberg-groshoflein\/\",\"url\":\"https:\/\/esterhazywein.at\/lagen-ried-follikberg-groshoflein\/\",\"name\":\"Ried Herrschaftsbreite - esterhazywein.at\",\"isPartOf\":{\"@id\":\"https:\/\/esterhazywein.at\/#website\"},\"datePublished\":\"2023-03-29T21:47:01+00:00\",\"dateModified\":\"2025-06-12T22:23:36+00:00\",\"breadcrumb\":{\"@id\":\"https:\/\/esterhazywein.at\/lagen-ried-follikberg-groshoflein\/#breadcrumb\"},\"inLanguage\":\"en-GB\",\"potentialAction\":[{\"@type\":\"ReadAction\",\"target\":[\"https:\/\/esterhazywein.at\/lagen-ried-follikberg-groshoflein\/\"]}]},{\"@type\":\"BreadcrumbList\",\"@id\":\"https:\/\/esterhazywein.at\/lagen-ried-follikberg-groshoflein\/#breadcrumb\",\"itemListElement\":[{\"@type\":\"ListItem\",\"position\":1,\"name\":\"Home\",\"item\":\"https:\/\/esterhazywein.at\/\"},{\"@type\":\"ListItem\",\"position\":2,\"name\":\"Ried Herrschaftsbreite\"}]},{\"@type\":\"WebSite\",\"@id\":\"https:\/\/esterhazywein.at\/#website\",\"url\":\"https:\/\/esterhazywein.at\/\",\"name\":\"esterhazywein.at\",\"description\":\"Weingut Esterhazy\",\"potentialAction\":[{\"@type\":\"SearchAction\",\"target\":{\"@type\":\"EntryPoint\",\"urlTemplate\":\"https:\/\/esterhazywein.at\/?s={search_term_string}\"},\"query-input\":{\"@type\":\"PropertyValueSpecification\",\"valueRequired\":true,\"valueName\":\"search_term_string\"}}],\"inLanguage\":\"en-GB\"}]}<\/script>\n<!-- \/ Yoast SEO plugin. -->","yoast_head_json":{"title":"Ried Herrschaftsbreite - esterhazywein.at","robots":{"index":"index","follow":"follow","max-snippet":"max-snippet:-1","max-image-preview":"max-image-preview:large","max-video-preview":"max-video-preview:-1"},"canonical":"https:\/\/esterhazywein.at\/en\/lagen-ried-follikberg-groshoflein\/","og_locale":"en_GB","og_type":"article","og_title":"Ried Herrschaftsbreite - esterhazywein.at","og_description":"Ried Herrschaftsbreite - Gro\u00dfh\u00f6fleinBodentyp: Schwarzerde auf L\u00f6ss und Feinsediment Bodenart: kalkmergeliger Lehmboden Sonstige Bodeneigenschaften: Oberboden 40-45 cm dick, schwarzer, sehr humusreicher, lemig, m\u00e4\u00dfig kalkhaltig - gut wasserspeichernd; Unterboden cremefarbig-hellbraun-gelb, sehr kalkhaltig mit verwittertem, grusigem, feinem Kalkstein Seeh\u00f6he: 205m Ausrichtung: S\u00fcdwest und Nordost Hangneigung: 2-3% Sorte: Blaufr\u00e4nkisch, Gr\u00fcner Veltliner, Pinot Noir, Pinot Blanc, M\u00fcller Thurgau, Zweigelt [&hellip;]","og_url":"https:\/\/esterhazywein.at\/en\/lagen-ried-follikberg-groshoflein\/","og_site_name":"esterhazywein.at","article_modified_time":"2025-06-12T22:23:36+00:00","twitter_card":"summary_large_image","twitter_misc":{"Estimated reading time":"1 minute"},"schema":{"@context":"https:\/\/schema.org","@graph":[{"@type":"WebPage","@id":"https:\/\/esterhazywein.at\/lagen-ried-follikberg-groshoflein\/","url":"https:\/\/esterhazywein.at\/lagen-ried-follikberg-groshoflein\/","name":"Ried Herrschaftsbreite - esterhazywein.at","isPartOf":{"@id":"https:\/\/esterhazywein.at\/#website"},"datePublished":"2023-03-29T21:47:01+00:00","dateModified":"2025-06-12T22:23:36+00:00","breadcrumb":{"@id":"https:\/\/esterhazywein.at\/lagen-ried-follikberg-groshoflein\/#breadcrumb"},"inLanguage":"en-GB","potentialAction":[{"@type":"ReadAction","target":["https:\/\/esterhazywein.at\/lagen-ried-follikberg-groshoflein\/"]}]},{"@type":"BreadcrumbList","@id":"https:\/\/esterhazywein.at\/lagen-ried-follikberg-groshoflein\/#breadcrumb","itemListElement":[{"@type":"ListItem","position":1,"name":"Home","item":"https:\/\/esterhazywein.at\/"},{"@type":"ListItem","position":2,"name":"Ried Herrschaftsbreite"}]},{"@type":"WebSite","@id":"https:\/\/esterhazywein.at\/#website","url":"https:\/\/esterhazywein.at\/","name":"esterhazywein.at","description":"Weingut Esterhazy","potentialAction":[{"@type":"SearchAction","target":{"@type":"EntryPoint","urlTemplate":"https:\/\/esterhazywein.at\/?s={search_term_string}"},"query-input":{"@type":"PropertyValueSpecification","valueRequired":true,"valueName":"search_term_string"}}],"inLanguage":"en-GB"}]}},"jetpack_sharing_enabled":true,"_links":{"self":[{"href":"https:\/\/esterhazywein.at\/en\/wp-json\/wp\/v2\/pages\/931","targetHints":{"allow":["GET"]}}],"collection":[{"href":"https:\/\/esterhazywein.at\/en\/wp-json\/wp\/v2\/pages"}],"about":[{"href":"https:\/\/esterhazywein.at\/en\/wp-json\/wp\/v2\/types\/page"}],"author":[{"embeddable":true,"href":"https:\/\/esterhazywein.at\/en\/wp-json\/wp\/v2\/users\/1"}],"replies":[{"embeddable":true,"href":"https:\/\/esterhazywein.at\/en\/wp-json\/wp\/v2\/comments?post=931"}],"version-history":[{"count":12,"href":"https:\/\/esterhazywein.at\/en\/wp-json\/wp\/v2\/pages\/931\/revisions"}],"predecessor-version":[{"id":227993,"href":"https:\/\/esterhazywein.at\/en\/wp-json\/wp\/v2\/pages\/931\/revisions\/227993"}],"wp:attachment":[{"href":"https:\/\/esterhazywein.at\/en\/wp-json\/wp\/v2\/media?parent=931"}],"curies":[{"name":"wp","href":"https:\/\/api.w.org\/{rel}","templated":true}]}}