{"id":945,"date":"2023-03-30T00:04:17","date_gmt":"2023-03-29T22:04:17","guid":{"rendered":"https:\/\/beta.esterhazywein.at\/?page_id=945"},"modified":"2025-05-26T12:04:45","modified_gmt":"2025-05-26T10:04:45","slug":"lagen-ried-pirichen-oslip","status":"publish","type":"page","link":"https:\/\/esterhazywein.at\/en\/lagen-ried-pirichen-oslip\/","title":{"rendered":"Ried Pirichen \"Burg Roy\""},"content":{"rendered":"<p>[et_pb_section fb_built=&#8220;1&#8243; _builder_version=&#8220;4.24.2&#8243; _module_preset=&#8220;default&#8220; background_image=&#8220;https:\/\/esterhazywein.at\/wp-content\/uploads\/2024\/08\/Pirichen-1-von-5.jpg&#8220; min_height=&#8220;562px&#8220; custom_padding=&#8220;||235px|||&#8220; global_colors_info=&#8220;{}&#8220;][\/et_pb_section][et_pb_section fb_built=&#8220;1&#8243; _builder_version=&#8220;4.20.2&#8243; _module_preset=&#8220;default&#8220; min_height=&#8220;380.5px&#8220; global_colors_info=&#8220;{}&#8220;][et_pb_row _builder_version=&#8220;4.20.2&#8243; _module_preset=&#8220;default&#8220; global_colors_info=&#8220;{}&#8220;][et_pb_column type=&#8220;4_4&#8243; _builder_version=&#8220;4.20.2&#8243; _module_preset=&#8220;default&#8220; global_colors_info=&#8220;{}&#8220;][et_pb_text _builder_version=&#8220;4.24.2&#8243; _module_preset=&#8220;default&#8220; header_2_font=&#8220;Corporate A bold||||||||&#8220; header_2_text_align=&#8220;center&#8220; hover_enabled=&#8220;0&#8243; global_colors_info=&#8220;{}&#8220; header_2_font_size=&#8220;30px&#8220; sticky_enabled=&#8220;0&#8243;]<\/p>\n<h2 style=\"text-align: left;\">Single vineyard Pirichen - Oslip<\/h2>\n<p>[\/et_pb_text][et_pb_text _builder_version=&#8220;4.24.2&#8243; _module_preset=&#8220;default&#8220; text_font=&#8220;Futura LP Pro book||||||||&#8220; text_font_size=&#8220;17px&#8220; hover_enabled=&#8220;0&#8243; global_colors_info=&#8220;{}&#8220; sticky_enabled=&#8220;0&#8243;]<\/p>\n<p><strong>Soil type<\/strong>: Rendzina<\/p>\n<p><strong>Soil character<\/strong>: Leithakalk<\/p>\n<p><strong>Other soil properties<\/strong>: mineral-rich forest soil on limestone<\/p>\n<p><strong>Gesamtgr\u00f6\u00dfe<\/strong>: 3,6 ha<\/p>\n<p><strong>Sea level<\/strong>: 319-355 m<\/p>\n<p><strong>Direction<\/strong>: south and southeast<\/p>\n<p><strong>Slope inclination<\/strong>: 18-25%<\/p>\n<p><strong>Variety<\/strong>: Chardonnay, Blaufr\u00e4nkisch, Pinot Noir, Furmint<\/p>\n<p><strong>Planting<\/strong>: 2021<\/p>\n<p><strong>Education<\/strong>: Palmette<\/p>\n<p><strong>First mention<\/strong>: medieval village of Pirichendorf (from 1200 to 1415)<\/p>\n<p>[\/et_pb_text][\/et_pb_column][\/et_pb_row][\/et_pb_section]<\/p>","protected":false},"excerpt":{"rendered":"<p>Ried Pirichen &#8211; OslipBodentyp: Rendzina Bodenart: Leithakalk Sonstige Bodeneigenschaften: karger Unterboden mit einer d\u00fcnnen, jedoch sehr aktiven Humusoberschicht Gesamtgr\u00f6\u00dfe: 3,6 ha Seeh\u00f6he: 319-355 m Ausrichtung: S\u00fcd und S\u00fcdost Hangneigung: 18-25% Sorte: Chardonnay, Blaufr\u00e4nkisch, Pinot Noir, Furmint Pflanzung: 2021 Erziehung: Palmette Erste Erw\u00e4hnung: mittelalterliches Dorf Pirichendorf (von 1200 bis 1415)<\/p>","protected":false},"author":1,"featured_media":0,"parent":0,"menu_order":0,"comment_status":"closed","ping_status":"closed","template":"","meta":{"_et_pb_use_builder":"on","_et_pb_old_content":"","_et_gb_content_width":"","footnotes":""},"class_list":["post-945","page","type-page","status-publish","hentry"],"yoast_head":"<!-- This site is optimized with the Yoast SEO plugin v25.4 - https:\/\/yoast.com\/wordpress\/plugins\/seo\/ -->\n<title>Ried Pirichen - esterhazywein.at<\/title>\n<meta name=\"robots\" content=\"index, follow, max-snippet:-1, max-image-preview:large, max-video-preview:-1\" \/>\n<link rel=\"canonical\" href=\"https:\/\/esterhazywein.at\/en\/lagen-ried-pirichen-oslip\/\" \/>\n<meta property=\"og:locale\" content=\"en_GB\" \/>\n<meta property=\"og:type\" content=\"article\" \/>\n<meta property=\"og:title\" content=\"Ried Pirichen - esterhazywein.at\" \/>\n<meta property=\"og:description\" content=\"Ried Pirichen - OslipBodentyp: Rendzina Bodenart: Leithakalk Sonstige Bodeneigenschaften: karger Unterboden mit einer d\u00fcnnen, jedoch sehr aktiven Humusoberschicht Gesamtgr\u00f6\u00dfe: 3,6 ha Seeh\u00f6he: 319-355 m Ausrichtung: S\u00fcd und S\u00fcdost Hangneigung: 18-25% Sorte: Chardonnay, Blaufr\u00e4nkisch, Pinot Noir, Furmint Pflanzung: 2021 Erziehung: Palmette Erste Erw\u00e4hnung: mittelalterliches Dorf Pirichendorf (von 1200 bis 1415)\" \/>\n<meta property=\"og:url\" content=\"https:\/\/esterhazywein.at\/en\/lagen-ried-pirichen-oslip\/\" \/>\n<meta property=\"og:site_name\" content=\"esterhazywein.at\" \/>\n<meta property=\"article:modified_time\" content=\"2025-05-26T10:04:45+00:00\" \/>\n<meta name=\"twitter:card\" content=\"summary_large_image\" \/>\n<script type=\"application\/ld+json\" class=\"yoast-schema-graph\">{\"@context\":\"https:\/\/schema.org\",\"@graph\":[{\"@type\":\"WebPage\",\"@id\":\"https:\/\/esterhazywein.at\/lagen-ried-pirichen-oslip\/\",\"url\":\"https:\/\/esterhazywein.at\/lagen-ried-pirichen-oslip\/\",\"name\":\"Ried Pirichen - esterhazywein.at\",\"isPartOf\":{\"@id\":\"https:\/\/esterhazywein.at\/#website\"},\"datePublished\":\"2023-03-29T22:04:17+00:00\",\"dateModified\":\"2025-05-26T10:04:45+00:00\",\"breadcrumb\":{\"@id\":\"https:\/\/esterhazywein.at\/lagen-ried-pirichen-oslip\/#breadcrumb\"},\"inLanguage\":\"en-GB\",\"potentialAction\":[{\"@type\":\"ReadAction\",\"target\":[\"https:\/\/esterhazywein.at\/lagen-ried-pirichen-oslip\/\"]}]},{\"@type\":\"BreadcrumbList\",\"@id\":\"https:\/\/esterhazywein.at\/lagen-ried-pirichen-oslip\/#breadcrumb\",\"itemListElement\":[{\"@type\":\"ListItem\",\"position\":1,\"name\":\"Home\",\"item\":\"https:\/\/esterhazywein.at\/\"},{\"@type\":\"ListItem\",\"position\":2,\"name\":\"Ried Pirichen\"}]},{\"@type\":\"WebSite\",\"@id\":\"https:\/\/esterhazywein.at\/#website\",\"url\":\"https:\/\/esterhazywein.at\/\",\"name\":\"esterhazywein.at\",\"description\":\"Weingut Esterhazy\",\"potentialAction\":[{\"@type\":\"SearchAction\",\"target\":{\"@type\":\"EntryPoint\",\"urlTemplate\":\"https:\/\/esterhazywein.at\/?s={search_term_string}\"},\"query-input\":{\"@type\":\"PropertyValueSpecification\",\"valueRequired\":true,\"valueName\":\"search_term_string\"}}],\"inLanguage\":\"en-GB\"}]}<\/script>\n<!-- \/ Yoast SEO plugin. -->","yoast_head_json":{"title":"Ried Pirichen - esterhazywein.at","robots":{"index":"index","follow":"follow","max-snippet":"max-snippet:-1","max-image-preview":"max-image-preview:large","max-video-preview":"max-video-preview:-1"},"canonical":"https:\/\/esterhazywein.at\/en\/lagen-ried-pirichen-oslip\/","og_locale":"en_GB","og_type":"article","og_title":"Ried Pirichen - esterhazywein.at","og_description":"Ried Pirichen - OslipBodentyp: Rendzina Bodenart: Leithakalk Sonstige Bodeneigenschaften: karger Unterboden mit einer d\u00fcnnen, jedoch sehr aktiven Humusoberschicht Gesamtgr\u00f6\u00dfe: 3,6 ha Seeh\u00f6he: 319-355 m Ausrichtung: S\u00fcd und S\u00fcdost Hangneigung: 18-25% Sorte: Chardonnay, Blaufr\u00e4nkisch, Pinot Noir, Furmint Pflanzung: 2021 Erziehung: Palmette Erste Erw\u00e4hnung: mittelalterliches Dorf Pirichendorf (von 1200 bis 1415)","og_url":"https:\/\/esterhazywein.at\/en\/lagen-ried-pirichen-oslip\/","og_site_name":"esterhazywein.at","article_modified_time":"2025-05-26T10:04:45+00:00","twitter_card":"summary_large_image","schema":{"@context":"https:\/\/schema.org","@graph":[{"@type":"WebPage","@id":"https:\/\/esterhazywein.at\/lagen-ried-pirichen-oslip\/","url":"https:\/\/esterhazywein.at\/lagen-ried-pirichen-oslip\/","name":"Ried Pirichen - esterhazywein.at","isPartOf":{"@id":"https:\/\/esterhazywein.at\/#website"},"datePublished":"2023-03-29T22:04:17+00:00","dateModified":"2025-05-26T10:04:45+00:00","breadcrumb":{"@id":"https:\/\/esterhazywein.at\/lagen-ried-pirichen-oslip\/#breadcrumb"},"inLanguage":"en-GB","potentialAction":[{"@type":"ReadAction","target":["https:\/\/esterhazywein.at\/lagen-ried-pirichen-oslip\/"]}]},{"@type":"BreadcrumbList","@id":"https:\/\/esterhazywein.at\/lagen-ried-pirichen-oslip\/#breadcrumb","itemListElement":[{"@type":"ListItem","position":1,"name":"Home","item":"https:\/\/esterhazywein.at\/"},{"@type":"ListItem","position":2,"name":"Ried Pirichen"}]},{"@type":"WebSite","@id":"https:\/\/esterhazywein.at\/#website","url":"https:\/\/esterhazywein.at\/","name":"esterhazywein.at","description":"Weingut Esterhazy","potentialAction":[{"@type":"SearchAction","target":{"@type":"EntryPoint","urlTemplate":"https:\/\/esterhazywein.at\/?s={search_term_string}"},"query-input":{"@type":"PropertyValueSpecification","valueRequired":true,"valueName":"search_term_string"}}],"inLanguage":"en-GB"}]}},"jetpack_sharing_enabled":true,"_links":{"self":[{"href":"https:\/\/esterhazywein.at\/en\/wp-json\/wp\/v2\/pages\/945","targetHints":{"allow":["GET"]}}],"collection":[{"href":"https:\/\/esterhazywein.at\/en\/wp-json\/wp\/v2\/pages"}],"about":[{"href":"https:\/\/esterhazywein.at\/en\/wp-json\/wp\/v2\/types\/page"}],"author":[{"embeddable":true,"href":"https:\/\/esterhazywein.at\/en\/wp-json\/wp\/v2\/users\/1"}],"replies":[{"embeddable":true,"href":"https:\/\/esterhazywein.at\/en\/wp-json\/wp\/v2\/comments?post=945"}],"version-history":[{"count":9,"href":"https:\/\/esterhazywein.at\/en\/wp-json\/wp\/v2\/pages\/945\/revisions"}],"predecessor-version":[{"id":227946,"href":"https:\/\/esterhazywein.at\/en\/wp-json\/wp\/v2\/pages\/945\/revisions\/227946"}],"wp:attachment":[{"href":"https:\/\/esterhazywein.at\/en\/wp-json\/wp\/v2\/media?parent=945"}],"curies":[{"name":"wp","href":"https:\/\/api.w.org\/{rel}","templated":true}]}}