{"id":953,"date":"2023-03-30T00:23:34","date_gmt":"2023-03-29T22:23:34","guid":{"rendered":"https:\/\/beta.esterhazywein.at\/?page_id=953"},"modified":"2025-05-26T12:03:19","modified_gmt":"2025-05-26T10:03:19","slug":"lagen-ried-schildten-st-georgen","status":"publish","type":"page","link":"https:\/\/esterhazywein.at\/en\/lagen-ried-schildten-st-georgen\/","title":{"rendered":"Ried Schildten"},"content":{"rendered":"<p>[et_pb_section fb_built=&#8220;1&#8243; _builder_version=&#8220;4.24.2&#8243; _module_preset=&#8220;default&#8220; background_image=&#8220;https:\/\/esterhazywein.at\/wp-content\/uploads\/2024\/08\/Schildten-5-von-7.jpg&#8220; min_height=&#8220;487px&#8220; custom_padding=&#8220;||235px|||&#8220; global_colors_info=&#8220;{}&#8220;][\/et_pb_section][et_pb_section fb_built=&#8220;1&#8243; _builder_version=&#8220;4.20.2&#8243; _module_preset=&#8220;default&#8220; global_colors_info=&#8220;{}&#8220;][et_pb_row _builder_version=&#8220;4.20.2&#8243; _module_preset=&#8220;default&#8220; global_colors_info=&#8220;{}&#8220;][et_pb_column type=&#8220;4_4&#8243; _builder_version=&#8220;4.20.2&#8243; _module_preset=&#8220;default&#8220; global_colors_info=&#8220;{}&#8220;][et_pb_text _builder_version=&#8220;4.24.2&#8243; _module_preset=&#8220;default&#8220; header_2_font=&#8220;Corporate A bold||||||||&#8220; header_2_text_align=&#8220;center&#8220; hover_enabled=&#8220;0&#8243; global_colors_info=&#8220;{}&#8220; header_2_font_size=&#8220;30px&#8220; sticky_enabled=&#8220;0&#8243;]<\/p>\n<h2 style=\"text-align: left;\">Single vineyard Schildten - Sankt Georgen<\/h2>\n<p>[\/et_pb_text][et_pb_text _builder_version=&#8220;4.24.2&#8243; _module_preset=&#8220;default&#8220; text_font=&#8220;Futura LP Pro book||||||||&#8220; text_font_size=&#8220;17px&#8220; hover_enabled=&#8220;0&#8243; global_colors_info=&#8220;{}&#8220; sticky_enabled=&#8220;0&#8243;]<\/p>\n<p><strong>Soil type<\/strong>: loose sediment brown earth, partly Rendzina and Ranker<\/p>\n<p><strong>Soil character<\/strong>: loamy sand on top, sandy loam below<\/p>\n<p><strong>Other soil properties<\/strong>: a small, upper part is rather barren; the larger, lower part, on the other hand, is rich in humus and loamy. The loam has a strong, brown colour; the entire soil profile is interspersed with fine and coarse limestone (shell limestone).<\/p>\n<p><strong>Sea level<\/strong>: 170-206 m<\/p>\n<p><strong>Direction<\/strong>: southwest<\/p>\n<p><strong>Slope inclination<\/strong>: 10%<\/p>\n<p><strong>Variety<\/strong>: Blaufr\u00e4nkisch<\/p>\n<p><strong>Planting<\/strong>: 1996<\/p>\n<p><strong>Education<\/strong>: Doppel Guyot<\/p>\n<p><strong>First mention<\/strong>: 1570 &#8211; Schildt Huet<\/p>\n<p>[\/et_pb_text][\/et_pb_column][\/et_pb_row][\/et_pb_section]<\/p>","protected":false},"excerpt":{"rendered":"<p>Ried Schildten &#8211; Sankt GeorgenBodentyp: Lockersediment-Braunerde, teilweise Rendzina und Ranker Bodenart: oben lehmiger Sand, unten sandiger Lehm Sonstige Bodeneigenschaften: ein kleiner, oberer Teil ist eher karg; der gr\u00f6\u00dferer, untere Teil ist hingegen humusreich und lehmig. Der Lehm hat eine kr\u00e4ftige, braune Farbe; das gesamte Bodenprofil ist mit feinem und groben Kalkstein (Muschelkalk) druchzogen. Seeh\u00f6he: 170-206 [&hellip;]<\/p>","protected":false},"author":1,"featured_media":0,"parent":0,"menu_order":0,"comment_status":"closed","ping_status":"closed","template":"","meta":{"_et_pb_use_builder":"on","_et_pb_old_content":"","_et_gb_content_width":"","footnotes":""},"class_list":["post-953","page","type-page","status-publish","hentry"],"yoast_head":"<!-- This site is optimized with the Yoast SEO plugin v25.4 - https:\/\/yoast.com\/wordpress\/plugins\/seo\/ -->\n<title>Ried Schildten - esterhazywein.at<\/title>\n<meta name=\"robots\" content=\"index, follow, max-snippet:-1, max-image-preview:large, max-video-preview:-1\" \/>\n<link rel=\"canonical\" href=\"https:\/\/esterhazywein.at\/en\/lagen-ried-schildten-st-georgen\/\" \/>\n<meta property=\"og:locale\" content=\"en_GB\" \/>\n<meta property=\"og:type\" content=\"article\" \/>\n<meta property=\"og:title\" content=\"Ried Schildten - esterhazywein.at\" \/>\n<meta property=\"og:description\" content=\"Ried Schildten - Sankt GeorgenBodentyp: Lockersediment-Braunerde, teilweise Rendzina und Ranker Bodenart: oben lehmiger Sand, unten sandiger Lehm Sonstige Bodeneigenschaften: ein kleiner, oberer Teil ist eher karg; der gr\u00f6\u00dferer, untere Teil ist hingegen humusreich und lehmig. Der Lehm hat eine kr\u00e4ftige, braune Farbe; das gesamte Bodenprofil ist mit feinem und groben Kalkstein (Muschelkalk) druchzogen. Seeh\u00f6he: 170-206 [&hellip;]\" \/>\n<meta property=\"og:url\" content=\"https:\/\/esterhazywein.at\/en\/lagen-ried-schildten-st-georgen\/\" \/>\n<meta property=\"og:site_name\" content=\"esterhazywein.at\" \/>\n<meta property=\"article:modified_time\" content=\"2025-05-26T10:03:19+00:00\" \/>\n<meta name=\"twitter:card\" content=\"summary_large_image\" \/>\n<script type=\"application\/ld+json\" class=\"yoast-schema-graph\">{\"@context\":\"https:\/\/schema.org\",\"@graph\":[{\"@type\":\"WebPage\",\"@id\":\"https:\/\/esterhazywein.at\/lagen-ried-schildten-st-georgen\/\",\"url\":\"https:\/\/esterhazywein.at\/lagen-ried-schildten-st-georgen\/\",\"name\":\"Ried Schildten - esterhazywein.at\",\"isPartOf\":{\"@id\":\"https:\/\/esterhazywein.at\/#website\"},\"datePublished\":\"2023-03-29T22:23:34+00:00\",\"dateModified\":\"2025-05-26T10:03:19+00:00\",\"breadcrumb\":{\"@id\":\"https:\/\/esterhazywein.at\/lagen-ried-schildten-st-georgen\/#breadcrumb\"},\"inLanguage\":\"en-GB\",\"potentialAction\":[{\"@type\":\"ReadAction\",\"target\":[\"https:\/\/esterhazywein.at\/lagen-ried-schildten-st-georgen\/\"]}]},{\"@type\":\"BreadcrumbList\",\"@id\":\"https:\/\/esterhazywein.at\/lagen-ried-schildten-st-georgen\/#breadcrumb\",\"itemListElement\":[{\"@type\":\"ListItem\",\"position\":1,\"name\":\"Home\",\"item\":\"https:\/\/esterhazywein.at\/\"},{\"@type\":\"ListItem\",\"position\":2,\"name\":\"Ried Schildten\"}]},{\"@type\":\"WebSite\",\"@id\":\"https:\/\/esterhazywein.at\/#website\",\"url\":\"https:\/\/esterhazywein.at\/\",\"name\":\"esterhazywein.at\",\"description\":\"Weingut Esterhazy\",\"potentialAction\":[{\"@type\":\"SearchAction\",\"target\":{\"@type\":\"EntryPoint\",\"urlTemplate\":\"https:\/\/esterhazywein.at\/?s={search_term_string}\"},\"query-input\":{\"@type\":\"PropertyValueSpecification\",\"valueRequired\":true,\"valueName\":\"search_term_string\"}}],\"inLanguage\":\"en-GB\"}]}<\/script>\n<!-- \/ Yoast SEO plugin. -->","yoast_head_json":{"title":"Ried Schildten - esterhazywein.at","robots":{"index":"index","follow":"follow","max-snippet":"max-snippet:-1","max-image-preview":"max-image-preview:large","max-video-preview":"max-video-preview:-1"},"canonical":"https:\/\/esterhazywein.at\/en\/lagen-ried-schildten-st-georgen\/","og_locale":"en_GB","og_type":"article","og_title":"Ried Schildten - esterhazywein.at","og_description":"Ried Schildten - Sankt GeorgenBodentyp: Lockersediment-Braunerde, teilweise Rendzina und Ranker Bodenart: oben lehmiger Sand, unten sandiger Lehm Sonstige Bodeneigenschaften: ein kleiner, oberer Teil ist eher karg; der gr\u00f6\u00dferer, untere Teil ist hingegen humusreich und lehmig. Der Lehm hat eine kr\u00e4ftige, braune Farbe; das gesamte Bodenprofil ist mit feinem und groben Kalkstein (Muschelkalk) druchzogen. Seeh\u00f6he: 170-206 [&hellip;]","og_url":"https:\/\/esterhazywein.at\/en\/lagen-ried-schildten-st-georgen\/","og_site_name":"esterhazywein.at","article_modified_time":"2025-05-26T10:03:19+00:00","twitter_card":"summary_large_image","schema":{"@context":"https:\/\/schema.org","@graph":[{"@type":"WebPage","@id":"https:\/\/esterhazywein.at\/lagen-ried-schildten-st-georgen\/","url":"https:\/\/esterhazywein.at\/lagen-ried-schildten-st-georgen\/","name":"Ried Schildten - esterhazywein.at","isPartOf":{"@id":"https:\/\/esterhazywein.at\/#website"},"datePublished":"2023-03-29T22:23:34+00:00","dateModified":"2025-05-26T10:03:19+00:00","breadcrumb":{"@id":"https:\/\/esterhazywein.at\/lagen-ried-schildten-st-georgen\/#breadcrumb"},"inLanguage":"en-GB","potentialAction":[{"@type":"ReadAction","target":["https:\/\/esterhazywein.at\/lagen-ried-schildten-st-georgen\/"]}]},{"@type":"BreadcrumbList","@id":"https:\/\/esterhazywein.at\/lagen-ried-schildten-st-georgen\/#breadcrumb","itemListElement":[{"@type":"ListItem","position":1,"name":"Home","item":"https:\/\/esterhazywein.at\/"},{"@type":"ListItem","position":2,"name":"Ried Schildten"}]},{"@type":"WebSite","@id":"https:\/\/esterhazywein.at\/#website","url":"https:\/\/esterhazywein.at\/","name":"esterhazywein.at","description":"Weingut Esterhazy","potentialAction":[{"@type":"SearchAction","target":{"@type":"EntryPoint","urlTemplate":"https:\/\/esterhazywein.at\/?s={search_term_string}"},"query-input":{"@type":"PropertyValueSpecification","valueRequired":true,"valueName":"search_term_string"}}],"inLanguage":"en-GB"}]}},"jetpack_sharing_enabled":true,"_links":{"self":[{"href":"https:\/\/esterhazywein.at\/en\/wp-json\/wp\/v2\/pages\/953","targetHints":{"allow":["GET"]}}],"collection":[{"href":"https:\/\/esterhazywein.at\/en\/wp-json\/wp\/v2\/pages"}],"about":[{"href":"https:\/\/esterhazywein.at\/en\/wp-json\/wp\/v2\/types\/page"}],"author":[{"embeddable":true,"href":"https:\/\/esterhazywein.at\/en\/wp-json\/wp\/v2\/users\/1"}],"replies":[{"embeddable":true,"href":"https:\/\/esterhazywein.at\/en\/wp-json\/wp\/v2\/comments?post=953"}],"version-history":[{"count":7,"href":"https:\/\/esterhazywein.at\/en\/wp-json\/wp\/v2\/pages\/953\/revisions"}],"predecessor-version":[{"id":227943,"href":"https:\/\/esterhazywein.at\/en\/wp-json\/wp\/v2\/pages\/953\/revisions\/227943"}],"wp:attachment":[{"href":"https:\/\/esterhazywein.at\/en\/wp-json\/wp\/v2\/media?parent=953"}],"curies":[{"name":"wp","href":"https:\/\/api.w.org\/{rel}","templated":true}]}}