{"id":998,"date":"2023-03-30T01:56:54","date_gmt":"2023-03-29T23:56:54","guid":{"rendered":"https:\/\/beta.esterhazywein.at\/?page_id=998"},"modified":"2025-09-16T14:03:09","modified_gmt":"2025-09-16T12:03:09","slug":"unsere-riedenweine","status":"publish","type":"page","link":"https:\/\/esterhazywein.at\/en\/unsere-riedenweine\/","title":{"rendered":"Our Single Vineyard Wines"},"content":{"rendered":"<p>[et_pb_section fb_built=&#8220;1&#8243; _builder_version=&#8220;4.20.2&#8243; _module_preset=&#8220;default&#8220; global_colors_info=&#8220;{}&#8220;][et_pb_row _builder_version=&#8220;4.20.2&#8243; _module_preset=&#8220;default&#8220; global_colors_info=&#8220;{}&#8220;][et_pb_column type=&#8220;4_4&#8243; _builder_version=&#8220;4.20.2&#8243; _module_preset=&#8220;default&#8220; global_colors_info=&#8220;{}&#8220;][et_pb_text _builder_version=&#8220;4.24.2&#8243; _module_preset=&#8220;default&#8220; header_2_font=&#8220;Corporate A bold||||||||&#8220; header_2_font_size=&#8220;35px&#8220; global_colors_info=&#8220;{}&#8220;]<\/p>\n<h2 style=\"text-align: center;\">Our single cru wines<\/h2>\n<p>[\/et_pb_text][et_pb_text _builder_version=&#8220;4.24.2&#8243; _module_preset=&#8220;default&#8220; text_font=&#8220;Futura LP Pro book||||||||&#8220; text_font_size=&#8220;17px&#8220; global_colors_info=&#8220;{}&#8220;]<\/p>\n<p style=\"text-align: center;\">are uncompromising. The terroir, i.e. the interplay of grape variety, microclimate, soil and winemaker, is extremely evident in these wines. Consequently, the princely hat* is now also gold-plated on the label alongside the Vlies and E. In these vineyards, we have the experience of two centuries in some cases. That's why today we only plant grape varieties that optimally convey the character of the vineyard. Minerality, ageability and individuality are always the 3 cornerstones of our vineyard wines. They are only produced in excellent vintages and in very small quantities.<\/p>\n<p style=\"text-align: center;\">\n<p style=\"text-align: center;\"><em>*Each princely hat is unique in its dimensions, shape, colours and details. The design used by the winery corresponds exactly to the princely hat worn by Prince Paul II Anton Esterhazy, as he can be regarded today as the founder of modern viticulture in Burgenland. It was under his leadership that the first varietal and vineyard wines were created and he introduced Pinot Noir to northern Burgenland.<\/em><\/p>\n<p>[\/et_pb_text][et_pb_button button_url=&#8220;https:\/\/esterhazywein.at\/shop\/?wpf=shop_page_filter&#038;wpf_cols=4&#038;wpf_kategorie=riedenwein-wein&#8220; button_text=&#8220;ZU UNSEREN RIEDENWEINEN&#8220; button_alignment=&#8220;center&#8220; _builder_version=&#8220;4.24.2&#8243; custom_button=&#8220;on&#8220; button_text_size=&#8220;14px&#8220; button_text_color=&#8220;#000000&#8243; button_bg_color=&#8220;rgba(0,0,0,0)&#8220; button_border_color=&#8220;#280400&#8243; button_border_radius=&#8220;0px&#8220; button_font=&#8220;Futura LP Pro book||||||||&#8220; button_use_icon=&#8220;off&#8220; custom_padding=&#8220;20px|50px|20px|50px|true|true&#8220; custom_padding_tablet=&#8220;|50px||50px|false|true&#8220; custom_padding_phone=&#8220;16px|40px|16px|40px|true|true&#8220; custom_padding_last_edited=&#8220;off|phone&#8220; button_bg_color_last_edited=&#8220;off|desktop&#8220; locked=&#8220;off&#8220; global_colors_info=&#8220;{}&#8220; button_bg_color__hover_enabled=&#8220;on|hover&#8220; button_bg_color__hover=&#8220;#280400&#8243; button_bg_enable_color__hover=&#8220;on&#8220; button_text_color__hover_enabled=&#8220;on|desktop&#8220; button_text_color__hover=&#8220;#e8e2d7&#8243;][\/et_pb_button][\/et_pb_column][\/et_pb_row][\/et_pb_section][et_pb_section fb_built=&#8220;1&#8243; disabled_on=&#8220;off|off|off&#8220; _builder_version=&#8220;4.24.2&#8243; _module_preset=&#8220;default&#8220; custom_padding=&#8220;||100px||false|false&#8220; locked=&#8220;off&#8220; global_colors_info=&#8220;{}&#8220;][et_pb_row column_structure=&#8220;1_4,1_4,1_4,1_4&#8243; _builder_version=&#8220;4.24.2&#8243; _module_preset=&#8220;default&#8220; custom_padding=&#8220;0px||||false|false&#8220; locked=&#8220;off&#8220; global_colors_info=&#8220;{}&#8220;][et_pb_column type=&#8220;1_4&#8243; _builder_version=&#8220;4.24.2&#8243; _module_preset=&#8220;default&#8220; global_colors_info=&#8220;{}&#8220;][et_pb_image src=&#8220;https:\/\/esterhazywein.at\/wp-content\/uploads\/2024\/04\/15_BF_Rose_RiedHerrschaftsbreite_2023_BIO.png&#8220; alt=&#8220;Produktbild 2023 Ried Herrschaftsbreite Blaufr\u00e4nkisch Ros\u00e9&#8220; title_text=&#8220;2023 Ried Herrschaftsbreite &#8211; Blaufr\u00e4nkisch Ros\u00e9&#8220; url=&#8220;@ET-DC@eyJkeW5hbWljIjp0cnVlLCJjb250ZW50IjoicG9zdF9saW5rX3VybF9wcm9kdWN0Iiwic2V0dGluZ3MiOnsicG9zdF9pZCI6IjIyNTM5MSJ9fQ==@&#8220; align=&#8220;center&#8220; _builder_version=&#8220;4.24.2&#8243; _dynamic_attributes=&#8220;url&#8220; _module_preset=&#8220;default&#8220; height_tablet=&#8220;550px&#8220; height_phone=&#8220;400px&#8220; height_last_edited=&#8220;on|phone&#8220; custom_padding_tablet=&#8220;&#8220; custom_padding_phone=&#8220;75px||||false|false&#8220; custom_padding_last_edited=&#8220;on|phone&#8220; global_colors_info=&#8220;{}&#8220; transform_styles__hover_enabled=&#8220;on|hover&#8220; transform_scale__hover_enabled=&#8220;on|hover&#8220; transform_translate__hover_enabled=&#8220;on|desktop&#8220; transform_rotate__hover_enabled=&#8220;on|desktop&#8220; transform_skew__hover_enabled=&#8220;on|desktop&#8220; transform_origin__hover_enabled=&#8220;on|desktop&#8220; transform_scale__hover=&#8220;103%|103%&#8220;][\/et_pb_image][et_pb_text _builder_version=&#8220;4.24.2&#8243; _module_preset=&#8220;default&#8220; text_font=&#8220;Futura LP Pro book||||||||&#8220; text_text_color=&#8220;#000000&#8243; text_font_size=&#8220;16px&#8220; text_line_height=&#8220;1.3em&#8220; header_2_font=&#8220;Futura LP Pro book||||||||&#8220; custom_margin=&#8220;-8px||||false|false&#8220; custom_padding=&#8220;0px||||false|false&#8220; custom_css_main_element=&#8220;min-height: 61px;&#8220; global_colors_info=&#8220;{}&#8220;]<\/p>\n<p style=\"text-align: center;\"><strong>2023 Ried Herrschaftsbreite \u2013 Blaufr\u00e4nkisch Ros\u00e9<\/strong><\/p>\n<p>[\/et_pb_text][et_pb_text disabled_on=&#8220;off|off|off&#8220; _builder_version=&#8220;4.24.2&#8243; _module_preset=&#8220;default&#8220; hover_enabled=&#8220;0&#8243; custom_css_main_element=&#8220;.custom-pdf-button {||    color: #fff;||    padding: 12px 20px;||    border-radius: 3px;||    text-decoration: none;||\t\tfont-size: 18px;||  \tborder-width: 2px;||}||||&#8220; locked=&#8220;off&#8220; global_colors_info=&#8220;{}&#8220; sticky_enabled=&#8220;0&#8243;]<\/p>\n<p style=\"text-align: center;\"><code data-start=\"1295\" data-end=\"1316\"><a href=\"https:\/\/esterhazywein.at\/wp-content\/uploads\/2025\/05\/2023-BF-Rose-Herrschaftsbreite_EN.pdf\" class=\"et_pb_button custom-pdf-button\" target=\"_blank\">Expertise<\/a><\/code><\/p>\n<p>[\/et_pb_text][\/et_pb_column][et_pb_column type=&#8220;1_4&#8243; _builder_version=&#8220;4.24.2&#8243; _module_preset=&#8220;default&#8220; global_colors_info=&#8220;{}&#8220;][et_pb_image src=&#8220;https:\/\/esterhazywein.at\/wp-content\/uploads\/2024\/04\/Ried-Oberer-Wald-2023_web-BIO_Punkte-alC.png&#8220; alt=&#8220;Produktbild 2023 Ried Herrschaftsbreite Blaufr\u00e4nkisch Ros\u00e9&#8220; title_text=&#8220;Ried Oberer Wald 2023_web BIO_Punkte alC&#8220; url=&#8220;@ET-DC@eyJkeW5hbWljIjp0cnVlLCJjb250ZW50IjoicG9zdF9saW5rX3VybF9wcm9kdWN0Iiwic2V0dGluZ3MiOnsicG9zdF9pZCI6IjIyODA3OCJ9fQ==@&#8220; align=&#8220;center&#8220; _builder_version=&#8220;4.27.4&#8243; _dynamic_attributes=&#8220;url&#8220; _module_preset=&#8220;default&#8220; height_tablet=&#8220;550px&#8220; height_phone=&#8220;400px&#8220; height_last_edited=&#8220;on|phone&#8220; custom_padding_tablet=&#8220;&#8220; custom_padding_phone=&#8220;75px||||false|false&#8220; custom_padding_last_edited=&#8220;on|phone&#8220; global_colors_info=&#8220;{}&#8220; transform_styles__hover_enabled=&#8220;on|hover&#8220; transform_scale__hover_enabled=&#8220;on|hover&#8220; transform_translate__hover_enabled=&#8220;on|desktop&#8220; transform_rotate__hover_enabled=&#8220;on|desktop&#8220; transform_skew__hover_enabled=&#8220;on|desktop&#8220; transform_origin__hover_enabled=&#8220;on|desktop&#8220; transform_scale__hover=&#8220;103%|103%&#8220;][\/et_pb_image][et_pb_text _builder_version=&#8220;4.27.4&#8243; _module_preset=&#8220;default&#8220; text_font=&#8220;Futura LP Pro book||||||||&#8220; text_text_color=&#8220;#000000&#8243; text_font_size=&#8220;16px&#8220; text_line_height=&#8220;1.3em&#8220; header_2_font=&#8220;Futura LP Pro book||||||||&#8220; custom_margin=&#8220;-8px||||false|false&#8220; custom_padding=&#8220;0px||||false|false&#8220; custom_css_main_element=&#8220;min-height: 61px;&#8220; global_colors_info=&#8220;{}&#8220;]<\/p>\n<p style=\"text-align: center;\"><strong>2023 Ried Oberer Wald \u2013 Pinot Blanc Leithaberg DAC<\/strong><\/p>\n<p>[\/et_pb_text][et_pb_text disabled_on=&#8220;off|off|off&#8220; _builder_version=&#8220;4.27.4&#8243; _module_preset=&#8220;default&#8220; hover_enabled=&#8220;0&#8243; custom_css_main_element=&#8220;.custom-pdf-button {||    color: #fff;||    padding: 12px 20px;||    border-radius: 3px;||    text-decoration: none;||\t\tfont-size: 18px;||  \tborder-width: 2px;||}||||&#8220; locked=&#8220;off&#8220; global_colors_info=&#8220;{}&#8220; sticky_enabled=&#8220;0&#8243;]<\/p>\n<p style=\"text-align: center;\"><code data-start=\"1295\" data-end=\"1316\"><a href=\"https:\/\/esterhazywein.at\/wp-content\/uploads\/2025\/09\/2023-Ried-Oberer-Wald-PB_EN.pdf\" class=\"et_pb_button custom-pdf-button\" target=\"_blank\">Expertise<\/a><\/code><\/p>\n<p>[\/et_pb_text][\/et_pb_column][et_pb_column type=&#8220;1_4&#8243; _builder_version=&#8220;4.24.2&#8243; _module_preset=&#8220;default&#8220; global_colors_info=&#8220;{}&#8220;][et_pb_image src=&#8220;https:\/\/esterhazywein.at\/wp-content\/uploads\/2024\/04\/Ried-Lamer-2023_web-BIO-1.png&#8220; alt=&#8220;Produktbild 2022 Ried Lamer Chardonnay&#8220; title_text=&#8220;Ried Lamer 2023_web BIO&#8220; url=&#8220;@ET-DC@eyJkeW5hbWljIjp0cnVlLCJjb250ZW50IjoicG9zdF9saW5rX3VybF9wcm9kdWN0Iiwic2V0dGluZ3MiOnsicG9zdF9pZCI6IjIyODA4MSJ9fQ==@&#8220; align=&#8220;center&#8220; _builder_version=&#8220;4.27.4&#8243; _dynamic_attributes=&#8220;url&#8220; _module_preset=&#8220;default&#8220; height_tablet=&#8220;550px&#8220; height_phone=&#8220;400px&#8220; height_last_edited=&#8220;on|phone&#8220; custom_padding_tablet=&#8220;&#8220; custom_padding_phone=&#8220;75px||||false|false&#8220; custom_padding_last_edited=&#8220;on|phone&#8220; global_colors_info=&#8220;{}&#8220; transform_styles__hover_enabled=&#8220;on|hover&#8220; transform_scale__hover_enabled=&#8220;on|hover&#8220; transform_translate__hover_enabled=&#8220;on|desktop&#8220; transform_rotate__hover_enabled=&#8220;on|desktop&#8220; transform_skew__hover_enabled=&#8220;on|desktop&#8220; transform_origin__hover_enabled=&#8220;on|desktop&#8220; transform_scale__hover=&#8220;103%|103%&#8220;][\/et_pb_image][et_pb_text _builder_version=&#8220;4.27.4&#8243; _module_preset=&#8220;default&#8220; text_font=&#8220;Futura LP Pro book||||||||&#8220; text_text_color=&#8220;#000000&#8243; text_font_size=&#8220;16px&#8220; text_line_height=&#8220;1.3em&#8220; header_2_font=&#8220;Futura LP Pro book||||||||&#8220; custom_margin=&#8220;-8px||||false|false&#8220; custom_padding=&#8220;0px||||false|false&#8220; custom_css_main_element=&#8220;min-height: 61px;&#8220; global_colors_info=&#8220;{}&#8220;]<\/p>\n<p style=\"text-align: center;\"><strong>2023 Ried Lamer \u2013 Chardonnay Leithaberg DAC<\/strong><\/p>\n<p>[\/et_pb_text][et_pb_text disabled_on=&#8220;off|off|off&#8220; _builder_version=&#8220;4.24.2&#8243; _module_preset=&#8220;default&#8220; custom_css_main_element=&#8220;.custom-pdf-button {||    color: #fff;||    padding: 12px 20px;||    border-radius: 3px;||    text-decoration: none;||\t\tfont-size: 18px;||  \tborder-width: 2px;||}||||&#8220; locked=&#8220;off&#8220; global_colors_info=&#8220;{}&#8220;]<\/p>\n<p style=\"text-align: center;\"><code data-start=\"1295\" data-end=\"1316\"><a href=\"https:\/\/esterhazywein.at\/wp-content\/uploads\/2025\/09\/2023-Ried-Lamer-CH_EN.pdf\" class=\"et_pb_button custom-pdf-button\" target=\"_blank\">Expertise<\/a><\/code><\/p>\n<p>[\/et_pb_text][\/et_pb_column][et_pb_column type=&#8220;1_4&#8243; _builder_version=&#8220;4.24.2&#8243; _module_preset=&#8220;default&#8220; global_colors_info=&#8220;{}&#8220;][et_pb_image src=&#8220;https:\/\/esterhazywein.at\/wp-content\/uploads\/2024\/04\/Ried-Schilten-2023_web-BIO.png&#8220; alt=&#8220;Produktbild 2022 Ried Schlidten Blaufr\u00e4nkisch&#8220; title_text=&#8220;Ried Schilten 2023_web BIO&#8220; url=&#8220;@ET-DC@eyJkeW5hbWljIjp0cnVlLCJjb250ZW50IjoicG9zdF9saW5rX3VybF9wcm9kdWN0Iiwic2V0dGluZ3MiOnsicG9zdF9pZCI6IjIyODIzNCJ9fQ==@&#8220; align=&#8220;center&#8220; _builder_version=&#8220;4.27.4&#8243; _dynamic_attributes=&#8220;url&#8220; _module_preset=&#8220;default&#8220; height_tablet=&#8220;550px&#8220; height_phone=&#8220;400px&#8220; height_last_edited=&#8220;on|phone&#8220; custom_padding_tablet=&#8220;100px||||false|false&#8220; custom_padding_phone=&#8220;75px||||false|false&#8220; custom_padding_last_edited=&#8220;on|tablet&#8220; global_colors_info=&#8220;{}&#8220; transform_styles__hover_enabled=&#8220;on|hover&#8220; transform_scale__hover_enabled=&#8220;on|hover&#8220; transform_translate__hover_enabled=&#8220;on|desktop&#8220; transform_rotate__hover_enabled=&#8220;on|desktop&#8220; transform_skew__hover_enabled=&#8220;on|desktop&#8220; transform_origin__hover_enabled=&#8220;on|desktop&#8220; transform_scale__hover=&#8220;103%|103%&#8220;][\/et_pb_image][et_pb_text _builder_version=&#8220;4.27.4&#8243; _module_preset=&#8220;default&#8220; text_font=&#8220;Futura LP Pro book||||||||&#8220; text_text_color=&#8220;#000000&#8243; text_font_size=&#8220;16px&#8220; text_line_height=&#8220;1.3em&#8220; header_2_font=&#8220;Futura LP Pro book||||||||&#8220; custom_margin=&#8220;-8px||||false|false&#8220; custom_padding=&#8220;0px||||false|false&#8220; custom_css_main_element=&#8220;min-height: 61px;&#8220; global_colors_info=&#8220;{}&#8220;]<\/p>\n<p style=\"text-align: center;\"><strong>2023 Ried Schildten \u2013 Blaufr\u00e4nkisch Leithaberg DAC *limitiert*<\/strong><\/p>\n<p>[\/et_pb_text][et_pb_text disabled_on=&#8220;off|off|off&#8220; _builder_version=&#8220;4.24.2&#8243; _module_preset=&#8220;default&#8220; custom_css_main_element=&#8220;.custom-pdf-button {||    color: #fff;||    padding: 12px 20px;||    border-radius: 3px;||    text-decoration: none;||\t\tfont-size: 18px;||  \tborder-width: 2px;||}||||&#8220; locked=&#8220;off&#8220; global_colors_info=&#8220;{}&#8220;]<\/p>\n<p style=\"text-align: center;\"><code data-start=\"1295\" data-end=\"1316\"><a href=\"https:\/\/esterhazywein.at\/wp-content\/uploads\/2025\/09\/2023-Ried-Schildten-BF_EN.pdf\" class=\"et_pb_button custom-pdf-button\" target=\"_blank\">Expertise<\/a><\/code><\/p>\n<p>[\/et_pb_text][\/et_pb_column][\/et_pb_row][\/et_pb_section]<\/p>","protected":false},"excerpt":{"rendered":"<p>Unsere Riedenweinesind kompromisslos. Das Terroir, also das Zusammenspiel aus Rebsorte, Mikroklima, Boden und Winzer, ist in diesen Weinen au\u00dferordentlich deutlich wahrnehmbar. Folgerichtig ist auf dem Etikett neben Vlies und E nun auch der F\u00fcrstenhut* vergoldet. In diesen Rieden besitzen wir die Erfahrungswerte aus teilweise 2 Jahrhunderten. Daher haben wir heute dort ausschlie\u00dflich Rebsorten stehen, die [&hellip;]<\/p>","protected":false},"author":1,"featured_media":0,"parent":0,"menu_order":0,"comment_status":"closed","ping_status":"closed","template":"","meta":{"_et_pb_use_builder":"on","_et_pb_old_content":"","_et_gb_content_width":"","footnotes":""},"class_list":["post-998","page","type-page","status-publish","hentry"],"yoast_head":"<!-- This site is optimized with the Yoast SEO plugin v25.4 - https:\/\/yoast.com\/wordpress\/plugins\/seo\/ -->\n<title>unsere Riedenweine - esterhazywein.at<\/title>\n<meta name=\"robots\" content=\"index, follow, max-snippet:-1, max-image-preview:large, max-video-preview:-1\" \/>\n<link rel=\"canonical\" href=\"https:\/\/esterhazywein.at\/en\/unsere-riedenweine\/\" \/>\n<meta property=\"og:locale\" content=\"en_GB\" \/>\n<meta property=\"og:type\" content=\"article\" \/>\n<meta property=\"og:title\" content=\"unsere Riedenweine - esterhazywein.at\" \/>\n<meta property=\"og:description\" content=\"Unsere Riedenweinesind kompromisslos. Das Terroir, also das Zusammenspiel aus Rebsorte, Mikroklima, Boden und Winzer, ist in diesen Weinen au\u00dferordentlich deutlich wahrnehmbar. Folgerichtig ist auf dem Etikett neben Vlies und E nun auch der F\u00fcrstenhut* vergoldet. In diesen Rieden besitzen wir die Erfahrungswerte aus teilweise 2 Jahrhunderten. Daher haben wir heute dort ausschlie\u00dflich Rebsorten stehen, die [&hellip;]\" \/>\n<meta property=\"og:url\" content=\"https:\/\/esterhazywein.at\/en\/unsere-riedenweine\/\" \/>\n<meta property=\"og:site_name\" content=\"esterhazywein.at\" \/>\n<meta property=\"article:modified_time\" content=\"2025-09-16T12:03:09+00:00\" \/>\n<meta name=\"twitter:card\" content=\"summary_large_image\" \/>\n<script type=\"application\/ld+json\" class=\"yoast-schema-graph\">{\"@context\":\"https:\/\/schema.org\",\"@graph\":[{\"@type\":\"WebPage\",\"@id\":\"https:\/\/esterhazywein.at\/unsere-riedenweine\/\",\"url\":\"https:\/\/esterhazywein.at\/unsere-riedenweine\/\",\"name\":\"unsere Riedenweine - esterhazywein.at\",\"isPartOf\":{\"@id\":\"https:\/\/esterhazywein.at\/#website\"},\"datePublished\":\"2023-03-29T23:56:54+00:00\",\"dateModified\":\"2025-09-16T12:03:09+00:00\",\"breadcrumb\":{\"@id\":\"https:\/\/esterhazywein.at\/unsere-riedenweine\/#breadcrumb\"},\"inLanguage\":\"en-GB\",\"potentialAction\":[{\"@type\":\"ReadAction\",\"target\":[\"https:\/\/esterhazywein.at\/unsere-riedenweine\/\"]}]},{\"@type\":\"BreadcrumbList\",\"@id\":\"https:\/\/esterhazywein.at\/unsere-riedenweine\/#breadcrumb\",\"itemListElement\":[{\"@type\":\"ListItem\",\"position\":1,\"name\":\"Home\",\"item\":\"https:\/\/esterhazywein.at\/\"},{\"@type\":\"ListItem\",\"position\":2,\"name\":\"unsere Riedenweine\"}]},{\"@type\":\"WebSite\",\"@id\":\"https:\/\/esterhazywein.at\/#website\",\"url\":\"https:\/\/esterhazywein.at\/\",\"name\":\"esterhazywein.at\",\"description\":\"Weingut Esterhazy\",\"potentialAction\":[{\"@type\":\"SearchAction\",\"target\":{\"@type\":\"EntryPoint\",\"urlTemplate\":\"https:\/\/esterhazywein.at\/?s={search_term_string}\"},\"query-input\":{\"@type\":\"PropertyValueSpecification\",\"valueRequired\":true,\"valueName\":\"search_term_string\"}}],\"inLanguage\":\"en-GB\"}]}<\/script>\n<!-- \/ Yoast SEO plugin. -->","yoast_head_json":{"title":"unsere Riedenweine - esterhazywein.at","robots":{"index":"index","follow":"follow","max-snippet":"max-snippet:-1","max-image-preview":"max-image-preview:large","max-video-preview":"max-video-preview:-1"},"canonical":"https:\/\/esterhazywein.at\/en\/unsere-riedenweine\/","og_locale":"en_GB","og_type":"article","og_title":"unsere Riedenweine - esterhazywein.at","og_description":"Unsere Riedenweinesind kompromisslos. Das Terroir, also das Zusammenspiel aus Rebsorte, Mikroklima, Boden und Winzer, ist in diesen Weinen au\u00dferordentlich deutlich wahrnehmbar. Folgerichtig ist auf dem Etikett neben Vlies und E nun auch der F\u00fcrstenhut* vergoldet. In diesen Rieden besitzen wir die Erfahrungswerte aus teilweise 2 Jahrhunderten. Daher haben wir heute dort ausschlie\u00dflich Rebsorten stehen, die [&hellip;]","og_url":"https:\/\/esterhazywein.at\/en\/unsere-riedenweine\/","og_site_name":"esterhazywein.at","article_modified_time":"2025-09-16T12:03:09+00:00","twitter_card":"summary_large_image","schema":{"@context":"https:\/\/schema.org","@graph":[{"@type":"WebPage","@id":"https:\/\/esterhazywein.at\/unsere-riedenweine\/","url":"https:\/\/esterhazywein.at\/unsere-riedenweine\/","name":"unsere Riedenweine - esterhazywein.at","isPartOf":{"@id":"https:\/\/esterhazywein.at\/#website"},"datePublished":"2023-03-29T23:56:54+00:00","dateModified":"2025-09-16T12:03:09+00:00","breadcrumb":{"@id":"https:\/\/esterhazywein.at\/unsere-riedenweine\/#breadcrumb"},"inLanguage":"en-GB","potentialAction":[{"@type":"ReadAction","target":["https:\/\/esterhazywein.at\/unsere-riedenweine\/"]}]},{"@type":"BreadcrumbList","@id":"https:\/\/esterhazywein.at\/unsere-riedenweine\/#breadcrumb","itemListElement":[{"@type":"ListItem","position":1,"name":"Home","item":"https:\/\/esterhazywein.at\/"},{"@type":"ListItem","position":2,"name":"unsere Riedenweine"}]},{"@type":"WebSite","@id":"https:\/\/esterhazywein.at\/#website","url":"https:\/\/esterhazywein.at\/","name":"esterhazywein.at","description":"Weingut Esterhazy","potentialAction":[{"@type":"SearchAction","target":{"@type":"EntryPoint","urlTemplate":"https:\/\/esterhazywein.at\/?s={search_term_string}"},"query-input":{"@type":"PropertyValueSpecification","valueRequired":true,"valueName":"search_term_string"}}],"inLanguage":"en-GB"}]}},"jetpack_sharing_enabled":true,"_links":{"self":[{"href":"https:\/\/esterhazywein.at\/en\/wp-json\/wp\/v2\/pages\/998","targetHints":{"allow":["GET"]}}],"collection":[{"href":"https:\/\/esterhazywein.at\/en\/wp-json\/wp\/v2\/pages"}],"about":[{"href":"https:\/\/esterhazywein.at\/en\/wp-json\/wp\/v2\/types\/page"}],"author":[{"embeddable":true,"href":"https:\/\/esterhazywein.at\/en\/wp-json\/wp\/v2\/users\/1"}],"replies":[{"embeddable":true,"href":"https:\/\/esterhazywein.at\/en\/wp-json\/wp\/v2\/comments?post=998"}],"version-history":[{"count":19,"href":"https:\/\/esterhazywein.at\/en\/wp-json\/wp\/v2\/pages\/998\/revisions"}],"predecessor-version":[{"id":228482,"href":"https:\/\/esterhazywein.at\/en\/wp-json\/wp\/v2\/pages\/998\/revisions\/228482"}],"wp:attachment":[{"href":"https:\/\/esterhazywein.at\/en\/wp-json\/wp\/v2\/media?parent=998"}],"curies":[{"name":"wp","href":"https:\/\/api.w.org\/{rel}","templated":true}]}}